{"id":720644,"date":"2025-08-27T18:38:57","date_gmt":"2025-08-27T15:38:57","guid":{"rendered":"https:\/\/roveyayinevi.com.tr\/index.php\/urun\/yonetim-felsefesi\/"},"modified":"2026-04-16T02:28:41","modified_gmt":"2026-04-15T23:28:41","slug":"yonetim-felsefesi","status":"publish","type":"product","link":"https:\/\/roveyayinevi.com.tr\/index.php\/urun\/yonetim-felsefesi\/","title":{"rendered":"Y\u00f6netim Felsefesi"},"content":{"rendered":"<p>Bu \u00e7al\u0131\u015fmada, harbin y\u00f6netimi, sevk ve idarenin bilim ve sanatla ili\u015fkisi, ordular\u0131n te\u015fkiline ve insan kaynaklar\u0131na dair esaslar ele al\u0131nm\u0131\u015f ve askeri sevk ve idarenin bile\u015fenleri ortaya konulmu\u015ftur. Bu \u00e7al\u0131\u015fmada, Mare\u015fal Mustafa Kemal Atat\u00fcrk\u2019\u00fcn e\u015fsiz tan\u0131mlamas\u0131yla mensubu olduklar\u0131 ordular\u0131n ana omurgas\u0131n\u0131, kalbini ve beynini olu\u015fturan, milletinin \u015feref ve itibar\u0131n\u0131n yeminli muhaf\u0131z\u0131 zabitan heyetini merkez eksene almak suretiyle, Gazi Pa\u015fa\u2019n\u0131n perspektifinden sevk ve idarenin esaslar\u0131n\u0131n ve silah arkada\u015fl\u0131\u011f\u0131n\u0131n temel dinamiklerinin, y\u00f6netimin boyutlar\u0131yla bir arada ele al\u0131nmas\u0131 hedeflenmi\u015ftir. \u00c7\u00fcnk\u00fc, T\u00fcrk Silahl\u0131 Kuvvetlerinin ebedi Ba\u015fkomutan\u0131 Mare\u015fal Mustafa Kemal Atat\u00fcrk\u2019t\u00fcr.Mustafa Kemal Atat\u00fcrk, \u2019\u2019Kuvvet ordudur&#8230; Ordunun ruhu zabitandad\u0131r\u2026\u2019\u2019 der. Ne kadar geli\u015fmi\u015f harp silah ve ara\u00e7lar\u0131na sahip olunursa olunsun bir ordunun kuvveti harbiyesi komuta kademesinin kalitesi ve askerlerinin sadakati ile \u00f6l\u00e7\u00fcl\u00fcr.<\/p>\n","protected":false},"excerpt":{"rendered":"<p>Bu \u00e7al\u0131\u015fmada, harbin y\u00f6netimi, sevk ve idarenin bilim ve sanatla ili\u015fkisi, ordular\u0131n te\u015fkiline ve insan kaynaklar\u0131na dair esaslar ele al\u0131nm\u0131\u015f ve askeri sevk ve idarenin bile\u015fenleri<span class=\"excerpt-hellip\"> [\u2026]<\/span><\/p>\n","protected":false},"featured_media":0,"template":"","meta":{"_monsterinsights_skip_tracking":false,"_monsterinsights_sitenote_active":false,"_monsterinsights_sitenote_note":"","_monsterinsights_sitenote_category":0},"product_brand":[],"product_cat":[12337,14706],"product_tag":[],"class_list":{"0":"post-720644","1":"product","2":"type-product","3":"status-publish","5":"product_cat-politika-siyaset","6":"product_cat-siyaset-bilimi","7":"pa_cilt-ciltsiz","8":"pa_tur-kitap","9":"pa_yayinevi-astana-yayinlari","10":"pa_yazar-murat-sengoz","12":"first","13":"instock","14":"sale","15":"shipping-taxable","16":"purchasable","17":"product-type-simple"},"_links":{"self":[{"href":"https:\/\/roveyayinevi.com.tr\/index.php\/wp-json\/wp\/v2\/product\/720644","targetHints":{"allow":["GET"]}}],"collection":[{"href":"https:\/\/roveyayinevi.com.tr\/index.php\/wp-json\/wp\/v2\/product"}],"about":[{"href":"https:\/\/roveyayinevi.com.tr\/index.php\/wp-json\/wp\/v2\/types\/product"}],"wp:attachment":[{"href":"https:\/\/roveyayinevi.com.tr\/index.php\/wp-json\/wp\/v2\/media?parent=720644"}],"wp:term":[{"taxonomy":"product_brand","embeddable":true,"href":"https:\/\/roveyayinevi.com.tr\/index.php\/wp-json\/wp\/v2\/product_brand?post=720644"},{"taxonomy":"product_cat","embeddable":true,"href":"https:\/\/roveyayinevi.com.tr\/index.php\/wp-json\/wp\/v2\/product_cat?post=720644"},{"taxonomy":"product_tag","embeddable":true,"href":"https:\/\/roveyayinevi.com.tr\/index.php\/wp-json\/wp\/v2\/product_tag?post=720644"}],"curies":[{"name":"wp","href":"https:\/\/api.w.org\/{rel}","templated":true}]}}