{"id":720642,"date":"2025-08-27T18:38:55","date_gmt":"2025-08-27T15:38:55","guid":{"rendered":"https:\/\/roveyayinevi.com.tr\/index.php\/urun\/iste-benim-bir-gunum\/"},"modified":"2026-04-16T02:28:41","modified_gmt":"2026-04-15T23:28:41","slug":"iste-benim-bir-gunum","status":"publish","type":"product","link":"https:\/\/roveyayinevi.com.tr\/index.php\/urun\/iste-benim-bir-gunum\/","title":{"rendered":"\u0130\u015fte Benim Bir G\u00fcn\u00fcm"},"content":{"rendered":"<p>D\u00fcnyan\u0131n yedi farkl\u0131 yerinden yedi \u00e7ocu\u011fun bir g\u00fcn\u00fc!Her \u00e7ocu\u011fun bir g\u00fcn\u00fc, yedi\u011fi yemeklerden oynad\u0131\u011f\u0131 oyunlara kadar birbirinden \u00e7ok farkl\u0131 olabilir. Bu kitapta Japonya, \u0130ran, Hindistan, Peru, Uganda, \u0130talya ve Rusya\u2019dan yedi ger\u00e7ek \u00e7ocu\u011fun bir g\u00fcn\u00fc anlat\u0131l\u0131yor. Japonya\u2019da ya\u015fayan \u00e7ocuk kahvalt\u0131da \u0131zgara bal\u0131k yerken Peru\u2019daki \u00e7ocuk tavuklu pilav yiyor. Kimi okula giderken okalipt\u00fcs a\u011fa\u00e7lar\u0131n\u0131n aras\u0131ndan ge\u00e7iyor, kimiyse caddelerde \u00f6zg\u00fcrce gezen ineklerin yan\u0131ndan. Ancak ne kadar farkl\u0131 al\u0131\u015fkanl\u0131klar\u0131m\u0131z olursa olsun hepimiz ayn\u0131 g\u00f6ky\u00fcz\u00fcne bak\u0131yoruz&#8230;Bu kitapta, yedi farkl\u0131 k\u00fclt\u00fcrden \u00e7ocu\u011fun bir g\u00fcn\u00fc k\u0131sa k\u0131sa bilgilerle anlat\u0131l\u0131yor. Birbirimizden ne kadar farkl\u0131 \u015feyler yapt\u0131\u011f\u0131m\u0131z\u0131 g\u00f6rmenin yan\u0131 s\u0131ra, aram\u0131zdaki benzerlikler de okuru \u015fa\u015f\u0131rtacak. Yazar\u0131n yedi \u00e7ocu\u011fa ula\u015farak derledi\u011fi bilgilerden olu\u015fan bu kitap, \u00e7ocuklara farkl\u0131 k\u00fclt\u00fcrleri tan\u0131t\u0131yor ve d\u00fcnyan\u0131n kocaman bir yer oldu\u011funu hat\u0131rlat\u0131yor.<\/p>\n","protected":false},"excerpt":{"rendered":"<p>D\u00fcnyan\u0131n yedi farkl\u0131 yerinden yedi \u00e7ocu\u011fun bir g\u00fcn\u00fc!Her \u00e7ocu\u011fun bir g\u00fcn\u00fc, yedi\u011fi yemeklerden oynad\u0131\u011f\u0131 oyunlara kadar birbirinden \u00e7ok farkl\u0131 olabilir. Bu kitapta Japonya, \u0130ran, Hindistan, Peru,<span class=\"excerpt-hellip\"> [\u2026]<\/span><\/p>\n","protected":false},"featured_media":0,"template":"","meta":{"_monsterinsights_skip_tracking":false,"_monsterinsights_sitenote_active":false,"_monsterinsights_sitenote_note":"","_monsterinsights_sitenote_category":0},"product_brand":[],"product_cat":[12274,12518],"product_tag":[],"class_list":{"0":"post-720642","1":"product","2":"type-product","3":"status-publish","5":"product_cat-cocuk-ve-genclik-kitaplari","6":"product_cat-okul-oncesi-kitaplar","7":"pa_cilt-ciltsiz","8":"pa_tur-kitap","9":"pa_yayinevi-redhouse-kidz-yayinlari","10":"pa_yazar-matt-lamothe","12":"first","13":"instock","14":"sale","15":"shipping-taxable","16":"purchasable","17":"product-type-simple"},"_links":{"self":[{"href":"https:\/\/roveyayinevi.com.tr\/index.php\/wp-json\/wp\/v2\/product\/720642","targetHints":{"allow":["GET"]}}],"collection":[{"href":"https:\/\/roveyayinevi.com.tr\/index.php\/wp-json\/wp\/v2\/product"}],"about":[{"href":"https:\/\/roveyayinevi.com.tr\/index.php\/wp-json\/wp\/v2\/types\/product"}],"wp:attachment":[{"href":"https:\/\/roveyayinevi.com.tr\/index.php\/wp-json\/wp\/v2\/media?parent=720642"}],"wp:term":[{"taxonomy":"product_brand","embeddable":true,"href":"https:\/\/roveyayinevi.com.tr\/index.php\/wp-json\/wp\/v2\/product_brand?post=720642"},{"taxonomy":"product_cat","embeddable":true,"href":"https:\/\/roveyayinevi.com.tr\/index.php\/wp-json\/wp\/v2\/product_cat?post=720642"},{"taxonomy":"product_tag","embeddable":true,"href":"https:\/\/roveyayinevi.com.tr\/index.php\/wp-json\/wp\/v2\/product_tag?post=720642"}],"curies":[{"name":"wp","href":"https:\/\/api.w.org\/{rel}","templated":true}]}}