{"id":720640,"date":"2025-08-27T18:38:54","date_gmt":"2025-08-27T15:38:54","guid":{"rendered":"https:\/\/roveyayinevi.com.tr\/index.php\/urun\/adalet-ve-devlete-itaat\/"},"modified":"2026-04-16T02:28:41","modified_gmt":"2026-04-15T23:28:41","slug":"adalet-ve-devlete-itaat","status":"publish","type":"product","link":"https:\/\/roveyayinevi.com.tr\/index.php\/urun\/adalet-ve-devlete-itaat\/","title":{"rendered":"Adalet ve Devlete \u0130taat"},"content":{"rendered":"<p>Genel Kamu Hukukunda ve siyaset bilimi felsefesinde bilinen baz\u0131 ana kavramlar\u0131n Do\u011fu ve Bat\u0131 siyasal d\u00fc\u015f\u00fcncesinde nas\u0131l bir s\u00fcre\u00e7le \u015fekil ald\u0131\u011f\u0131na odaklanan bu eser sekiz b\u00f6l\u00fcmden olu\u015fmaktad\u0131r. Devlete itaat fikrinin veya devlete itaatsizlik d\u00fc\u015f\u00fcncesinin ne \u015fekilde olu\u015ftu\u011funu, ki\u015filere ve topluma direnme hakk\u0131n\u0131n nas\u0131l verildi\u011fini a\u00e7\u0131klarken Do\u011fu ve Bat\u0131 d\u00fcnyas\u0131n\u0131n \u00f6nemli d\u00fc\u015f\u00fcn\u00fcrlerinin g\u00f6r\u00fc\u015fleri kar\u015f\u0131la\u015ft\u0131rmal\u0131 \u015fekilde incelenmi\u015ftir. Devlete itaatsizlik ve direnme hakk\u0131n\u0131 detayl\u0131ca ara\u015ft\u0131ran bu eserde Hukuk ve Siyaset bilimi disiplininde \u00f6ne \u00e7\u0131kan fikirler detayl\u0131 \u015fekilde ortaya konulmu\u015ftur. Genelde devlet teorisi bilgilerini b\u00fct\u00fcnc\u00fcl \u015fekilde kavramaya yo\u011funla\u015fan ve devletin adalet fonksiyonuna \u0131\u015f\u0131k tutan bu eserin son b\u00f6l\u00fcm\u00fc ise T\u00fcrk hukuk sisteminde kanunsuz emirlere itaat konusunu inceleyerek kamu g\u00f6revlileri a\u00e7\u0131s\u0131ndan pratik sonu\u00e7lar elde etmeyi ama\u00e7lamaktad\u0131r.Bu eserde okura, bireyin devlet ve adalet olgular\u0131na bak\u0131\u015f a\u00e7\u0131s\u0131na \u00e7oklu perspektif sunmas\u0131na ve devlete itaat bilincinin sa\u011flam temellere oturtmas\u0131na yol g\u00f6sterme \u00e7abas\u0131n\u0131 bulacaks\u0131n\u0131z.<\/p>\n","protected":false},"excerpt":{"rendered":"<p>Genel Kamu Hukukunda ve siyaset bilimi felsefesinde bilinen baz\u0131 ana kavramlar\u0131n Do\u011fu ve Bat\u0131 siyasal d\u00fc\u015f\u00fcncesinde nas\u0131l bir s\u00fcre\u00e7le \u015fekil ald\u0131\u011f\u0131na odaklanan bu eser sekiz b\u00f6l\u00fcmden<span class=\"excerpt-hellip\"> [\u2026]<\/span><\/p>\n","protected":false},"featured_media":0,"template":"","meta":{"_monsterinsights_skip_tracking":false,"_monsterinsights_sitenote_active":false,"_monsterinsights_sitenote_note":"","_monsterinsights_sitenote_category":0},"product_brand":[],"product_cat":[15350,17602],"product_tag":[],"class_list":{"0":"post-720640","1":"product","2":"type-product","3":"status-publish","5":"product_cat-hukuk","6":"product_cat-hukuk-uzerine","7":"pa_cilt-ciltsiz","8":"pa_tur-kitap","9":"pa_yayinevi-astana-yayinlari","10":"pa_yazar-mehmet-gunes","12":"first","13":"instock","14":"sale","15":"shipping-taxable","16":"purchasable","17":"product-type-simple"},"_links":{"self":[{"href":"https:\/\/roveyayinevi.com.tr\/index.php\/wp-json\/wp\/v2\/product\/720640","targetHints":{"allow":["GET"]}}],"collection":[{"href":"https:\/\/roveyayinevi.com.tr\/index.php\/wp-json\/wp\/v2\/product"}],"about":[{"href":"https:\/\/roveyayinevi.com.tr\/index.php\/wp-json\/wp\/v2\/types\/product"}],"wp:attachment":[{"href":"https:\/\/roveyayinevi.com.tr\/index.php\/wp-json\/wp\/v2\/media?parent=720640"}],"wp:term":[{"taxonomy":"product_brand","embeddable":true,"href":"https:\/\/roveyayinevi.com.tr\/index.php\/wp-json\/wp\/v2\/product_brand?post=720640"},{"taxonomy":"product_cat","embeddable":true,"href":"https:\/\/roveyayinevi.com.tr\/index.php\/wp-json\/wp\/v2\/product_cat?post=720640"},{"taxonomy":"product_tag","embeddable":true,"href":"https:\/\/roveyayinevi.com.tr\/index.php\/wp-json\/wp\/v2\/product_tag?post=720640"}],"curies":[{"name":"wp","href":"https:\/\/api.w.org\/{rel}","templated":true}]}}