{"id":720638,"date":"2025-08-27T18:38:52","date_gmt":"2025-08-27T15:38:52","guid":{"rendered":"https:\/\/roveyayinevi.com.tr\/index.php\/urun\/halk-dusmanlari-ve-ahlaki-panikler\/"},"modified":"2026-04-16T02:28:41","modified_gmt":"2026-04-15T23:28:41","slug":"halk-dusmanlari-ve-ahlaki-panikler","status":"publish","type":"product","link":"https:\/\/roveyayinevi.com.tr\/index.php\/urun\/halk-dusmanlari-ve-ahlaki-panikler\/","title":{"rendered":"Halk D\u00fc\u015fmanlar\u0131 ve Ahlaki Panikler"},"content":{"rendered":"<p>&#8220;Toplumlar zaman zaman ahlaki panik d\u00f6nemleri ya\u015farlar. Bir durum, olay, ki\u015fi ya da grup, toplumsal de\u011ferlere ve \u00e7\u0131karlara tehdit olarak tan\u0131mlanmaya ba\u015flar. S\u00f6z konusu \u00f6znenin do\u011fas\u0131 medya taraf\u0131ndan stereotiple\u015ftirilerek belirli bir tarzda sunulur. Ahlaki barikatlar ; gazeteciler, din adamlar\u0131, politikac\u0131lar ve di\u011fer sa\u011fduyulu ki\u015filerce tahkim edilir. Toplumda itibar sahibi uzmanlar te\u015fhislerini ve \u00e7\u00f6z\u00fcm \u00f6nerilerini dile getirirler. Yava\u015f yava\u015f olayla ba\u015fa \u00e7\u0131kma yollar\u0131 geli\u015ftirilir ve hatta do\u011frudan bu yollara ba\u015fvurulur ; devam\u0131nda ise olay ya silikle\u015ferek g\u00f6zden kaybolur ya da k\u00f6t\u00fcye digerek daha g\u00f6r\u00fcn\u00fcr bir h\u00e2l al\u0131r&#8221;  Stanley Cohen, k\u00fclt\u00fcrel \u00e7al\u0131\u015fmalardan etiketleme kuramlar\u0131na dek geni\u015f bir literat\u00fcrde vazge\u00e7ilmez bir yer etmi\u015f bu kurucu \u00e7al\u0131\u015fmas\u0131nda ahlaki paniklerin &#8220;do\u011fal&#8221; addedilen niteli\u011fini bir nevi yap\u0131-bozuma u\u011frat\u0131yor. Ka\u00e7\u0131n\u0131lmaz bir tepki olarak g\u00f6r\u00fclende ziyadesiyle in\u015fa edilmi\u015f olan\u0131 ; keza anl\u0131k bir d\u0131\u015favurum olarak ortaya \u00e7\u0131kanda da gayet tipik ve k\u00f6kl\u00fc eylem repertuvarlar\u0131n\u0131n devreye sokulmas\u0131n\u0131 maharet ve titizlikle ortaya koyuyor. B\u00f6ylelikle Cohen, ilk bak\u0131\u015fta anl\u0131k ve kendili\u011finden patlamalar olarak &#8220;g\u00f6ze \u00e7arpan&#8221; ahlaki panikleri, tam da bu s\u00f6zde do\u011fall\u0131klar\u0131nda, yani &#8220;\u00e7arpan&#8221; de\u011fil &#8220;g\u00f6z\u00fcm\u00fcze sokulan&#8221; karakterlerinde inceliyor ; t\u00fcm bu giri\u015fimleri ve akt\u00f6rlerini siyasal ve toplumsal mekanizmalar\u0131nda ele al\u0131yor. Bu a\u00e7\u0131dan bak\u0131ld\u0131\u011f\u0131nda, bir taraftan t\u00fcm normatif \u015febekeleri hi\u00e7 olmad\u0131\u011f\u0131 kadar ta\u015f\u0131y\u0131c\u0131 ve ba\u011flay\u0131c\u0131 vasf\u0131n\u0131 yitirmi\u015f, ancak bununla birlikte, cinsellikten milliyet\u00e7ili\u011fe kadar hemen hemen t\u00fcm panik temalar\u0131nda s\u00fcrekli bir teyakkuz sergilemekten de geri kalmayan g\u00fcn\u00fcm\u00fcz T\u00fcrkiye\u2019si, hi\u00e7 ku\u015fku yok ki, olduk\u00e7a kendine \u00f6zg\u00fc bir ahlaki infialler diyar\u0131 olarak g\u00f6r\u00fclebilecektir. <\/p>\n","protected":false},"excerpt":{"rendered":"<p>&#8220;Toplumlar zaman zaman ahlaki panik d\u00f6nemleri ya\u015farlar. Bir durum, olay, ki\u015fi ya da grup, toplumsal de\u011ferlere ve \u00e7\u0131karlara tehdit olarak tan\u0131mlanmaya ba\u015flar. S\u00f6z konusu \u00f6znenin do\u011fas\u0131<span class=\"excerpt-hellip\"> [\u2026]<\/span><\/p>\n","protected":false},"featured_media":0,"template":"","meta":{"_monsterinsights_skip_tracking":false,"_monsterinsights_sitenote_active":false,"_monsterinsights_sitenote_note":"","_monsterinsights_sitenote_category":0},"product_brand":[],"product_cat":[12325,12324],"product_tag":[],"class_list":{"0":"post-720638","1":"product","2":"type-product","3":"status-publish","5":"product_cat-diger-sosyoloji","6":"product_cat-sosyoloji","7":"pa_cilt-ciltsiz","8":"pa_tur-kitap","9":"pa_yayinevi-heretik-yayincilik","10":"pa_yazar-stanley-cohen","12":"first","13":"instock","14":"sale","15":"shipping-taxable","16":"purchasable","17":"product-type-simple"},"_links":{"self":[{"href":"https:\/\/roveyayinevi.com.tr\/index.php\/wp-json\/wp\/v2\/product\/720638","targetHints":{"allow":["GET"]}}],"collection":[{"href":"https:\/\/roveyayinevi.com.tr\/index.php\/wp-json\/wp\/v2\/product"}],"about":[{"href":"https:\/\/roveyayinevi.com.tr\/index.php\/wp-json\/wp\/v2\/types\/product"}],"wp:attachment":[{"href":"https:\/\/roveyayinevi.com.tr\/index.php\/wp-json\/wp\/v2\/media?parent=720638"}],"wp:term":[{"taxonomy":"product_brand","embeddable":true,"href":"https:\/\/roveyayinevi.com.tr\/index.php\/wp-json\/wp\/v2\/product_brand?post=720638"},{"taxonomy":"product_cat","embeddable":true,"href":"https:\/\/roveyayinevi.com.tr\/index.php\/wp-json\/wp\/v2\/product_cat?post=720638"},{"taxonomy":"product_tag","embeddable":true,"href":"https:\/\/roveyayinevi.com.tr\/index.php\/wp-json\/wp\/v2\/product_tag?post=720638"}],"curies":[{"name":"wp","href":"https:\/\/api.w.org\/{rel}","templated":true}]}}