{"id":720637,"date":"2025-08-27T18:38:51","date_gmt":"2025-08-27T15:38:51","guid":{"rendered":"https:\/\/roveyayinevi.com.tr\/index.php\/urun\/kendine-ait-oda\/"},"modified":"2026-04-16T02:28:41","modified_gmt":"2026-04-15T23:28:41","slug":"kendine-ait-oda","status":"publish","type":"product","link":"https:\/\/roveyayinevi.com.tr\/index.php\/urun\/kendine-ait-oda\/","title":{"rendered":"Kendine Ait Oda"},"content":{"rendered":"<p>\u201c\u0130sterseniz k\u00fct\u00fcphanelere kilit vurun ama zihnimin \u00f6zg\u00fcrl\u00fc\u011f\u00fcne vurabilece\u011finiz ne bir kilit var ne de bir s\u00fcrg\u00fc, ne de kapatabilece\u011finiz bir kap\u0131.\u201d Kendine Ait Bir Oda, Cambridge \u00dcniversitesi\u2019nin 1928 y\u0131l\u0131nda ilk kez k\u0131z \u00f6\u011frencilere kap\u0131lar\u0131n\u0131 a\u00e7mas\u0131na ili\u015fkin olarak Virginia Woolf\u2019un kolejlerde yapt\u0131\u011f\u0131 konu\u015fmalardan yola \u00e7\u0131km\u0131\u015ft\u0131r. Bu klasik eserde Woolf, \u00f6zg\u00fcn dilini kullanarak etraf\u0131ndaki d\u00fcnyay\u0131 derinlemesine inceler. Edebiyat d\u00fcnyas\u0131n\u0131n \u00f6zellikle erkekler \u00fczerinde \u015fekillenmesinin sebeplerine de\u011finir. Feminizmin \u00f6nc\u00fclerinden olarak g\u00f6r\u00fclen bu eserde Woolf; Jane Austen, George Eliot ve Bront\u00eb karde\u015fleri anar, Shakespeare\u2019e hayali bir k\u0131z karde\u015f yarat\u0131r. Neden edebiyat d\u00fcnyas\u0131nda her zaman g\u00fcce ve \u015f\u00f6hrete sahip olan\u0131n kad\u0131nlar de\u011fil de, erkekler oldu\u011fu sorusunu sorar. Cevap ise olduk\u00e7a basittir: \u00c7\u00fcnk\u00fc kad\u0131nlar yaratma \u00f6zg\u00fcrl\u00fc\u011f\u00fcne sahip de\u011fildir ve bunu kazanabilmek i\u00e7inse her kad\u0131n\u0131n biraz paraya ve kendine ait bir odaya ihtiyac\u0131 vard\u0131r. <\/p>\n","protected":false},"excerpt":{"rendered":"<p>\u201c\u0130sterseniz k\u00fct\u00fcphanelere kilit vurun ama zihnimin \u00f6zg\u00fcrl\u00fc\u011f\u00fcne vurabilece\u011finiz ne bir kilit var ne de bir s\u00fcrg\u00fc, ne de kapatabilece\u011finiz bir kap\u0131.\u201d Kendine Ait Bir Oda, Cambridge<span class=\"excerpt-hellip\"> [\u2026]<\/span><\/p>\n","protected":false},"featured_media":0,"template":"","meta":{"_monsterinsights_skip_tracking":false,"_monsterinsights_sitenote_active":false,"_monsterinsights_sitenote_note":"","_monsterinsights_sitenote_category":0},"product_brand":[],"product_cat":[12291,12711],"product_tag":[],"class_list":{"0":"post-720637","1":"product","2":"type-product","3":"status-publish","5":"product_cat-edebiyat","6":"product_cat-roman-oyku","7":"pa_cilt-ciltsiz","8":"pa_tur-kitap","9":"pa_yayinevi-dokuz-yayinlari","10":"pa_yazar-virginia-woolf","12":"first","13":"instock","14":"sale","15":"shipping-taxable","16":"purchasable","17":"product-type-simple"},"_links":{"self":[{"href":"https:\/\/roveyayinevi.com.tr\/index.php\/wp-json\/wp\/v2\/product\/720637","targetHints":{"allow":["GET"]}}],"collection":[{"href":"https:\/\/roveyayinevi.com.tr\/index.php\/wp-json\/wp\/v2\/product"}],"about":[{"href":"https:\/\/roveyayinevi.com.tr\/index.php\/wp-json\/wp\/v2\/types\/product"}],"wp:attachment":[{"href":"https:\/\/roveyayinevi.com.tr\/index.php\/wp-json\/wp\/v2\/media?parent=720637"}],"wp:term":[{"taxonomy":"product_brand","embeddable":true,"href":"https:\/\/roveyayinevi.com.tr\/index.php\/wp-json\/wp\/v2\/product_brand?post=720637"},{"taxonomy":"product_cat","embeddable":true,"href":"https:\/\/roveyayinevi.com.tr\/index.php\/wp-json\/wp\/v2\/product_cat?post=720637"},{"taxonomy":"product_tag","embeddable":true,"href":"https:\/\/roveyayinevi.com.tr\/index.php\/wp-json\/wp\/v2\/product_tag?post=720637"}],"curies":[{"name":"wp","href":"https:\/\/api.w.org\/{rel}","templated":true}]}}