{"id":720636,"date":"2025-08-27T18:38:50","date_gmt":"2025-08-27T15:38:50","guid":{"rendered":"https:\/\/roveyayinevi.com.tr\/index.php\/urun\/kehanetin-sonu-ciltli\/"},"modified":"2026-04-16T02:28:41","modified_gmt":"2026-04-15T23:28:41","slug":"kehanetin-sonu-ciltli","status":"publish","type":"product","link":"https:\/\/roveyayinevi.com.tr\/index.php\/urun\/kehanetin-sonu-ciltli\/","title":{"rendered":"Kehanetin Sonu (Ciltli)"},"content":{"rendered":"<p>Harper Price, David\u2019in Paladin\u2019i, koruyucusu ve k\u0131z arkada\u015f\u0131 olmaya tam al\u0131\u015fm\u0131\u015fken d\u00fcnyalar\u0131 tekrar tepetaklak olmu\u015ftu.K\u00e2hinli\u011fin getirdi\u011fi g\u00fc\u00e7leri \u00fcstlenmekte zorlanan David, Pine Grove\u2019dan ka\u00e7m\u0131\u015ft\u0131 ve yolda kar\u015f\u0131la\u015ft\u0131\u011f\u0131 ki\u015fileri bilin\u00e7sizce Paladinlere \u00e7eviriyordu. Tek sorun, bu Paladinlerin Harper\u2019\u0131 d\u00fc\u015fman sanmalar\u0131yd\u0131. Normalde Harper\u2019\u0131n onlar\u0131 kolayl\u0131kla yenebilmesi gerekirdi ancak David \u015fehri terk etti\u011finden beri g\u00fc\u00e7leri zay\u0131fl\u0131yordu. Hayat\u0131 bir kez daha tehlikedeydi.\u015eimdiyse Harper\u2019\u0131n zamana kar\u015f\u0131 yar\u0131\u015f\u0131p David\u2019i bulmas\u0131 ve kurtarmas\u0131 gerekecekti. E\u011fer yeti\u015femezse s\u0131rf kendi hayat\u0131 de\u011fil David\u2019inki de kolayca ellerinden kay\u0131p gidebilirdi.\u201cBuffy the Vampire Slayer\u2019\u0131 and\u0131ran bu roman, K\u0131l\u0131\u00e7lar ve \u0130nciler serisinin bu son kitab\u0131nda da okurlar\u0131 y\u00fcz\u00fcst\u00fc b\u0131rakm\u0131yor. Komik ve haval\u0131 Harper, g\u00fc\u00e7l\u00fc bir kahramanla G\u00fcneyli kad\u0131n\u0131n m\u00fckemmel birle\u015fimi.\u201dVoya\u201cHarper\u2019\u0131n hayranlar\u0131, i\u015fin i\u00e7inden nas\u0131l \u00e7\u0131kaca\u011f\u0131n\u0131 \u00f6\u011frenmek i\u00e7in daha fazla beklemek zorunda kalmayacak.\u201dBooklist <\/p>\n","protected":false},"excerpt":{"rendered":"<p>Harper Price, David\u2019in Paladin\u2019i, koruyucusu ve k\u0131z arkada\u015f\u0131 olmaya tam al\u0131\u015fm\u0131\u015fken d\u00fcnyalar\u0131 tekrar tepetaklak olmu\u015ftu.K\u00e2hinli\u011fin getirdi\u011fi g\u00fc\u00e7leri \u00fcstlenmekte zorlanan David, Pine Grove\u2019dan ka\u00e7m\u0131\u015ft\u0131 ve yolda kar\u015f\u0131la\u015ft\u0131\u011f\u0131<span class=\"excerpt-hellip\"> [\u2026]<\/span><\/p>\n","protected":false},"featured_media":0,"template":"","meta":{"_monsterinsights_skip_tracking":false,"_monsterinsights_sitenote_active":false,"_monsterinsights_sitenote_note":"","_monsterinsights_sitenote_category":0},"product_brand":[],"product_cat":[12291,12711],"product_tag":[],"class_list":{"0":"post-720636","1":"product","2":"type-product","3":"status-publish","5":"product_cat-edebiyat","6":"product_cat-roman-oyku","7":"pa_cilt-ciltsiz","8":"pa_tur-kitap","9":"pa_yayinevi-epsilon-yayinlari","10":"pa_yazar-rachel-hawkins","12":"first","13":"instock","14":"sale","15":"shipping-taxable","16":"purchasable","17":"product-type-simple"},"_links":{"self":[{"href":"https:\/\/roveyayinevi.com.tr\/index.php\/wp-json\/wp\/v2\/product\/720636","targetHints":{"allow":["GET"]}}],"collection":[{"href":"https:\/\/roveyayinevi.com.tr\/index.php\/wp-json\/wp\/v2\/product"}],"about":[{"href":"https:\/\/roveyayinevi.com.tr\/index.php\/wp-json\/wp\/v2\/types\/product"}],"wp:attachment":[{"href":"https:\/\/roveyayinevi.com.tr\/index.php\/wp-json\/wp\/v2\/media?parent=720636"}],"wp:term":[{"taxonomy":"product_brand","embeddable":true,"href":"https:\/\/roveyayinevi.com.tr\/index.php\/wp-json\/wp\/v2\/product_brand?post=720636"},{"taxonomy":"product_cat","embeddable":true,"href":"https:\/\/roveyayinevi.com.tr\/index.php\/wp-json\/wp\/v2\/product_cat?post=720636"},{"taxonomy":"product_tag","embeddable":true,"href":"https:\/\/roveyayinevi.com.tr\/index.php\/wp-json\/wp\/v2\/product_tag?post=720636"}],"curies":[{"name":"wp","href":"https:\/\/api.w.org\/{rel}","templated":true}]}}