{"id":720635,"date":"2025-08-27T18:38:49","date_gmt":"2025-08-27T15:38:49","guid":{"rendered":"https:\/\/roveyayinevi.com.tr\/index.php\/urun\/kok\/"},"modified":"2026-04-16T02:28:41","modified_gmt":"2026-04-15T23:28:41","slug":"kok","status":"publish","type":"product","link":"https:\/\/roveyayinevi.com.tr\/index.php\/urun\/kok\/","title":{"rendered":"K\u00f6k"},"content":{"rendered":"<p>Kahve yokken \u201ckahverengi\u201dne ne deniyordu?   \u201cUnutmak\u201d kelimesi sahiden \u201cun\u201ddan m\u0131 t\u00fcremi\u015f?   \u201cDeniz, tanr\u0131, \u0131rmak, h\u00f6\u015fmerim\u201din nas\u0131l bir ortakl\u0131\u011f\u0131 olabilir?   \u201cBeg\u00fcm\u201d s\u00f6zc\u00fc\u011f\u00fcyle \u201cbe\u011fenmek\u201d kelimesinin bir ili\u015fkisi var m\u0131?   Manisa\u2019n\u0131n Ala\u015fehir il\u00e7esiyle Philadelphia ada\u015f m\u0131?   \u201cAffetme\u201dnin T\u00fcrk\u00e7esi ger\u00e7ekten yok mu?   Azami ka\u00e7 kelime \u201cayak\u201d anlam\u0131ndaki \u201cpa\u201ddan t\u00fcremi\u015f olabilir?   \u201cG\u00f6t\u00fcrmek\u201d s\u00f6zc\u00fc\u011f\u00fcn\u00fcn k\u00f6k\u00fc nedir?   \u201cAvukat\u201d ile \u201cyalan\u201d\u0131n herhangi bir m\u00fcnasebeti olabilir mi? Tuhafiyelerde tuhaf \u015feyler mi sat\u0131l\u0131r?   \u201cE\u011fitim\u201d mefhumunun \u201ce\u011fip b\u00fckme\u201dyle temas\u0131 nedir?   Bunlar ve bunlar gibi y\u00fczlerce kelimenin a\u00e7\u0131kland\u0131\u011f\u0131 bu eserde, etimolojinin dipsiz deryas\u0131nda maceradan maceraya s\u00fcr\u00fckleneceksiniz.   \u201cT\u00fcrk dilinde yaz\u0131lm\u0131\u015f bir eser, hi\u00e7 \u015f\u00fcphesiz, T\u00fcrk milletinin eseridir.\u201d der Re\u015fit Rahmeti Arat. Bu y\u00fczden bu eser, de\u011ferli okuyucular\u0131n ve kelimelerin bilinmedik \u00e2lemlerine beni dald\u0131r\u0131p T\u00fcrk\u00e7enin benzersiz k\u00e2inat\u0131nda bana muhte\u015fem seyahatler sunan y\u00fcce T\u00fcrk milletinindir. \u0130yi yolculuklar. <\/p>\n","protected":false},"excerpt":{"rendered":"<p>Kahve yokken \u201ckahverengi\u201dne ne deniyordu? \u201cUnutmak\u201d kelimesi sahiden \u201cun\u201ddan m\u0131 t\u00fcremi\u015f? \u201cDeniz, tanr\u0131, \u0131rmak, h\u00f6\u015fmerim\u201din nas\u0131l bir ortakl\u0131\u011f\u0131 olabilir? \u201cBeg\u00fcm\u201d s\u00f6zc\u00fc\u011f\u00fcyle \u201cbe\u011fenmek\u201d kelimesinin bir ili\u015fkisi var<span class=\"excerpt-hellip\"> [\u2026]<\/span><\/p>\n","protected":false},"featured_media":0,"template":"","meta":{"_monsterinsights_skip_tracking":false,"_monsterinsights_sitenote_active":false,"_monsterinsights_sitenote_note":"","_monsterinsights_sitenote_category":0},"product_brand":[],"product_cat":[13072,12291],"product_tag":[],"class_list":{"0":"post-720635","1":"product","2":"type-product","3":"status-publish","5":"product_cat-arastirma-inceleme-referans","6":"product_cat-edebiyat","7":"pa_cilt-ciltsiz","8":"pa_tur-kitap","9":"pa_yayinevi-otuken-nesriyat","10":"pa_yazar-alp-paksoy","12":"first","13":"instock","14":"sale","15":"shipping-taxable","16":"purchasable","17":"product-type-simple"},"_links":{"self":[{"href":"https:\/\/roveyayinevi.com.tr\/index.php\/wp-json\/wp\/v2\/product\/720635","targetHints":{"allow":["GET"]}}],"collection":[{"href":"https:\/\/roveyayinevi.com.tr\/index.php\/wp-json\/wp\/v2\/product"}],"about":[{"href":"https:\/\/roveyayinevi.com.tr\/index.php\/wp-json\/wp\/v2\/types\/product"}],"wp:attachment":[{"href":"https:\/\/roveyayinevi.com.tr\/index.php\/wp-json\/wp\/v2\/media?parent=720635"}],"wp:term":[{"taxonomy":"product_brand","embeddable":true,"href":"https:\/\/roveyayinevi.com.tr\/index.php\/wp-json\/wp\/v2\/product_brand?post=720635"},{"taxonomy":"product_cat","embeddable":true,"href":"https:\/\/roveyayinevi.com.tr\/index.php\/wp-json\/wp\/v2\/product_cat?post=720635"},{"taxonomy":"product_tag","embeddable":true,"href":"https:\/\/roveyayinevi.com.tr\/index.php\/wp-json\/wp\/v2\/product_tag?post=720635"}],"curies":[{"name":"wp","href":"https:\/\/api.w.org\/{rel}","templated":true}]}}