{"id":720634,"date":"2025-08-27T18:38:48","date_gmt":"2025-08-27T15:38:48","guid":{"rendered":"https:\/\/roveyayinevi.com.tr\/index.php\/urun\/hani-kardestik\/"},"modified":"2026-04-16T02:28:41","modified_gmt":"2026-04-15T23:28:41","slug":"hani-kardestik","status":"publish","type":"product","link":"https:\/\/roveyayinevi.com.tr\/index.php\/urun\/hani-kardestik\/","title":{"rendered":"Hani Karde\u015ftik"},"content":{"rendered":"<p>Yorgi, cenazede konu\u015ftuklar\u0131n\u0131 hat\u0131rlad\u0131. \u2018Evet, cenazede o s\u00f6zleri s\u00f6yledim. Olup bitenleri anlatacak ba\u015fka s\u00f6z bulmak da h\u00e2l\u00e2 zorlan\u0131yorum. Ke\u015fke aram\u0131zda olsayd\u0131. O g\u00fcr sesiyle,Ho\u015f Geldin Karde\u015fim! diyerek boynuma sar\u0131lsayd\u0131\u2026 Bir yerlerde palanlar yap\u0131yorlar, karde\u015fleri birbirine d\u00fc\u015f\u00fcr\u00fcyorlar. Onca ac\u0131, onca g\u00f6zya\u015f\u0131 geride \u00e7ok tortu b\u0131rak\u0131yor, bir de bak\u0131yorsun, karde\u015flik k\u00f6pr\u00fcleri at\u0131l\u0131yor\u2026 Sen, ben ne dersek diyelim, plan y\u00fcr\u00fcyor!\u2019 Emperyalistlerin \u00fclkeyi i\u015fgal planlar\u0131n\u0131n odak noktas\u0131 olan az\u0131nl\u0131klar\u2026 Bir zamanlar karde\u015flik t\u00fcrk\u00fclerinin s\u00f6ylendi\u011fi, birlikte ya\u015faman\u0131n olu\u015fturdu\u011fu kom\u015fuluk ili\u015fkileri, farkl\u0131 k\u00fclt\u00fcrlerin bar\u0131\u015f i\u00e7inde s\u00fcrd\u00fckleri hayatlar ve bu ortakl\u0131\u011f\u0131n sava\u015fla birlikte d\u00fc\u015fmanl\u0131\u011fa d\u00f6n\u00fc\u015fmesi\u2026 Yazar Nazmi G\u00f6k\u00e7eli \u2018Hani Karde\u015ftik\u2019 ile dostlu\u011fun d\u00fc\u015fmanl\u0131\u011fa d\u00f6n\u00fc\u015fmesini sorguluyor ve ya\u015fanan duygulara, en \u00e7ok ac\u0131lar\u0131 anlat\u0131yor bize bu kitab\u0131n sat\u0131rlar\u0131nda. <\/p>\n","protected":false},"excerpt":{"rendered":"<p>Yorgi, cenazede konu\u015ftuklar\u0131n\u0131 hat\u0131rlad\u0131. \u2018Evet, cenazede o s\u00f6zleri s\u00f6yledim. Olup bitenleri anlatacak ba\u015fka s\u00f6z bulmak da h\u00e2l\u00e2 zorlan\u0131yorum. Ke\u015fke aram\u0131zda olsayd\u0131. O g\u00fcr sesiyle,Ho\u015f Geldin Karde\u015fim!<span class=\"excerpt-hellip\"> [\u2026]<\/span><\/p>\n","protected":false},"featured_media":0,"template":"","meta":{"_monsterinsights_skip_tracking":false,"_monsterinsights_sitenote_active":false,"_monsterinsights_sitenote_note":"","_monsterinsights_sitenote_category":0},"product_brand":[],"product_cat":[12291,12711],"product_tag":[],"class_list":{"0":"post-720634","1":"product","2":"type-product","3":"status-publish","5":"product_cat-edebiyat","6":"product_cat-roman-oyku","7":"pa_cilt-ciltsiz","8":"pa_tur-kitap","9":"pa_yayinevi-chiviyazilari-yayinevi","10":"pa_yazar-nazmi-gokceli","12":"first","13":"instock","14":"sale","15":"shipping-taxable","16":"purchasable","17":"product-type-simple"},"_links":{"self":[{"href":"https:\/\/roveyayinevi.com.tr\/index.php\/wp-json\/wp\/v2\/product\/720634","targetHints":{"allow":["GET"]}}],"collection":[{"href":"https:\/\/roveyayinevi.com.tr\/index.php\/wp-json\/wp\/v2\/product"}],"about":[{"href":"https:\/\/roveyayinevi.com.tr\/index.php\/wp-json\/wp\/v2\/types\/product"}],"wp:attachment":[{"href":"https:\/\/roveyayinevi.com.tr\/index.php\/wp-json\/wp\/v2\/media?parent=720634"}],"wp:term":[{"taxonomy":"product_brand","embeddable":true,"href":"https:\/\/roveyayinevi.com.tr\/index.php\/wp-json\/wp\/v2\/product_brand?post=720634"},{"taxonomy":"product_cat","embeddable":true,"href":"https:\/\/roveyayinevi.com.tr\/index.php\/wp-json\/wp\/v2\/product_cat?post=720634"},{"taxonomy":"product_tag","embeddable":true,"href":"https:\/\/roveyayinevi.com.tr\/index.php\/wp-json\/wp\/v2\/product_tag?post=720634"}],"curies":[{"name":"wp","href":"https:\/\/api.w.org\/{rel}","templated":true}]}}