{"id":720630,"date":"2025-08-27T18:38:44","date_gmt":"2025-08-27T15:38:44","guid":{"rendered":"https:\/\/roveyayinevi.com.tr\/index.php\/urun\/sosyolojik-boyutlariyla-otizm\/"},"modified":"2026-04-16T02:28:41","modified_gmt":"2026-04-15T23:28:41","slug":"sosyolojik-boyutlariyla-otizm","status":"publish","type":"product","link":"https:\/\/roveyayinevi.com.tr\/index.php\/urun\/sosyolojik-boyutlariyla-otizm\/","title":{"rendered":"Sosyolojik Boyutlar\u0131yla Otizm"},"content":{"rendered":"<p>Bu kitap otizmli ebeveynler, STK\u2019lar, \u00f6\u011fretmenler, e\u011fitim fak\u00fcltelerinde okuyan \u00f6\u011fretmen adaylar\u0131, \u00f6zellikle \u00d6zel E\u011fitim, Psikolojik Dan\u0131\u015fmanl\u0131k ve Rehberlik b\u00f6l\u00fcm\u00fc \u00f6\u011frencileri ile bu alanda \u00f6\u011fretmenlik yapan \u00f6\u011fretmenler, otizm ya da engellilik konular\u0131na ilgi duyan akademisyenler, t\u0131p fak\u00fcltesi ve sosyoloji b\u00f6l\u00fcm\u00fc lisans\/lisans\u00fcst\u00fc \u00f6\u011frencileri i\u00e7in otizm konusunda temel bilgileri i\u00e7ermektedir. Ayr\u0131ca merkezi ve yerel y\u00f6neticilere, sa\u011fl\u0131k, e\u011fitim ve sosyal alanlarda politika yap\u0131mc\u0131lar\u0131 i\u00e7in otizm olgusuna ve \u00e7\u00f6z\u00fcm\u00fcne dair \u00f6nemli bilimsel \u00f6neriler sunmaktad\u0131r.<\/p>\n","protected":false},"excerpt":{"rendered":"<p>Bu kitap otizmli ebeveynler, STK\u2019lar, \u00f6\u011fretmenler, e\u011fitim fak\u00fcltelerinde okuyan \u00f6\u011fretmen adaylar\u0131, \u00f6zellikle \u00d6zel E\u011fitim, Psikolojik Dan\u0131\u015fmanl\u0131k ve Rehberlik b\u00f6l\u00fcm\u00fc \u00f6\u011frencileri ile bu alanda \u00f6\u011fretmenlik yapan \u00f6\u011fretmenler,<span class=\"excerpt-hellip\"> [\u2026]<\/span><\/p>\n","protected":false},"featured_media":0,"template":"","meta":{"_monsterinsights_skip_tracking":false,"_monsterinsights_sitenote_active":false,"_monsterinsights_sitenote_note":"","_monsterinsights_sitenote_category":0},"product_brand":[],"product_cat":[12325,12324],"product_tag":[],"class_list":{"0":"post-720630","1":"product","2":"type-product","3":"status-publish","5":"product_cat-diger-sosyoloji","6":"product_cat-sosyoloji","7":"pa_cilt-ciltsiz","8":"pa_tur-kitap","9":"pa_yayinevi-ani-yayincilik","10":"pa_yazar-abdurrahman-mengi","12":"first","13":"instock","14":"sale","15":"shipping-taxable","16":"purchasable","17":"product-type-simple"},"_links":{"self":[{"href":"https:\/\/roveyayinevi.com.tr\/index.php\/wp-json\/wp\/v2\/product\/720630","targetHints":{"allow":["GET"]}}],"collection":[{"href":"https:\/\/roveyayinevi.com.tr\/index.php\/wp-json\/wp\/v2\/product"}],"about":[{"href":"https:\/\/roveyayinevi.com.tr\/index.php\/wp-json\/wp\/v2\/types\/product"}],"wp:attachment":[{"href":"https:\/\/roveyayinevi.com.tr\/index.php\/wp-json\/wp\/v2\/media?parent=720630"}],"wp:term":[{"taxonomy":"product_brand","embeddable":true,"href":"https:\/\/roveyayinevi.com.tr\/index.php\/wp-json\/wp\/v2\/product_brand?post=720630"},{"taxonomy":"product_cat","embeddable":true,"href":"https:\/\/roveyayinevi.com.tr\/index.php\/wp-json\/wp\/v2\/product_cat?post=720630"},{"taxonomy":"product_tag","embeddable":true,"href":"https:\/\/roveyayinevi.com.tr\/index.php\/wp-json\/wp\/v2\/product_tag?post=720630"}],"curies":[{"name":"wp","href":"https:\/\/api.w.org\/{rel}","templated":true}]}}