{"id":720628,"date":"2025-08-27T18:38:36","date_gmt":"2025-08-27T15:38:36","guid":{"rendered":"https:\/\/roveyayinevi.com.tr\/index.php\/urun\/resimlere-bakmak-sanatin-olmazsa-olmazlari\/"},"modified":"2026-04-16T02:28:41","modified_gmt":"2026-04-15T23:28:41","slug":"resimlere-bakmak-sanatin-olmazsa-olmazlari","status":"publish","type":"product","link":"https:\/\/roveyayinevi.com.tr\/index.php\/urun\/resimlere-bakmak-sanatin-olmazsa-olmazlari\/","title":{"rendered":"Resimlere Bakmak &#8211; Sanat\u0131n Olmazsa Olmazlar\u0131"},"content":{"rendered":"<p>K\u0131sa, renkli; zekice yaz\u0131lm\u0131\u015f, temel bilgilerin yer ald\u0131\u011f\u0131 muhte\u015fem  kitaplar! hep kitap\u2019tan, sanat tarihine daha yak\u0131ndan \u015fahit olmak,  t\u00fcm temel bilgileri \u00f6\u011frenmek isteyen okurlar i\u00e7in e\u015fsiz bir dizi:\u201cSanat\u0131n Olmazsa Olmazlar\u0131!\u201d Anla\u015f\u0131l\u0131r, sade, birbirinden g\u00fczel  eserlerle bezeli, uzmanlar taraf\u0131ndan yaz\u0131lm\u0131\u015f bu kitaplarla sanat  art\u0131k daha yak\u0131n\u0131n\u0131zda!Resimlere Bakmak, okurlar\u0131n resimlere bakma hazz\u0131n\u0131 ya\u015famas\u0131na  ve resimlerin aldat\u0131c\u0131 y\u00fczeylerinin alt\u0131ndaki incelikli karma\u015f\u0131kl\u0131\u011f\u0131  anlamalar\u0131na yard\u0131mc\u0131 oluyor. Biraz e\u011fitimli bir g\u00f6zle bakmay\u0131  bilirseniz bir Japon grav\u00fcr\u00fcnden de Leonardo da Vinci\u2019nin Son  Ak\u015fam Yeme\u011fi\u2019nden de Picasso\u2019nun Guernica\u2019s\u0131ndan da ayn\u0131 keyfi  alabilirsiniz.Haz\u0131r olun, bu kitab\u0131 okuduktan sonra sanat m\u00fczelerine b\u00fcy\u00fck bir  \u00f6zg\u00fcvenle gireceksiniz!<\/p>\n","protected":false},"excerpt":{"rendered":"<p>K\u0131sa, renkli; zekice yaz\u0131lm\u0131\u015f, temel bilgilerin yer ald\u0131\u011f\u0131 muhte\u015fem kitaplar! hep kitap\u2019tan, sanat tarihine daha yak\u0131ndan \u015fahit olmak, t\u00fcm temel bilgileri \u00f6\u011frenmek isteyen okurlar i\u00e7in e\u015fsiz<span class=\"excerpt-hellip\"> [\u2026]<\/span><\/p>\n","protected":false},"featured_media":0,"template":"","meta":{"_monsterinsights_skip_tracking":false,"_monsterinsights_sitenote_active":false,"_monsterinsights_sitenote_note":"","_monsterinsights_sitenote_category":0},"product_brand":[],"product_cat":[15733,12408],"product_tag":[],"class_list":{"0":"post-720628","1":"product","2":"type-product","3":"status-publish","5":"product_cat-resim","6":"product_cat-sanat","7":"pa_cilt-ciltsiz","8":"pa_tur-kitap","9":"pa_yayinevi-hep-kitap","10":"pa_yazar-susan-woodford","12":"first","13":"instock","14":"sale","15":"shipping-taxable","16":"purchasable","17":"product-type-simple"},"_links":{"self":[{"href":"https:\/\/roveyayinevi.com.tr\/index.php\/wp-json\/wp\/v2\/product\/720628","targetHints":{"allow":["GET"]}}],"collection":[{"href":"https:\/\/roveyayinevi.com.tr\/index.php\/wp-json\/wp\/v2\/product"}],"about":[{"href":"https:\/\/roveyayinevi.com.tr\/index.php\/wp-json\/wp\/v2\/types\/product"}],"wp:attachment":[{"href":"https:\/\/roveyayinevi.com.tr\/index.php\/wp-json\/wp\/v2\/media?parent=720628"}],"wp:term":[{"taxonomy":"product_brand","embeddable":true,"href":"https:\/\/roveyayinevi.com.tr\/index.php\/wp-json\/wp\/v2\/product_brand?post=720628"},{"taxonomy":"product_cat","embeddable":true,"href":"https:\/\/roveyayinevi.com.tr\/index.php\/wp-json\/wp\/v2\/product_cat?post=720628"},{"taxonomy":"product_tag","embeddable":true,"href":"https:\/\/roveyayinevi.com.tr\/index.php\/wp-json\/wp\/v2\/product_tag?post=720628"}],"curies":[{"name":"wp","href":"https:\/\/api.w.org\/{rel}","templated":true}]}}