{"id":720627,"date":"2025-08-27T18:38:36","date_gmt":"2025-08-27T15:38:36","guid":{"rendered":"https:\/\/roveyayinevi.com.tr\/index.php\/urun\/sanatin-onemli-anilari-sanatin-olmazsa-olmazlari\/"},"modified":"2026-04-16T02:28:41","modified_gmt":"2026-04-15T23:28:41","slug":"sanatin-onemli-anilari-sanatin-olmazsa-olmazlari","status":"publish","type":"product","link":"https:\/\/roveyayinevi.com.tr\/index.php\/urun\/sanatin-onemli-anilari-sanatin-olmazsa-olmazlari\/","title":{"rendered":"Sanat\u0131n \u00d6nemli An\u0131lar\u0131 &#8211; Sanat\u0131n Olmazsa Olmazlar\u0131"},"content":{"rendered":"<p>K\u0131sa, renkli; zekice yaz\u0131lm\u0131\u015f, temel bilgilerin yer ald\u0131\u011f\u0131 muhte\u015fem kitaplar! hep kitap\u2019tan, sanat tarihine daha yak\u0131ndan \u015fahit olmak, t\u00fcm temel bilgileri \u00f6\u011frenmek isteyen okurlar i\u00e7in e\u015fsiz bir dizi: \u201cSanat\u0131n Olmazsa Olmazlar\u0131!\u201d Anla\u015f\u0131l\u0131r, sade, birbirinden g\u00fczel eserlerle bezeli, uzmanlar taraf\u0131ndan yaz\u0131lm\u0131\u015f bu kitaplarla sanat art\u0131k daha yak\u0131n\u0131n\u0131zda!Sanat\u0131n \u00d6nemli Anlar\u0131, okurun sanat d\u00fcnyas\u0131n\u0131 rahatl\u0131kla takip etmesini sa\u011fl\u0131yor. \u0130htiyac\u0131n\u0131z olan tek \u015fey merak. Mona Lisane zaman, nereden \u00e7al\u0131nd\u0131? Van Gogh\u2019un hangi portresi rekor fiyata sat\u0131ld\u0131? G\u00fcmr\u00fck memurlar\u0131 hangi soyut sanat eserine el koydu? K\u00fcbizm teriminin kayna\u011f\u0131 neydi? Kim, hangi sanatsal nedenle bir \u00e7akalla bir galeride kapal\u0131 kald\u0131?Haz\u0131r olun, sanat tarihini \u015fekillendiren \u00f6nemli olaylar\u0131 \u00f6\u011frenmek \u00fczeresiniz!<\/p>\n","protected":false},"excerpt":{"rendered":"<p>K\u0131sa, renkli; zekice yaz\u0131lm\u0131\u015f, temel bilgilerin yer ald\u0131\u011f\u0131 muhte\u015fem kitaplar! hep kitap\u2019tan, sanat tarihine daha yak\u0131ndan \u015fahit olmak, t\u00fcm temel bilgileri \u00f6\u011frenmek isteyen okurlar i\u00e7in e\u015fsiz<span class=\"excerpt-hellip\"> [\u2026]<\/span><\/p>\n","protected":false},"featured_media":0,"template":"","meta":{"_monsterinsights_skip_tracking":false,"_monsterinsights_sitenote_active":false,"_monsterinsights_sitenote_note":"","_monsterinsights_sitenote_category":0},"product_brand":[],"product_cat":[12408,14197],"product_tag":[],"class_list":{"0":"post-720627","1":"product","2":"type-product","3":"status-publish","5":"product_cat-sanat","6":"product_cat-sanat-tarihi","7":"pa_cilt-ciltsiz","8":"pa_tur-kitap","9":"pa_yayinevi-hep-kitap","10":"pa_yazar-lee-cheshire","12":"first","13":"instock","14":"sale","15":"shipping-taxable","16":"purchasable","17":"product-type-simple"},"_links":{"self":[{"href":"https:\/\/roveyayinevi.com.tr\/index.php\/wp-json\/wp\/v2\/product\/720627","targetHints":{"allow":["GET"]}}],"collection":[{"href":"https:\/\/roveyayinevi.com.tr\/index.php\/wp-json\/wp\/v2\/product"}],"about":[{"href":"https:\/\/roveyayinevi.com.tr\/index.php\/wp-json\/wp\/v2\/types\/product"}],"wp:attachment":[{"href":"https:\/\/roveyayinevi.com.tr\/index.php\/wp-json\/wp\/v2\/media?parent=720627"}],"wp:term":[{"taxonomy":"product_brand","embeddable":true,"href":"https:\/\/roveyayinevi.com.tr\/index.php\/wp-json\/wp\/v2\/product_brand?post=720627"},{"taxonomy":"product_cat","embeddable":true,"href":"https:\/\/roveyayinevi.com.tr\/index.php\/wp-json\/wp\/v2\/product_cat?post=720627"},{"taxonomy":"product_tag","embeddable":true,"href":"https:\/\/roveyayinevi.com.tr\/index.php\/wp-json\/wp\/v2\/product_tag?post=720627"}],"curies":[{"name":"wp","href":"https:\/\/api.w.org\/{rel}","templated":true}]}}