{"id":720626,"date":"2025-08-27T18:38:35","date_gmt":"2025-08-27T15:38:35","guid":{"rendered":"https:\/\/roveyayinevi.com.tr\/index.php\/urun\/babamin-sandvici-ciltli\/"},"modified":"2026-04-16T02:28:41","modified_gmt":"2026-04-15T23:28:41","slug":"babamin-sandvici-ciltli","status":"publish","type":"product","link":"https:\/\/roveyayinevi.com.tr\/index.php\/urun\/babamin-sandvici-ciltli\/","title":{"rendered":"Babam\u0131n Sandvi\u00e7i (Ciltli)"},"content":{"rendered":"<p>Ya\u011fmur babas\u0131na sandvi\u00e7 haz\u0131rl\u0131yor ve i\u00e7ini babas\u0131n\u0131n en sevdi\u011fi \u015feylerle dolduruyor: \u00e7aya bat\u0131r\u0131lm\u0131\u015f bisk\u00fcvi, jelibon, bisiklet pompas\u0131 ve daha neler neler! Babam\u0131n Sandvi\u00e7i, k\u00fc\u00e7\u00fck bir k\u0131zdan babas\u0131na sevimli mi sevimli bir hediye\u2026<\/p>\n","protected":false},"excerpt":{"rendered":"<p>Ya\u011fmur babas\u0131na sandvi\u00e7 haz\u0131rl\u0131yor ve i\u00e7ini babas\u0131n\u0131n en sevdi\u011fi \u015feylerle dolduruyor: \u00e7aya bat\u0131r\u0131lm\u0131\u015f bisk\u00fcvi, jelibon, bisiklet pompas\u0131 ve daha neler neler! Babam\u0131n Sandvi\u00e7i, k\u00fc\u00e7\u00fck bir k\u0131zdan<span class=\"excerpt-hellip\"> [\u2026]<\/span><\/p>\n","protected":false},"featured_media":0,"template":"","meta":{"_monsterinsights_skip_tracking":false,"_monsterinsights_sitenote_active":false,"_monsterinsights_sitenote_note":"","_monsterinsights_sitenote_category":0},"product_brand":[],"product_cat":[12913,12274],"product_tag":[],"class_list":{"0":"post-720626","1":"product","2":"type-product","3":"status-publish","5":"product_cat-3-6-yas-kitaplari","6":"product_cat-cocuk-ve-genclik-kitaplari","7":"pa_cilt-ciltli","8":"pa_tur-kitap","9":"pa_yayinevi-beyaz-balina-yayinlari","10":"pa_yazar-pip-jones-sara-ogilvie","12":"first","13":"instock","14":"sale","15":"shipping-taxable","16":"purchasable","17":"product-type-simple"},"_links":{"self":[{"href":"https:\/\/roveyayinevi.com.tr\/index.php\/wp-json\/wp\/v2\/product\/720626","targetHints":{"allow":["GET"]}}],"collection":[{"href":"https:\/\/roveyayinevi.com.tr\/index.php\/wp-json\/wp\/v2\/product"}],"about":[{"href":"https:\/\/roveyayinevi.com.tr\/index.php\/wp-json\/wp\/v2\/types\/product"}],"wp:attachment":[{"href":"https:\/\/roveyayinevi.com.tr\/index.php\/wp-json\/wp\/v2\/media?parent=720626"}],"wp:term":[{"taxonomy":"product_brand","embeddable":true,"href":"https:\/\/roveyayinevi.com.tr\/index.php\/wp-json\/wp\/v2\/product_brand?post=720626"},{"taxonomy":"product_cat","embeddable":true,"href":"https:\/\/roveyayinevi.com.tr\/index.php\/wp-json\/wp\/v2\/product_cat?post=720626"},{"taxonomy":"product_tag","embeddable":true,"href":"https:\/\/roveyayinevi.com.tr\/index.php\/wp-json\/wp\/v2\/product_tag?post=720626"}],"curies":[{"name":"wp","href":"https:\/\/api.w.org\/{rel}","templated":true}]}}