{"id":720625,"date":"2025-08-27T18:38:34","date_gmt":"2025-08-27T15:38:34","guid":{"rendered":"https:\/\/roveyayinevi.com.tr\/index.php\/urun\/on-iki-caesarin-yasami\/"},"modified":"2026-04-16T02:28:41","modified_gmt":"2026-04-15T23:28:41","slug":"on-iki-caesarin-yasami","status":"publish","type":"product","link":"https:\/\/roveyayinevi.com.tr\/index.php\/urun\/on-iki-caesarin-yasami\/","title":{"rendered":"On \u0130ki Caesar&#8217;\u0131n Ya\u015fam\u0131"},"content":{"rendered":"<p>Suetonius\u2019un On \u0130ki Caesar\u2019\u0131n Ya\u015fam\u0131 adl\u0131 yap\u0131t\u0131 Iulius Caesar\u2019dan Domitianus\u2019un \u00f6l\u00fcm\u00fcne dek (M\u00d6 100 MS 96) Roma tarihine y\u00f6n veren imparatorlar\u0131n ya\u015famlar\u0131n\u0131 anlat\u0131rken, Roma devletinin yap\u0131s\u0131, i\u015fleyi\u015f bi\u00e7imi, toplumun durumu, olaylar ve \u00e7e\u015fitli konular hakk\u0131nda olduk\u00e7a ayr\u0131nt\u0131l\u0131 bilgi vermektedir. Bu nedenle kitap Eski\u00e7a\u011f Tarihi \u00e7al\u0131\u015fmalar\u0131na b\u00fcy\u00fck bir katk\u0131da bulunmaktad\u0131r. Suetonius, tarihyaz\u0131m\u0131n\u0131n bi\u00e7imlenmesinde \u00e7ok etkili olmu\u015ftur. Ard\u0131ndan gelen pek \u00e7ok yazar onu izlemi\u015ftir.Yap\u0131t, Roma devlet y\u00f6netiminde Senatus\u2019un etkinli\u011finin azald\u0131\u011f\u0131 bir d\u00f6nemde y\u00f6netimde \u00f6nemli rol oynayan Gaius Iulius Caesar\u2019\u0131n ya\u015fam \u00f6yk\u00fcs\u00fcyle ba\u015flar. Suetonius, Gaius Iulius Caesar\u2019\u0131n ve ard\u0131l\u0131 princepslerin ya\u015famlar\u0131n\u0131, d\u0131\u015f g\u00f6r\u00fcn\u00fc\u015flerini, do\u011fumlar\u0131 ve \u00f6l\u00fcmleri ile ilgili kehanetleri, ailelerini, biyografi yaz\u0131m t\u00fcr\u00fcn\u00fcn gelene\u011fine uyarak belli bir d\u00fczen i\u00e7inde anlatm\u0131\u015ft\u0131r. Suetonius\u2019un, \u00fcstlendi\u011fi kamu g\u00f6revlerinden \u00f6t\u00fcr\u00fc do\u011frudan edindi\u011fi bilgilere dayand\u0131rd\u0131\u011f\u0131 On \u0130ki Caesar\u2019\u0131n Ya\u015fam\u0131 adl\u0131 biyografik yap\u0131t\u0131ndan Roma\u2019daki y\u00f6netim de\u011fi\u015fikli\u011finin nas\u0131l ba\u015flad\u0131\u011f\u0131 ve halk\u0131n sosyal ya\u015fam\u0131n\u0131n bundan nas\u0131l etkilendi\u011fi hakk\u0131nda bilgiler edinilebilir.<\/p>\n","protected":false},"excerpt":{"rendered":"<p>Suetonius\u2019un On \u0130ki Caesar\u2019\u0131n Ya\u015fam\u0131 adl\u0131 yap\u0131t\u0131 Iulius Caesar\u2019dan Domitianus\u2019un \u00f6l\u00fcm\u00fcne dek (M\u00d6 100 MS 96) Roma tarihine y\u00f6n veren imparatorlar\u0131n ya\u015famlar\u0131n\u0131 anlat\u0131rken, Roma devletinin yap\u0131s\u0131,<span class=\"excerpt-hellip\"> [\u2026]<\/span><\/p>\n","protected":false},"featured_media":0,"template":"","meta":{"_monsterinsights_skip_tracking":false,"_monsterinsights_sitenote_active":false,"_monsterinsights_sitenote_note":"","_monsterinsights_sitenote_category":0},"product_brand":[],"product_cat":[13946,12304],"product_tag":[],"class_list":{"0":"post-720625","1":"product","2":"type-product","3":"status-publish","5":"product_cat-biyografi-otobiyografi","6":"product_cat-tarih","7":"pa_cilt-ciltsiz","8":"pa_tur-kitap","9":"pa_yayinevi-dogu-bati-yayinlari","10":"pa_yazar-gaius-suetonius-tranquillus","12":"first","13":"instock","14":"sale","15":"shipping-taxable","16":"purchasable","17":"product-type-simple"},"_links":{"self":[{"href":"https:\/\/roveyayinevi.com.tr\/index.php\/wp-json\/wp\/v2\/product\/720625","targetHints":{"allow":["GET"]}}],"collection":[{"href":"https:\/\/roveyayinevi.com.tr\/index.php\/wp-json\/wp\/v2\/product"}],"about":[{"href":"https:\/\/roveyayinevi.com.tr\/index.php\/wp-json\/wp\/v2\/types\/product"}],"wp:attachment":[{"href":"https:\/\/roveyayinevi.com.tr\/index.php\/wp-json\/wp\/v2\/media?parent=720625"}],"wp:term":[{"taxonomy":"product_brand","embeddable":true,"href":"https:\/\/roveyayinevi.com.tr\/index.php\/wp-json\/wp\/v2\/product_brand?post=720625"},{"taxonomy":"product_cat","embeddable":true,"href":"https:\/\/roveyayinevi.com.tr\/index.php\/wp-json\/wp\/v2\/product_cat?post=720625"},{"taxonomy":"product_tag","embeddable":true,"href":"https:\/\/roveyayinevi.com.tr\/index.php\/wp-json\/wp\/v2\/product_tag?post=720625"}],"curies":[{"name":"wp","href":"https:\/\/api.w.org\/{rel}","templated":true}]}}