{"id":720624,"date":"2025-08-27T18:38:34","date_gmt":"2025-08-27T15:38:34","guid":{"rendered":"https:\/\/roveyayinevi.com.tr\/index.php\/urun\/denemeler-6\/"},"modified":"2026-04-16T02:28:41","modified_gmt":"2026-04-15T23:28:41","slug":"denemeler-6","status":"publish","type":"product","link":"https:\/\/roveyayinevi.com.tr\/index.php\/urun\/denemeler-6\/","title":{"rendered":"Denemeler"},"content":{"rendered":"<p>Montaigne \u00fclkesindeki kanl\u0131 sava\u015flara ve \u00e7alkant\u0131lara ra\u011fmen \u015fatosuna \u00e7ekilerek hayata ve insanl\u0131\u011fa dair en temel sorular\u0131n cevaplar\u0131n\u0131 arad\u0131\u011f\u0131 Denemeler\u2019i kaleme al\u0131r. Y\u00fczy\u0131llar sonra bile d\u00fcnya \u00e7ap\u0131nda yank\u0131 uyand\u0131ran bir klasi\u011fe d\u00f6n\u00fc\u015fece\u011fini bilmeden, samimi ve okurla sohbet eder tarzda yazd\u0131\u011f\u0131 bu eser sayesinde, yepyeni bir edebi t\u00fcr yarat\u0131r.Montaigne\u2019in keskin zekas\u0131 ve g\u00f6zlem yetene\u011fiyle ele ald\u0131\u011f\u0131, insanlara d\u00fc\u015f\u00fcncelerinin \u00f6tesine ge\u00e7ip deneyimlerle d\u00fcnyay\u0131 alg\u0131lamalar\u0131 i\u00e7in yepyeni pencereler a\u00e7acak bu birbirinden ilgin\u00e7 konu ba\u015fl\u0131klar\u0131, zamana meydan okuyarak herkese hitap etmeyi ba\u015far\u0131yor.Shakespeare\u2019den Virginia Woolf\u2019a kadar pek \u00e7ok \u00f6nemli ismi etkileyen ve her okurun kitapl\u0131\u011f\u0131nda mutlaka bulunmas\u0131 gereken bu eseri, S\u00fcleyman Do\u011fru\u2019nun \u00f6zenli \u00e7evirisiyle sunuyoruz.<\/p>\n","protected":false},"excerpt":{"rendered":"<p>Montaigne \u00fclkesindeki kanl\u0131 sava\u015flara ve \u00e7alkant\u0131lara ra\u011fmen \u015fatosuna \u00e7ekilerek hayata ve insanl\u0131\u011fa dair en temel sorular\u0131n cevaplar\u0131n\u0131 arad\u0131\u011f\u0131 Denemeler\u2019i kaleme al\u0131r. Y\u00fczy\u0131llar sonra bile d\u00fcnya \u00e7ap\u0131nda<span class=\"excerpt-hellip\"> [\u2026]<\/span><\/p>\n","protected":false},"featured_media":0,"template":"","meta":{"_monsterinsights_skip_tracking":false,"_monsterinsights_sitenote_active":false,"_monsterinsights_sitenote_note":"","_monsterinsights_sitenote_category":0},"product_brand":[],"product_cat":[12777,12291],"product_tag":[],"class_list":{"0":"post-720624","1":"product","2":"type-product","3":"status-publish","5":"product_cat-deneme","6":"product_cat-edebiyat","7":"pa_cilt-ciltsiz","8":"pa_tur-kitap","9":"pa_yayinevi-koridor-yayincilik","10":"pa_yazar-michel-de-montaigne","12":"first","13":"instock","14":"sale","15":"shipping-taxable","16":"purchasable","17":"product-type-simple"},"_links":{"self":[{"href":"https:\/\/roveyayinevi.com.tr\/index.php\/wp-json\/wp\/v2\/product\/720624","targetHints":{"allow":["GET"]}}],"collection":[{"href":"https:\/\/roveyayinevi.com.tr\/index.php\/wp-json\/wp\/v2\/product"}],"about":[{"href":"https:\/\/roveyayinevi.com.tr\/index.php\/wp-json\/wp\/v2\/types\/product"}],"wp:attachment":[{"href":"https:\/\/roveyayinevi.com.tr\/index.php\/wp-json\/wp\/v2\/media?parent=720624"}],"wp:term":[{"taxonomy":"product_brand","embeddable":true,"href":"https:\/\/roveyayinevi.com.tr\/index.php\/wp-json\/wp\/v2\/product_brand?post=720624"},{"taxonomy":"product_cat","embeddable":true,"href":"https:\/\/roveyayinevi.com.tr\/index.php\/wp-json\/wp\/v2\/product_cat?post=720624"},{"taxonomy":"product_tag","embeddable":true,"href":"https:\/\/roveyayinevi.com.tr\/index.php\/wp-json\/wp\/v2\/product_tag?post=720624"}],"curies":[{"name":"wp","href":"https:\/\/api.w.org\/{rel}","templated":true}]}}