{"id":720622,"date":"2025-08-27T18:38:32","date_gmt":"2025-08-27T15:38:32","guid":{"rendered":"https:\/\/roveyayinevi.com.tr\/index.php\/urun\/define-adasi-13\/"},"modified":"2026-04-16T02:28:41","modified_gmt":"2026-04-15T23:28:41","slug":"define-adasi-13","status":"publish","type":"product","link":"https:\/\/roveyayinevi.com.tr\/index.php\/urun\/define-adasi-13\/","title":{"rendered":"Define Adas\u0131"},"content":{"rendered":"<p>F\u0131rt\u0131nal\u0131 denizler, \u0131ss\u0131z adalar, metruk kaleler, ger\u00e7ek y\u00fczlerini g\u00f6stermeyen k\u00f6t\u00fcler ve herkesin pe\u015finde oldu\u011fu bir define sand\u0131\u011f\u0131&#8230; Babas\u0131n\u0131 kaybettikten sonra annesinden ba\u015fka kimsesi kalmayan k\u00fc\u00e7\u00fck Jim, g\u00fcn\u00fcn birinde esrarengiz bir harita bulur. Bu harita, onu korsanlar\u0131n cirit att\u0131\u011f\u0131 tropik denizlerde tehlikeli bir gemi yolculu\u011funa, oradan da iyilerle k\u00f6t\u00fclerin amans\u0131z m\u00fccadelesine sahne olacak \u0131ss\u0131z bir adaya s\u00fcr\u00fckleyecektir.Robert Louis Stevenson\u2019\u0131n yazd\u0131\u011f\u0131 \u201cDefine Adas\u0131\u201dn\u0131 hem e\u011flenerek hem de her sayfas\u0131nda y\u00fcre\u011finiz a\u011fz\u0131n\u0131za gelerek okuyacaks\u0131n\u0131z.<\/p>\n","protected":false},"excerpt":{"rendered":"<p>F\u0131rt\u0131nal\u0131 denizler, \u0131ss\u0131z adalar, metruk kaleler, ger\u00e7ek y\u00fczlerini g\u00f6stermeyen k\u00f6t\u00fcler ve herkesin pe\u015finde oldu\u011fu bir define sand\u0131\u011f\u0131&#8230; Babas\u0131n\u0131 kaybettikten sonra annesinden ba\u015fka kimsesi kalmayan k\u00fc\u00e7\u00fck Jim,<span class=\"excerpt-hellip\"> [\u2026]<\/span><\/p>\n","protected":false},"featured_media":0,"template":"","meta":{"_monsterinsights_skip_tracking":false,"_monsterinsights_sitenote_active":false,"_monsterinsights_sitenote_note":"","_monsterinsights_sitenote_category":0},"product_brand":[],"product_cat":[12274,12467],"product_tag":[],"class_list":{"0":"post-720622","1":"product","2":"type-product","3":"status-publish","5":"product_cat-cocuk-ve-genclik-kitaplari","6":"product_cat-dunya-klasikleri","7":"pa_cilt-ciltsiz","8":"pa_tur-kitap","9":"pa_yayinevi-turkuvaz-kitap","10":"pa_yazar-robert-louis-stevenson","12":"first","13":"instock","14":"sale","15":"shipping-taxable","16":"purchasable","17":"product-type-simple"},"_links":{"self":[{"href":"https:\/\/roveyayinevi.com.tr\/index.php\/wp-json\/wp\/v2\/product\/720622","targetHints":{"allow":["GET"]}}],"collection":[{"href":"https:\/\/roveyayinevi.com.tr\/index.php\/wp-json\/wp\/v2\/product"}],"about":[{"href":"https:\/\/roveyayinevi.com.tr\/index.php\/wp-json\/wp\/v2\/types\/product"}],"wp:attachment":[{"href":"https:\/\/roveyayinevi.com.tr\/index.php\/wp-json\/wp\/v2\/media?parent=720622"}],"wp:term":[{"taxonomy":"product_brand","embeddable":true,"href":"https:\/\/roveyayinevi.com.tr\/index.php\/wp-json\/wp\/v2\/product_brand?post=720622"},{"taxonomy":"product_cat","embeddable":true,"href":"https:\/\/roveyayinevi.com.tr\/index.php\/wp-json\/wp\/v2\/product_cat?post=720622"},{"taxonomy":"product_tag","embeddable":true,"href":"https:\/\/roveyayinevi.com.tr\/index.php\/wp-json\/wp\/v2\/product_tag?post=720622"}],"curies":[{"name":"wp","href":"https:\/\/api.w.org\/{rel}","templated":true}]}}