{"id":720620,"date":"2025-08-27T18:38:30","date_gmt":"2025-08-27T15:38:30","guid":{"rendered":"https:\/\/roveyayinevi.com.tr\/index.php\/urun\/kucuk-kadinlar-9\/"},"modified":"2026-04-16T02:28:41","modified_gmt":"2026-04-15T23:28:41","slug":"kucuk-kadinlar-9","status":"publish","type":"product","link":"https:\/\/roveyayinevi.com.tr\/index.php\/urun\/kucuk-kadinlar-9\/","title":{"rendered":"K\u00fc\u00e7\u00fck Kad\u0131nlar"},"content":{"rendered":"<p>Baz\u0131 romanlar hi\u00e7 eskimez. Yaz\u0131ld\u0131\u011f\u0131 g\u00fcnden beri her ya\u015ftan gen\u00e7 okurun ba\u015fucu kitab\u0131 olan \u201cK\u00fc\u00e7\u00fck Kad\u0131nlar\u201d da onlardan biri. Amerikal\u0131 Louisa May Alcott\u2019\u0131n k\u0131smen kendi hayat\u0131n\u0131 anlatt\u0131\u011f\u0131 roman, yoksul bir ailenin hayatta kalma m\u00fccadelesini, d\u00f6rt k\u0131z karde\u015fin birbirlerine duyduklar\u0131 sevgi ve ba\u011fl\u0131l\u0131k sayesinde nas\u0131l her t\u00fcrl\u00fc zorlu\u011fun \u00fcstesinden gelebildi\u011fini anlat\u0131yor.G\u00fczel ve ak\u0131ll\u0131 Meg, g\u00fcn\u00fcn birinde \u00fcnl\u00fc bir yazar olmay\u0131 d\u00fc\u015fleyen Jo, e\u015fsiz bir m\u00fczik yetene\u011fi olan k\u0131r\u0131lgan Beth, kibirli ama romantik Amy\u2019nin ac\u0131-tatl\u0131 maceralar\u0131n\u0131 \u00fcnl\u00fc \u00e7ocuk kitaplar\u0131 \u00e7izeri Kate Greenaway\u2019in ill\u00fcstrasyonlar\u0131 e\u015fli\u011finde okuyacaks\u0131n\u0131z.<\/p>\n","protected":false},"excerpt":{"rendered":"<p>Baz\u0131 romanlar hi\u00e7 eskimez. Yaz\u0131ld\u0131\u011f\u0131 g\u00fcnden beri her ya\u015ftan gen\u00e7 okurun ba\u015fucu kitab\u0131 olan \u201cK\u00fc\u00e7\u00fck Kad\u0131nlar\u201d da onlardan biri. Amerikal\u0131 Louisa May Alcott\u2019\u0131n k\u0131smen kendi hayat\u0131n\u0131<span class=\"excerpt-hellip\"> [\u2026]<\/span><\/p>\n","protected":false},"featured_media":0,"template":"","meta":{"_monsterinsights_skip_tracking":false,"_monsterinsights_sitenote_active":false,"_monsterinsights_sitenote_note":"","_monsterinsights_sitenote_category":0},"product_brand":[],"product_cat":[12274,12467],"product_tag":[],"class_list":{"0":"post-720620","1":"product","2":"type-product","3":"status-publish","5":"product_cat-cocuk-ve-genclik-kitaplari","6":"product_cat-dunya-klasikleri","7":"pa_cilt-ciltsiz","8":"pa_tur-kitap","9":"pa_yayinevi-turkuvaz-kitap","10":"pa_yazar-louisa-may-alcott","12":"first","13":"instock","14":"sale","15":"shipping-taxable","16":"purchasable","17":"product-type-simple"},"_links":{"self":[{"href":"https:\/\/roveyayinevi.com.tr\/index.php\/wp-json\/wp\/v2\/product\/720620","targetHints":{"allow":["GET"]}}],"collection":[{"href":"https:\/\/roveyayinevi.com.tr\/index.php\/wp-json\/wp\/v2\/product"}],"about":[{"href":"https:\/\/roveyayinevi.com.tr\/index.php\/wp-json\/wp\/v2\/types\/product"}],"wp:attachment":[{"href":"https:\/\/roveyayinevi.com.tr\/index.php\/wp-json\/wp\/v2\/media?parent=720620"}],"wp:term":[{"taxonomy":"product_brand","embeddable":true,"href":"https:\/\/roveyayinevi.com.tr\/index.php\/wp-json\/wp\/v2\/product_brand?post=720620"},{"taxonomy":"product_cat","embeddable":true,"href":"https:\/\/roveyayinevi.com.tr\/index.php\/wp-json\/wp\/v2\/product_cat?post=720620"},{"taxonomy":"product_tag","embeddable":true,"href":"https:\/\/roveyayinevi.com.tr\/index.php\/wp-json\/wp\/v2\/product_tag?post=720620"}],"curies":[{"name":"wp","href":"https:\/\/api.w.org\/{rel}","templated":true}]}}