{"id":720608,"date":"2025-08-27T18:38:20","date_gmt":"2025-08-27T15:38:20","guid":{"rendered":"https:\/\/roveyayinevi.com.tr\/index.php\/urun\/delikanlim-iyi-bak-yildizlara-deniz-gezmis\/"},"modified":"2026-04-16T02:28:40","modified_gmt":"2026-04-15T23:28:40","slug":"delikanlim-iyi-bak-yildizlara-deniz-gezmis","status":"publish","type":"product","link":"https:\/\/roveyayinevi.com.tr\/index.php\/urun\/delikanlim-iyi-bak-yildizlara-deniz-gezmis\/","title":{"rendered":"Delikanl\u0131m \u0130yi Bak Y\u0131ld\u0131zlara &#8211; Deniz Gezmi\u015f"},"content":{"rendered":"<p>Delikanl\u0131m! \u0130yi bak y\u0131ld\u0131zlara, onlar\u0131 belki bir daha g\u00f6remezsin&#8230; Belki bir daha y\u0131ld\u0131zlar\u0131n \u0131\u015f\u0131\u011f\u0131nda kollar\u0131n\u0131 ufuklar gibi a\u00e7\u0131p geremezsin&#8230; Delikanl\u0131m! Senin kafan\u0131n i\u00e7i y\u0131ld\u0131zl\u0131 karanl\u0131klar kadar g\u00fczel, korkun\u00e7, kudretli ve iyidir. Y\u0131ld\u0131zlar ve senin kafan k\u00e2inat\u0131n en m\u00fckemmel \u015feyidir. Delikanl\u0131m! Sen ki, ya bir k\u00f6\u015feba\u015f\u0131nda kan s\u0131zarak ka\u015f\u0131ndan gebereceksin ya da bir dara\u011fac\u0131nda can vereceksin. \u0130yi bak y\u0131ld\u0131zlara, onlar\u0131 g\u00f6remezsin bir daha. Delikanl\u0131m! Belki beni anlad\u0131n belki anlamad\u0131n. Kesiyorum s\u00f6z\u00fcm\u00fc. Sevmek m\u00fckemmel i\u015f, delikanl\u0131m. Sev bakal\u0131m&#8230; Madem ki kafanda \u0131\u015f\u0131kl\u0131 bir gece var, benden izin sana, sev sevebildi\u011fin kadar&#8230; <\/p>\n","protected":false},"excerpt":{"rendered":"<p>Delikanl\u0131m! \u0130yi bak y\u0131ld\u0131zlara, onlar\u0131 belki bir daha g\u00f6remezsin&#8230; Belki bir daha y\u0131ld\u0131zlar\u0131n \u0131\u015f\u0131\u011f\u0131nda kollar\u0131n\u0131 ufuklar gibi a\u00e7\u0131p geremezsin&#8230; Delikanl\u0131m! Senin kafan\u0131n i\u00e7i y\u0131ld\u0131zl\u0131 karanl\u0131klar kadar<span class=\"excerpt-hellip\"> [\u2026]<\/span><\/p>\n","protected":false},"featured_media":0,"template":"","meta":{"_monsterinsights_skip_tracking":false,"_monsterinsights_sitenote_active":false,"_monsterinsights_sitenote_note":"","_monsterinsights_sitenote_category":0},"product_brand":[],"product_cat":[14009,12291],"product_tag":[],"class_list":{"0":"post-720608","1":"product","2":"type-product","3":"status-publish","5":"product_cat-biyografi-otobiyografi-edebiyat","6":"product_cat-edebiyat","7":"pa_cilt-ciltsiz","8":"pa_tur-kitap","9":"pa_yayinevi-dokuz-yayinlari","10":"pa_yazar-birol-ozturk","12":"first","13":"instock","14":"sale","15":"shipping-taxable","16":"purchasable","17":"product-type-simple"},"_links":{"self":[{"href":"https:\/\/roveyayinevi.com.tr\/index.php\/wp-json\/wp\/v2\/product\/720608","targetHints":{"allow":["GET"]}}],"collection":[{"href":"https:\/\/roveyayinevi.com.tr\/index.php\/wp-json\/wp\/v2\/product"}],"about":[{"href":"https:\/\/roveyayinevi.com.tr\/index.php\/wp-json\/wp\/v2\/types\/product"}],"wp:attachment":[{"href":"https:\/\/roveyayinevi.com.tr\/index.php\/wp-json\/wp\/v2\/media?parent=720608"}],"wp:term":[{"taxonomy":"product_brand","embeddable":true,"href":"https:\/\/roveyayinevi.com.tr\/index.php\/wp-json\/wp\/v2\/product_brand?post=720608"},{"taxonomy":"product_cat","embeddable":true,"href":"https:\/\/roveyayinevi.com.tr\/index.php\/wp-json\/wp\/v2\/product_cat?post=720608"},{"taxonomy":"product_tag","embeddable":true,"href":"https:\/\/roveyayinevi.com.tr\/index.php\/wp-json\/wp\/v2\/product_tag?post=720608"}],"curies":[{"name":"wp","href":"https:\/\/api.w.org\/{rel}","templated":true}]}}