{"id":720606,"date":"2025-08-27T18:38:18","date_gmt":"2025-08-27T15:38:18","guid":{"rendered":"https:\/\/roveyayinevi.com.tr\/index.php\/urun\/ahmed-arif-terketmedi-sevdan-beni\/"},"modified":"2026-04-16T02:28:40","modified_gmt":"2026-04-15T23:28:40","slug":"ahmed-arif-terketmedi-sevdan-beni","status":"publish","type":"product","link":"https:\/\/roveyayinevi.com.tr\/index.php\/urun\/ahmed-arif-terketmedi-sevdan-beni\/","title":{"rendered":"Ahmed Arif &#8211; Terketmedi Sevdan Beni"},"content":{"rendered":"<p>As\u0131l ad\u0131m Ahmed \u00d6nal. Ahmed Arif olarak bilinirim. Ya\u015fam\u0131m boyunca hakk\u0131 arad\u0131m; ezilen ve g\u00fc\u00e7s\u00fcz\u00fcn yan\u0131nda durdum. Memleketlilerim s\u00f6m\u00fcr\u00fclmesin, memleketlilerim kullan\u0131lmas\u0131n, memleketlilerim\u00f6lmesin diye konu\u015ftum. E\u015fitlik i\u00e7in yazd\u0131m, e\u015fitlik i\u00e7in s\u00f6yledim, e\u015fitlik i\u00e7in dayak yedim, e\u015fitlik i\u00e7in s\u00f6vd\u00fcm. O g\u00fcnleri g\u00f6rmeyece\u011fimi bilsem de birilerine o g\u00fcnleri g\u00f6stermek i\u00e7in \u00f6ld\u00fcm&#8230;G\u00f6zlerinden, burnunun \u00fcst duda\u011f\u0131na d\u00fc\u015fen fark edilmez incecik g\u00f6lgesinden \u00f6perim can\u0131m. \u00d6perim \u00f6mr\u00fcm. Ya\u015f\u015fa!.. &#8230;Daima d\u00fc\u015f\u00fcnmekle ve daima da ayn\u0131 \u015feyi d\u00fc\u015f\u00fcnmekle insan a\u015fk\u0131n bir fikri i\u015fgal oldu\u011funu kabul ediyor&#8230;&#8230;D\u00fc\u015f\u00fcn ki hayatta tek ba\u015f\u0131may\u0131m ve sen istersen hayat\u0131ma senden ba\u015fka hi\u00e7bir kimse giremez&#8230;<\/p>\n","protected":false},"excerpt":{"rendered":"<p>As\u0131l ad\u0131m Ahmed \u00d6nal. Ahmed Arif olarak bilinirim. Ya\u015fam\u0131m boyunca hakk\u0131 arad\u0131m; ezilen ve g\u00fc\u00e7s\u00fcz\u00fcn yan\u0131nda durdum. Memleketlilerim s\u00f6m\u00fcr\u00fclmesin, memleketlilerim kullan\u0131lmas\u0131n, memleketlilerim\u00f6lmesin diye konu\u015ftum. E\u015fitlik i\u00e7in<span class=\"excerpt-hellip\"> [\u2026]<\/span><\/p>\n","protected":false},"featured_media":0,"template":"","meta":{"_monsterinsights_skip_tracking":false,"_monsterinsights_sitenote_active":false,"_monsterinsights_sitenote_note":"","_monsterinsights_sitenote_category":0},"product_brand":[],"product_cat":[12291,12711],"product_tag":[],"class_list":{"0":"post-720606","1":"product","2":"type-product","3":"status-publish","5":"product_cat-edebiyat","6":"product_cat-roman-oyku","7":"pa_cilt-ciltsiz","8":"pa_tur-kitap","9":"pa_yayinevi-dokuz-yayinlari","10":"pa_yazar-birol-ozturk","12":"first","13":"instock","14":"sale","15":"shipping-taxable","16":"purchasable","17":"product-type-simple"},"_links":{"self":[{"href":"https:\/\/roveyayinevi.com.tr\/index.php\/wp-json\/wp\/v2\/product\/720606","targetHints":{"allow":["GET"]}}],"collection":[{"href":"https:\/\/roveyayinevi.com.tr\/index.php\/wp-json\/wp\/v2\/product"}],"about":[{"href":"https:\/\/roveyayinevi.com.tr\/index.php\/wp-json\/wp\/v2\/types\/product"}],"wp:attachment":[{"href":"https:\/\/roveyayinevi.com.tr\/index.php\/wp-json\/wp\/v2\/media?parent=720606"}],"wp:term":[{"taxonomy":"product_brand","embeddable":true,"href":"https:\/\/roveyayinevi.com.tr\/index.php\/wp-json\/wp\/v2\/product_brand?post=720606"},{"taxonomy":"product_cat","embeddable":true,"href":"https:\/\/roveyayinevi.com.tr\/index.php\/wp-json\/wp\/v2\/product_cat?post=720606"},{"taxonomy":"product_tag","embeddable":true,"href":"https:\/\/roveyayinevi.com.tr\/index.php\/wp-json\/wp\/v2\/product_tag?post=720606"}],"curies":[{"name":"wp","href":"https:\/\/api.w.org\/{rel}","templated":true}]}}