{"id":720605,"date":"2025-08-27T18:38:17","date_gmt":"2025-08-27T15:38:17","guid":{"rendered":"https:\/\/roveyayinevi.com.tr\/index.php\/urun\/herkes-oldurur-sevdigini-tuncel-kurtiz\/"},"modified":"2026-04-16T02:28:40","modified_gmt":"2026-04-15T23:28:40","slug":"herkes-oldurur-sevdigini-tuncel-kurtiz","status":"publish","type":"product","link":"https:\/\/roveyayinevi.com.tr\/index.php\/urun\/herkes-oldurur-sevdigini-tuncel-kurtiz\/","title":{"rendered":"Herkes \u00d6ld\u00fcr\u00fcr Sevdi\u011fini &#8211; Tuncel Kurtiz"},"content":{"rendered":"<p>\u201cBa\u015fka bir yol var m\u0131? Ba\u015fka bir d\u00fc\u015f\u00fcnce, ba\u015fka bir hissiyat, ba\u015fka bir felsefe var m\u0131 d\u00fcnyay\u0131 bir bah\u00e7e haline getirebilecek? \u0130nsano\u011flunun insanca ya\u015famas\u0131n\u0131, k\u00f6leli\u011fin kalkmas\u0131n\u0131, \u0131rk\u00e7\u0131l\u0131\u011f\u0131n kalmamas\u0131n\u0131 \u00f6ven bir yol var m\u0131? Bir hayal d\u00fcnyas\u0131nda ya\u015f\u0131yorum belki ama ona inan\u0131yorum. Bir g\u00fcn ger\u00e7ekle\u015fecek\u2026\u201d \u201cEdremit Ortaokulunday\u0131m\u2026 On be\u015f ya\u015f\u0131nday\u0131m\u2026 Y\u0131l 1951. Kapat\u0131lm\u0131\u015f olan Halkevi K\u00fct\u00fcphanesi babam\u0131n emrinde. B\u00fct\u00fcn klasikler orada. Tolstoy, Dostoyevski, Zo\u015f\u00e7enko okuyorum ki, nas\u0131l okuyorum! Futbol oynuyorum. Ko\u015fuyorum. Ve \u00f6yk\u00fcler yaz\u0131yorum. Ben, art\u0131k gen\u00e7 \u00f6yk\u00fc yazar\u0131 Tuncel Kurtiz\u2019im!\u201d   Tuncel Kurtiz <\/p>\n","protected":false},"excerpt":{"rendered":"<p>\u201cBa\u015fka bir yol var m\u0131? Ba\u015fka bir d\u00fc\u015f\u00fcnce, ba\u015fka bir hissiyat, ba\u015fka bir felsefe var m\u0131 d\u00fcnyay\u0131 bir bah\u00e7e haline getirebilecek? \u0130nsano\u011flunun insanca ya\u015famas\u0131n\u0131, k\u00f6leli\u011fin kalkmas\u0131n\u0131,<span class=\"excerpt-hellip\"> [\u2026]<\/span><\/p>\n","protected":false},"featured_media":0,"template":"","meta":{"_monsterinsights_skip_tracking":false,"_monsterinsights_sitenote_active":false,"_monsterinsights_sitenote_note":"","_monsterinsights_sitenote_category":0},"product_brand":[],"product_cat":[14009,12291],"product_tag":[],"class_list":{"0":"post-720605","1":"product","2":"type-product","3":"status-publish","5":"product_cat-biyografi-otobiyografi-edebiyat","6":"product_cat-edebiyat","7":"pa_cilt-ciltsiz","8":"pa_tur-kitap","9":"pa_yayinevi-dokuz-yayinlari","10":"pa_yazar-birol-ozturk","12":"first","13":"instock","14":"sale","15":"shipping-taxable","16":"purchasable","17":"product-type-simple"},"_links":{"self":[{"href":"https:\/\/roveyayinevi.com.tr\/index.php\/wp-json\/wp\/v2\/product\/720605","targetHints":{"allow":["GET"]}}],"collection":[{"href":"https:\/\/roveyayinevi.com.tr\/index.php\/wp-json\/wp\/v2\/product"}],"about":[{"href":"https:\/\/roveyayinevi.com.tr\/index.php\/wp-json\/wp\/v2\/types\/product"}],"wp:attachment":[{"href":"https:\/\/roveyayinevi.com.tr\/index.php\/wp-json\/wp\/v2\/media?parent=720605"}],"wp:term":[{"taxonomy":"product_brand","embeddable":true,"href":"https:\/\/roveyayinevi.com.tr\/index.php\/wp-json\/wp\/v2\/product_brand?post=720605"},{"taxonomy":"product_cat","embeddable":true,"href":"https:\/\/roveyayinevi.com.tr\/index.php\/wp-json\/wp\/v2\/product_cat?post=720605"},{"taxonomy":"product_tag","embeddable":true,"href":"https:\/\/roveyayinevi.com.tr\/index.php\/wp-json\/wp\/v2\/product_tag?post=720605"}],"curies":[{"name":"wp","href":"https:\/\/api.w.org\/{rel}","templated":true}]}}