{"id":720604,"date":"2025-08-27T18:38:16","date_gmt":"2025-08-27T15:38:16","guid":{"rendered":"https:\/\/roveyayinevi.com.tr\/index.php\/urun\/yilmaz-guney-cirkin-kral\/"},"modified":"2026-04-16T02:28:40","modified_gmt":"2026-04-15T23:28:40","slug":"yilmaz-guney-cirkin-kral","status":"publish","type":"product","link":"https:\/\/roveyayinevi.com.tr\/index.php\/urun\/yilmaz-guney-cirkin-kral\/","title":{"rendered":"Y\u0131lmaz G\u00fcney &#8211; \u00c7irkin Kral"},"content":{"rendered":"<p>\u201c\u2026Ben kimsenin can\u0131n\u0131 yakmad\u0131m, onlar benim ate\u015f oldu\u011fumu bile bile geldiler\u2026\u201d\u201cBabam\u0131 sevmem,\u201d dedik\u00e7e anas\u0131n\u0131 daha bir seviyordu belki de\u2026 Ne kadar h\u0131r\u00e7\u0131n olursa olsun, ne kadar sert ve bitirim olursa olsun ve \u015fu koca \u00fclke i\u00e7in\u201c\u00c7irkin Kral\u201d nam\u0131yla ne kadar ula\u015f\u0131lmaz olursa olsun, anas\u0131n\u0131n dizleri dibinde, kollar\u0131 alt\u0131nda kara kuru bir o\u011fland\u0131r, Y\u0131lmaz G\u00fcney&#8230;\u201c\u00c7ocuklu\u011fumda portakal yiyemedi\u011fim g\u00fcnler olmu\u015ftu. Bug\u00fcn bana Alt\u0131n Portakal veriyorlar.\u015eimdi portakal\u0131n alt\u0131n\u0131na sahibim.Nas\u0131l gurur duymayay\u0131m? \u00c7ocukken alt\u0131n portakal de\u011fil, bildi\u011fimiz portakal\u0131 bile alacak param yoktu\u2026\u201d<\/p>\n","protected":false},"excerpt":{"rendered":"<p>\u201c\u2026Ben kimsenin can\u0131n\u0131 yakmad\u0131m, onlar benim ate\u015f oldu\u011fumu bile bile geldiler\u2026\u201d\u201cBabam\u0131 sevmem,\u201d dedik\u00e7e anas\u0131n\u0131 daha bir seviyordu belki de\u2026 Ne kadar h\u0131r\u00e7\u0131n olursa olsun, ne kadar<span class=\"excerpt-hellip\"> [\u2026]<\/span><\/p>\n","protected":false},"featured_media":0,"template":"","meta":{"_monsterinsights_skip_tracking":false,"_monsterinsights_sitenote_active":false,"_monsterinsights_sitenote_note":"","_monsterinsights_sitenote_category":0},"product_brand":[],"product_cat":[14009,12291],"product_tag":[],"class_list":{"0":"post-720604","1":"product","2":"type-product","3":"status-publish","5":"product_cat-biyografi-otobiyografi-edebiyat","6":"product_cat-edebiyat","7":"pa_cilt-ciltsiz","8":"pa_tur-kitap","9":"pa_yayinevi-dokuz-yayinlari","10":"pa_yazar-birol-ozturk","12":"first","13":"instock","14":"sale","15":"shipping-taxable","16":"purchasable","17":"product-type-simple"},"_links":{"self":[{"href":"https:\/\/roveyayinevi.com.tr\/index.php\/wp-json\/wp\/v2\/product\/720604","targetHints":{"allow":["GET"]}}],"collection":[{"href":"https:\/\/roveyayinevi.com.tr\/index.php\/wp-json\/wp\/v2\/product"}],"about":[{"href":"https:\/\/roveyayinevi.com.tr\/index.php\/wp-json\/wp\/v2\/types\/product"}],"wp:attachment":[{"href":"https:\/\/roveyayinevi.com.tr\/index.php\/wp-json\/wp\/v2\/media?parent=720604"}],"wp:term":[{"taxonomy":"product_brand","embeddable":true,"href":"https:\/\/roveyayinevi.com.tr\/index.php\/wp-json\/wp\/v2\/product_brand?post=720604"},{"taxonomy":"product_cat","embeddable":true,"href":"https:\/\/roveyayinevi.com.tr\/index.php\/wp-json\/wp\/v2\/product_cat?post=720604"},{"taxonomy":"product_tag","embeddable":true,"href":"https:\/\/roveyayinevi.com.tr\/index.php\/wp-json\/wp\/v2\/product_tag?post=720604"}],"curies":[{"name":"wp","href":"https:\/\/api.w.org\/{rel}","templated":true}]}}