{"id":720602,"date":"2025-08-27T18:38:15","date_gmt":"2025-08-27T15:38:15","guid":{"rendered":"https:\/\/roveyayinevi.com.tr\/index.php\/urun\/yunanistanda-turk-kahvesi\/"},"modified":"2026-04-16T02:28:40","modified_gmt":"2026-04-15T23:28:40","slug":"yunanistanda-turk-kahvesi","status":"publish","type":"product","link":"https:\/\/roveyayinevi.com.tr\/index.php\/urun\/yunanistanda-turk-kahvesi\/","title":{"rendered":"Yunanistan&#8217;da T\u00fcrk Kahvesi"},"content":{"rendered":"<p>Yak\u0131n arkada\u015f\u0131, Jacques Lacarri\u00e8re\u2019in mezar ta\u015f\u0131na yazd\u0131rd\u0131\u011f\u0131 \u00fczere; \u201cG\u00f6lgenin tarih\u00e7isi, ayaktak\u0131m\u0131n\u0131n ma\u011farac\u0131s\u0131, yitik k\u0131talar\u0131n Macellan\u2019\u0131, sessizlerin ozan\u0131, isimsizlerin biyograf\u0131,\u201d Elias Petropoulos. \u00dclkesi Yunanistan\u2019da irdelenmemi\u015f konular\u0131 (genelevler, e\u015fcinseller, \u00c7ingeneler, h\u0131rs\u0131zlar, balkonlar\u2026) kendine \u00f6zg\u00fc \u00fcslubuyla ele alan, fa\u015fist rejimler taraf\u0131ndan defalarca mahpusa at\u0131lan s\u0131n\u0131r tan\u0131maz halkbilimci Petropoulos, Yunanistan\u2019da T\u00fcrk Kahvesi\u2019nde, \u201cBiz ona \u2018Yunan kahvesi\u2019 deriz\u201d diyen fa\u015fistlere inat, T\u00fcrklerden al\u0131nan en zengin g\u00fcndelik hayat miras\u0131n\u0131 pi\u015firmesinden servisine, fal rit\u00fcellerinden Yunanistan\u2019\u0131n en \u00fcnl\u00fc kahvehanelerine, edebiyattaki yans\u0131malar\u0131ndan tavla, lokum, sigara ve tiryakilerine kadar m\u00fctemmim c\u00fczleriyle bir arada anlat\u0131yor.Marjinal ve evrensel bir yazar\u0131n kaleminden s\u0131ra d\u0131\u015f\u0131 bir k\u00fclt\u00fcrel mirasa dair 40 y\u0131l hatr\u0131 ge\u00e7meyecek bir \u00e7al\u0131\u015fma\u2026<\/p>\n","protected":false},"excerpt":{"rendered":"<p>Yak\u0131n arkada\u015f\u0131, Jacques Lacarri\u00e8re\u2019in mezar ta\u015f\u0131na yazd\u0131rd\u0131\u011f\u0131 \u00fczere; \u201cG\u00f6lgenin tarih\u00e7isi, ayaktak\u0131m\u0131n\u0131n ma\u011farac\u0131s\u0131, yitik k\u0131talar\u0131n Macellan\u2019\u0131, sessizlerin ozan\u0131, isimsizlerin biyograf\u0131,\u201d Elias Petropoulos. \u00dclkesi Yunanistan\u2019da irdelenmemi\u015f konular\u0131 (genelevler,<span class=\"excerpt-hellip\"> [\u2026]<\/span><\/p>\n","protected":false},"featured_media":0,"template":"","meta":{"_monsterinsights_skip_tracking":false,"_monsterinsights_sitenote_active":false,"_monsterinsights_sitenote_note":"","_monsterinsights_sitenote_category":0},"product_brand":[],"product_cat":[20039,13488],"product_tag":[],"class_list":{"0":"post-720602","1":"product","2":"type-product","3":"status-publish","5":"product_cat-kultur-tarihi","6":"product_cat-toplum-ve-insan","7":"pa_cilt-ciltsiz","8":"pa_tur-kitap","9":"pa_yayinevi-kirmizi-kedi-yayinevi","10":"pa_yazar-elias-petropoulos","12":"first","13":"instock","14":"sale","15":"shipping-taxable","16":"purchasable","17":"product-type-simple"},"_links":{"self":[{"href":"https:\/\/roveyayinevi.com.tr\/index.php\/wp-json\/wp\/v2\/product\/720602","targetHints":{"allow":["GET"]}}],"collection":[{"href":"https:\/\/roveyayinevi.com.tr\/index.php\/wp-json\/wp\/v2\/product"}],"about":[{"href":"https:\/\/roveyayinevi.com.tr\/index.php\/wp-json\/wp\/v2\/types\/product"}],"wp:attachment":[{"href":"https:\/\/roveyayinevi.com.tr\/index.php\/wp-json\/wp\/v2\/media?parent=720602"}],"wp:term":[{"taxonomy":"product_brand","embeddable":true,"href":"https:\/\/roveyayinevi.com.tr\/index.php\/wp-json\/wp\/v2\/product_brand?post=720602"},{"taxonomy":"product_cat","embeddable":true,"href":"https:\/\/roveyayinevi.com.tr\/index.php\/wp-json\/wp\/v2\/product_cat?post=720602"},{"taxonomy":"product_tag","embeddable":true,"href":"https:\/\/roveyayinevi.com.tr\/index.php\/wp-json\/wp\/v2\/product_tag?post=720602"}],"curies":[{"name":"wp","href":"https:\/\/api.w.org\/{rel}","templated":true}]}}