{"id":720597,"date":"2025-08-27T18:38:11","date_gmt":"2025-08-27T15:38:11","guid":{"rendered":"https:\/\/roveyayinevi.com.tr\/index.php\/urun\/turkiye-icin-soylesiler\/"},"modified":"2026-04-16T02:28:40","modified_gmt":"2026-04-15T23:28:40","slug":"turkiye-icin-soylesiler","status":"publish","type":"product","link":"https:\/\/roveyayinevi.com.tr\/index.php\/urun\/turkiye-icin-soylesiler\/","title":{"rendered":"T\u00fcrkiye i\u00e7in S\u00f6yle\u015filer"},"content":{"rendered":"<p>Usta gazeteci U\u011fur D\u00fcndar sordu, \u0130yi Parti Genel Ba\u015fkan Yard\u0131mc\u0131s\u0131 Aytun \u00c7\u0131ray yan\u0131tlad\u0131. Aytun \u00c7\u0131ray taraf\u0131ndan kitapla\u015ft\u0131r\u0131lan s\u00f6yle\u015filerde, T\u00fcrkiye\u2019nin en \u00e7alkant\u0131l\u0131 d\u00f6rt y\u0131ll\u0131k d\u00f6nemine \u0131\u015f\u0131k tutuluyor.Ku\u015f gribi i\u00e7in al\u0131nan a\u015f\u0131lar neden imha edildi?Erdo\u011fan\u2019\u0131n k\u00fcrtaj tart\u0131\u015fmas\u0131n\u0131 ba\u015flatma amac\u0131 neydi?Davuto\u011flu- Y\u0131ld\u0131r\u0131m aras\u0131nda niye gerginlik ya\u015fand\u0131?Hakan Fidan, Erdo\u011fan\u2019a 17-25 Aral\u0131k\u2019ta gerekli bilgileri verdi mi?Davuto\u011flu- K\u0131l\u0131\u00e7daro\u011flu g\u00f6r\u00fc\u015fmesinin perde arkas\u0131nda neler oldu?31 Mart se\u00e7imleri iptal edilirken YSK\u2019da neler ya\u015fand\u0131?K\u0131l\u0131\u00e7daro\u011flu\u2019na suikast\u0131 20 g\u00fcn \u00f6nce kim haber verdi?<\/p>\n","protected":false},"excerpt":{"rendered":"<p>Usta gazeteci U\u011fur D\u00fcndar sordu, \u0130yi Parti Genel Ba\u015fkan Yard\u0131mc\u0131s\u0131 Aytun \u00c7\u0131ray yan\u0131tlad\u0131. Aytun \u00c7\u0131ray taraf\u0131ndan kitapla\u015ft\u0131r\u0131lan s\u00f6yle\u015filerde, T\u00fcrkiye\u2019nin en \u00e7alkant\u0131l\u0131 d\u00f6rt y\u0131ll\u0131k d\u00f6nemine \u0131\u015f\u0131k tutuluyor.Ku\u015f<span class=\"excerpt-hellip\"> [\u2026]<\/span><\/p>\n","protected":false},"featured_media":0,"template":"","meta":{"_monsterinsights_skip_tracking":false,"_monsterinsights_sitenote_active":false,"_monsterinsights_sitenote_note":"","_monsterinsights_sitenote_category":0},"product_brand":[],"product_cat":[12337,14543],"product_tag":[],"class_list":{"0":"post-720597","1":"product","2":"type-product","3":"status-publish","5":"product_cat-politika-siyaset","6":"product_cat-turkiye-siyaseti-ve-politikasi","7":"pa_cilt-ciltsiz","8":"pa_tur-kitap","9":"pa_yayinevi-kirmizi-kedi-yayinevi","10":"pa_yazar-aytun-ciray","12":"first","13":"instock","14":"sale","15":"shipping-taxable","16":"purchasable","17":"product-type-simple"},"_links":{"self":[{"href":"https:\/\/roveyayinevi.com.tr\/index.php\/wp-json\/wp\/v2\/product\/720597","targetHints":{"allow":["GET"]}}],"collection":[{"href":"https:\/\/roveyayinevi.com.tr\/index.php\/wp-json\/wp\/v2\/product"}],"about":[{"href":"https:\/\/roveyayinevi.com.tr\/index.php\/wp-json\/wp\/v2\/types\/product"}],"wp:attachment":[{"href":"https:\/\/roveyayinevi.com.tr\/index.php\/wp-json\/wp\/v2\/media?parent=720597"}],"wp:term":[{"taxonomy":"product_brand","embeddable":true,"href":"https:\/\/roveyayinevi.com.tr\/index.php\/wp-json\/wp\/v2\/product_brand?post=720597"},{"taxonomy":"product_cat","embeddable":true,"href":"https:\/\/roveyayinevi.com.tr\/index.php\/wp-json\/wp\/v2\/product_cat?post=720597"},{"taxonomy":"product_tag","embeddable":true,"href":"https:\/\/roveyayinevi.com.tr\/index.php\/wp-json\/wp\/v2\/product_tag?post=720597"}],"curies":[{"name":"wp","href":"https:\/\/api.w.org\/{rel}","templated":true}]}}