{"id":720593,"date":"2025-08-27T18:38:07","date_gmt":"2025-08-27T15:38:07","guid":{"rendered":"https:\/\/roveyayinevi.com.tr\/index.php\/urun\/mutlu-olmak-istiyorum\/"},"modified":"2026-04-16T02:28:40","modified_gmt":"2026-04-15T23:28:40","slug":"mutlu-olmak-istiyorum","status":"publish","type":"product","link":"https:\/\/roveyayinevi.com.tr\/index.php\/urun\/mutlu-olmak-istiyorum\/","title":{"rendered":"Mutlu Olmak \u0130stiyorum"},"content":{"rendered":"<p>Sosyal medya fenomeni Zeus Kabaday\u0131&#8217;n\u0131n \u00fc\u00e7\u00fcnc\u00fc kitab\u0131 \u00e7\u0131kt\u0131&#8230; Gidersen par\u00e7alan\u0131r\u0131m&#8230;  Ya\u011fmurlar\u0131 dinmeyen adam\u0131n filizlenen bir \u00e7i\u00e7e\u011fi olabilir mi?Olamaz&#8230;Ama sen geldin ve k\u0131\u015f\u0131m\u0131 bahara \u00e7evirdin.G\u00f6\u011f\u00fcm\u00fcn en g\u00fczel \u00e7i\u00e7e\u011fi oldun.Eskiden kabuk tutmayan yaralar\u0131m vard\u0131.Sonra sen bir g\u00fcld\u00fcn, nefesinle merhem oldun onlara.\u015eimdi tek korkum, bir g\u00fcn seni kaybetmek&#8230;A\u015fk biraz da kaybetme korkusuymu\u015f, bunu en iyi sende anlad\u0131m.Zaten bu hayatta hep yar\u0131md\u0131m. Sen elimi tutunca tam oldum. Olur da bir g\u00fcn gidersen par\u00e7alan\u0131r\u0131m. Ne yaras\u0131 kal\u0131r, ne de izi&#8230;\u00c7\u00fcnk\u00fc \u00f6yle yaralar vard\u0131r ki,Kan durmaz, diki\u015f atmak gerekir.Gitme&#8230;Olur mu? <\/p>\n","protected":false},"excerpt":{"rendered":"<p>Sosyal medya fenomeni Zeus Kabaday\u0131&#8217;n\u0131n \u00fc\u00e7\u00fcnc\u00fc kitab\u0131 \u00e7\u0131kt\u0131&#8230; Gidersen par\u00e7alan\u0131r\u0131m&#8230; Ya\u011fmurlar\u0131 dinmeyen adam\u0131n filizlenen bir \u00e7i\u00e7e\u011fi olabilir mi?Olamaz&#8230;Ama sen geldin ve k\u0131\u015f\u0131m\u0131 bahara \u00e7evirdin.G\u00f6\u011f\u00fcm\u00fcn en g\u00fczel<span class=\"excerpt-hellip\"> [\u2026]<\/span><\/p>\n","protected":false},"featured_media":0,"template":"","meta":{"_monsterinsights_skip_tracking":false,"_monsterinsights_sitenote_active":false,"_monsterinsights_sitenote_note":"","_monsterinsights_sitenote_category":0},"product_brand":[],"product_cat":[12291,12711],"product_tag":[],"class_list":{"0":"post-720593","1":"product","2":"type-product","3":"status-publish","5":"product_cat-edebiyat","6":"product_cat-roman-oyku","7":"pa_cilt-ciltsiz","8":"pa_tur-kitap","9":"pa_yayinevi-hayykitap","10":"pa_yazar-zeus-kabadayi","12":"first","13":"instock","14":"sale","15":"shipping-taxable","16":"purchasable","17":"product-type-simple"},"_links":{"self":[{"href":"https:\/\/roveyayinevi.com.tr\/index.php\/wp-json\/wp\/v2\/product\/720593","targetHints":{"allow":["GET"]}}],"collection":[{"href":"https:\/\/roveyayinevi.com.tr\/index.php\/wp-json\/wp\/v2\/product"}],"about":[{"href":"https:\/\/roveyayinevi.com.tr\/index.php\/wp-json\/wp\/v2\/types\/product"}],"wp:attachment":[{"href":"https:\/\/roveyayinevi.com.tr\/index.php\/wp-json\/wp\/v2\/media?parent=720593"}],"wp:term":[{"taxonomy":"product_brand","embeddable":true,"href":"https:\/\/roveyayinevi.com.tr\/index.php\/wp-json\/wp\/v2\/product_brand?post=720593"},{"taxonomy":"product_cat","embeddable":true,"href":"https:\/\/roveyayinevi.com.tr\/index.php\/wp-json\/wp\/v2\/product_cat?post=720593"},{"taxonomy":"product_tag","embeddable":true,"href":"https:\/\/roveyayinevi.com.tr\/index.php\/wp-json\/wp\/v2\/product_tag?post=720593"}],"curies":[{"name":"wp","href":"https:\/\/api.w.org\/{rel}","templated":true}]}}