{"id":720590,"date":"2025-08-27T18:38:04","date_gmt":"2025-08-27T15:38:04","guid":{"rendered":"https:\/\/roveyayinevi.com.tr\/index.php\/urun\/hodan-terk-edilmis-sofralar-1\/"},"modified":"2026-02-03T02:42:54","modified_gmt":"2026-02-02T23:42:54","slug":"hodan-terk-edilmis-sofralar-1","status":"publish","type":"product","link":"https:\/\/roveyayinevi.com.tr\/index.php\/urun\/hodan-terk-edilmis-sofralar-1\/","title":{"rendered":"Hodan \u2013 Terk Edilmi\u015f Sofralar 1"},"content":{"rendered":"<p>Yaban do\u011fas\u0131yla, sert iklimiyle bilinen do\u011fup b\u00fcy\u00fcd\u00fc\u011f\u00fc topraklardan gen\u00e7 ya\u015fta kopan Hodan, 6-7 Eyl\u00fcl 1955\u2019te Beyo\u011flu\u2019na sevk edilen askeri birli\u011fin i\u00e7inde, 1 May\u0131s 1977\u2019de Taksim mitinginde i\u015f\u00e7iler aras\u0131ndad\u0131r&#8230; \u00d6nceki romanlar\u0131nda kimlik, aidiyet, \u00f6teki, g\u00f6\u00e7, yurt edinme, uyruk, az\u0131nl\u0131k konular\u0131na y\u00f6nelen Do\u011fan Yar\u0131c\u0131 d\u00f6rd\u00fcnc\u00fc roman\u0131 Hodanile benzer sorunlar\u0131 k\u00fclt\u00fcrel, toplumsal, siyasal boyutlar\u0131yla masals\u0131 bir anlat\u0131m\u0131n i\u00e7ine yerle\u015ftiriyor. \u201cTerk Edilmi\u015f Sofralar\u201d \u00fc\u00e7lemesinin ilkinde Hodan\u2019\u0131n 1938\u2019den 1980\u2019lere uzanan ya\u015fam\u00f6yk\u00fcs\u00fc Yar\u0131c\u0131\u2019n\u0131n kaleminde yap\u0131sal, anlat\u0131msal, dilsel inceliklerle dolu bir ger\u00e7ekli\u011fe b\u00fcr\u00fcn\u00fcyor. Do\u011fan Yar\u0131c\u0131 edebiyat\u0131n her \u015feyden \u00f6nce bir dil ve anlat\u0131m olay\u0131 oldu\u011funu g\u00fc\u00e7l\u00fc bir bi\u00e7imde duyuruyor. <\/p>\n","protected":false},"excerpt":{"rendered":"<p>Yaban do\u011fas\u0131yla, sert iklimiyle bilinen do\u011fup b\u00fcy\u00fcd\u00fc\u011f\u00fc topraklardan gen\u00e7 ya\u015fta kopan Hodan, 6-7 Eyl\u00fcl 1955\u2019te Beyo\u011flu\u2019na sevk edilen askeri birli\u011fin i\u00e7inde, 1 May\u0131s 1977\u2019de Taksim mitinginde<span class=\"excerpt-hellip\"> [\u2026]<\/span><\/p>\n","protected":false},"featured_media":0,"template":"","meta":{"_monsterinsights_skip_tracking":false,"_monsterinsights_sitenote_active":false,"_monsterinsights_sitenote_note":"","_monsterinsights_sitenote_category":0},"product_brand":[],"product_cat":[12291,12711],"product_tag":[],"class_list":{"0":"post-720590","1":"product","2":"type-product","3":"status-publish","5":"product_cat-edebiyat","6":"product_cat-roman-oyku","7":"pa_cilt-ciltsiz","8":"pa_tur-kitap","9":"pa_yayinevi-yapi-kredi-yayinlari","10":"pa_yazar-dogan-yarici","12":"first","13":"instock","14":"sale","15":"shipping-taxable","16":"purchasable","17":"product-type-simple"},"_links":{"self":[{"href":"https:\/\/roveyayinevi.com.tr\/index.php\/wp-json\/wp\/v2\/product\/720590","targetHints":{"allow":["GET"]}}],"collection":[{"href":"https:\/\/roveyayinevi.com.tr\/index.php\/wp-json\/wp\/v2\/product"}],"about":[{"href":"https:\/\/roveyayinevi.com.tr\/index.php\/wp-json\/wp\/v2\/types\/product"}],"wp:attachment":[{"href":"https:\/\/roveyayinevi.com.tr\/index.php\/wp-json\/wp\/v2\/media?parent=720590"}],"wp:term":[{"taxonomy":"product_brand","embeddable":true,"href":"https:\/\/roveyayinevi.com.tr\/index.php\/wp-json\/wp\/v2\/product_brand?post=720590"},{"taxonomy":"product_cat","embeddable":true,"href":"https:\/\/roveyayinevi.com.tr\/index.php\/wp-json\/wp\/v2\/product_cat?post=720590"},{"taxonomy":"product_tag","embeddable":true,"href":"https:\/\/roveyayinevi.com.tr\/index.php\/wp-json\/wp\/v2\/product_tag?post=720590"}],"curies":[{"name":"wp","href":"https:\/\/api.w.org\/{rel}","templated":true}]}}