{"id":720589,"date":"2025-08-27T18:38:04","date_gmt":"2025-08-27T15:38:04","guid":{"rendered":"https:\/\/roveyayinevi.com.tr\/index.php\/urun\/uygarliklarin-batisi\/"},"modified":"2026-04-16T02:28:40","modified_gmt":"2026-04-15T23:28:40","slug":"uygarliklarin-batisi","status":"publish","type":"product","link":"https:\/\/roveyayinevi.com.tr\/index.php\/urun\/uygarliklarin-batisi\/","title":{"rendered":"Uygarl\u0131klar\u0131n Bat\u0131\u015f\u0131"},"content":{"rendered":"<p>Uygarl\u0131klar\u0131n Bat\u0131\u015f\u0131, do\u011fup b\u00fcy\u00fcd\u00fc\u011f\u00fc L\u00fcbnan\u2019\u0131n \u00e7okk\u00fclt\u00fcrl\u00fcl\u00fc\u011f\u00fcnden beslenen ve bunun \u00f6nemini her zaman dile getiren Amin Maalouf\u2019un \u00d6l\u00fcmc\u00fcl Kimlikler ve \u00c7ivisi \u00c7\u0131km\u0131\u015f D\u00fcnya ile ba\u015flad\u0131\u011f\u0131 d\u00fc\u015f\u00fcnce ser\u00fcveninde en karamsar durak. Buzda\u011f\u0131n\u0131 g\u00f6rd\u00fc\u011f\u00fc halde ilerlemeye devam eden insanl\u0131k gemisi i\u00e7in bir taziye. Her ne kadar h\u00e2l\u00e2 s\u00fcper g\u00fc\u00e7 olarak an\u0131lsa da ahlakiinand\u0131r\u0131c\u0131l\u0131\u011f\u0131n\u0131 kaybetmekte olan Amerika; \u00e7a\u011f\u0131m\u0131z\u0131nen umut verici projelerinden biri olarak s\u0131n\u0131rlar\u0131kald\u0131rmay\u0131 ama\u00e7layan, ancak bug\u00fcn par\u00e7alanman\u0131ne\u015fi\u011fine gelmi\u015f Avrupa Birli\u011fi; umutsuzlu\u011fa kap\u0131lm\u0131\u015fve herkesin kendisinden nefret etti\u011fi yan\u0131lsamas\u0131i\u00e7inde d\u00fcnyaya s\u0131rt \u00e7eviren Arap-M\u00fcsl\u00fcman \u00e2lemi;yeni s\u00fcper g\u00fc\u00e7 olma yolunda silahlanma da dahilher alanda b\u00fcy\u00fck ad\u0131mlarla birbirleriyle yar\u0131\u015fan \u00c7in,Hindistan, Rusya&#8230; Ve \u00e7a\u011f\u0131m\u0131z\u0131n ya\u015fad\u0131\u011f\u0131 muazzam teknolojik ilerlemeninb\u00fcy\u00fcs\u00fc ard\u0131na saklanm\u0131\u015f iklim felaketleri, etnikd\u00fc\u015fmanl\u0131klar, kaybolmu\u015f \u00f6zg\u00fcrl\u00fck hayali ve pusulas\u0131n\u0131yitirmi\u015f insanl\u0131k. <\/p>\n","protected":false},"excerpt":{"rendered":"<p>Uygarl\u0131klar\u0131n Bat\u0131\u015f\u0131, do\u011fup b\u00fcy\u00fcd\u00fc\u011f\u00fc L\u00fcbnan\u2019\u0131n \u00e7okk\u00fclt\u00fcrl\u00fcl\u00fc\u011f\u00fcnden beslenen ve bunun \u00f6nemini her zaman dile getiren Amin Maalouf\u2019un \u00d6l\u00fcmc\u00fcl Kimlikler ve \u00c7ivisi \u00c7\u0131km\u0131\u015f D\u00fcnya ile ba\u015flad\u0131\u011f\u0131 d\u00fc\u015f\u00fcnce ser\u00fcveninde<span class=\"excerpt-hellip\"> [\u2026]<\/span><\/p>\n","protected":false},"featured_media":0,"template":"","meta":{"_monsterinsights_skip_tracking":false,"_monsterinsights_sitenote_active":false,"_monsterinsights_sitenote_note":"","_monsterinsights_sitenote_category":0},"product_brand":[],"product_cat":[12777,12291],"product_tag":[],"class_list":{"0":"post-720589","1":"product","2":"type-product","3":"status-publish","5":"product_cat-deneme","6":"product_cat-edebiyat","7":"pa_cilt-ciltsiz","8":"pa_tur-kitap","9":"pa_yayinevi-yapi-kredi-yayinlari","10":"pa_yazar-amin-maalouf","12":"first","13":"instock","14":"sale","15":"shipping-taxable","16":"purchasable","17":"product-type-simple"},"_links":{"self":[{"href":"https:\/\/roveyayinevi.com.tr\/index.php\/wp-json\/wp\/v2\/product\/720589","targetHints":{"allow":["GET"]}}],"collection":[{"href":"https:\/\/roveyayinevi.com.tr\/index.php\/wp-json\/wp\/v2\/product"}],"about":[{"href":"https:\/\/roveyayinevi.com.tr\/index.php\/wp-json\/wp\/v2\/types\/product"}],"wp:attachment":[{"href":"https:\/\/roveyayinevi.com.tr\/index.php\/wp-json\/wp\/v2\/media?parent=720589"}],"wp:term":[{"taxonomy":"product_brand","embeddable":true,"href":"https:\/\/roveyayinevi.com.tr\/index.php\/wp-json\/wp\/v2\/product_brand?post=720589"},{"taxonomy":"product_cat","embeddable":true,"href":"https:\/\/roveyayinevi.com.tr\/index.php\/wp-json\/wp\/v2\/product_cat?post=720589"},{"taxonomy":"product_tag","embeddable":true,"href":"https:\/\/roveyayinevi.com.tr\/index.php\/wp-json\/wp\/v2\/product_tag?post=720589"}],"curies":[{"name":"wp","href":"https:\/\/api.w.org\/{rel}","templated":true}]}}