{"id":720587,"date":"2025-08-27T18:38:02","date_gmt":"2025-08-27T15:38:02","guid":{"rendered":"https:\/\/roveyayinevi.com.tr\/index.php\/urun\/frankenstein-ya-da-modern-prometheus-2\/"},"modified":"2026-04-16T02:28:40","modified_gmt":"2026-04-15T23:28:40","slug":"frankenstein-ya-da-modern-prometheus-2","status":"publish","type":"product","link":"https:\/\/roveyayinevi.com.tr\/index.php\/urun\/frankenstein-ya-da-modern-prometheus-2\/","title":{"rendered":"Frankenstein ya da Modern Prometheus"},"content":{"rendered":"<p>\u201cT\u00fcm tahminlerim ve \u00fcmitlerim bo\u015f \u00e7\u0131kt\u0131 ve Tanr\u0131\u2019ya \u00f6yk\u00fcnen melek misali sonsuza kadar cehenneme zincirlendim. Muhayyilem capcanl\u0131, analiz ve uygulama kabiliyetimse g\u00fc\u00e7l\u00fcyd\u00fc. \u0130\u015fte bu niteliklerimin bir araya gelmesi sayesinde bir insan yaratma fikrini geli\u015ftirip ger\u00e7ekle\u015ftirebildim. \u0130\u015fimi tamamlad\u0131\u011f\u0131m zamanki duygular\u0131m\u0131 \u015fu an bile heyecanla an\u0131yorum. K\u00e2h g\u00fcc\u00fcm\u00fcn co\u015fkusuna kap\u0131larak k\u00e2h muhtemel sonu\u00e7lar\u0131na kafa yorarak hayallerimde cennetin bah\u00e7elerini ar\u015f\u0131nlad\u0131m. \u00c7ocuklu\u011fumdan beri bana b\u00fcy\u00fck umutlar ve tutkular a\u015f\u0131lanm\u0131\u015ft\u0131, oysa \u015fimdi bak nas\u0131l da y\u0131k\u0131ld\u0131m!\u201dBilim tutkunu gen\u00e7 \u00f6\u011frenci Victor Frankenstein\u2019\u0131n yaratt\u0131\u011f\u0131 varl\u0131\u011f\u0131 g\u00f6rd\u00fc\u011f\u00fc anda s\u00f6yledi\u011fi bu s\u00f6zler kendi \u00e7ocuklar\u0131n\u0131 terk eden Tanr\u0131\u2019n\u0131n hayal k\u0131r\u0131kl\u0131\u011f\u0131n\u0131n yans\u0131mas\u0131 olarak yorumland\u0131. Frankenstein\u2019\u0131n yaln\u0131zla\u015fmaya ve yabanc\u0131la\u015fmaya mahk\u00fbm edilen canavar\u0131ysa, \u00f6l\u00fc do\u011faya can veren yarat\u0131c\u0131 taraf\u0131ndan bu d\u00fcnyada tek ba\u015f\u0131na b\u0131rak\u0131lan modern insan\u0131n kaderini temsil ediyordu.Shelley\u2019nin Frankenstein ya da Modern Prometheus\u2019u, XVIII. y\u00fczy\u0131l Avrupa\u2019s\u0131n\u0131n Ayd\u0131nlanmac\u0131 tutkular\u0131n\u0131n k\u00fclt\u00fcr a\u00e7\u0131s\u0131ndan korkun\u00e7 sonu\u00e7lar\u0131n\u0131 hayal eder. Bilimden yararlanarak \u201cdo\u011fan\u0131n s\u0131rlar\u0131na n\u00fcfuz etme\u201dye y\u00f6nelirken, insan do\u011fas\u0131 ve bedeni dahil olmak \u00fczere her \u015feyi birer nesneye \u00e7eviren Ayd\u0131nlanmac\u0131 arzu, Frankenstein\u2019\u0131 pi\u015fmanl\u0131kla son bulacak bir ser\u00fcvene s\u00fcr\u00fckler: Frankenstein\u2019\u0131n canavar\u0131, asl\u0131nda akl\u0131n kendi canavar\u0131d\u0131r ve \u015fimdi sadece bu canavardan de\u011fil, onu yaratan akl\u0131n kendisinden de korkulmas\u0131 gerekmektedir.<\/p>\n","protected":false},"excerpt":{"rendered":"<p>\u201cT\u00fcm tahminlerim ve \u00fcmitlerim bo\u015f \u00e7\u0131kt\u0131 ve Tanr\u0131\u2019ya \u00f6yk\u00fcnen melek misali sonsuza kadar cehenneme zincirlendim. Muhayyilem capcanl\u0131, analiz ve uygulama kabiliyetimse g\u00fc\u00e7l\u00fcyd\u00fc. \u0130\u015fte bu niteliklerimin bir<span class=\"excerpt-hellip\"> [\u2026]<\/span><\/p>\n","protected":false},"featured_media":0,"template":"","meta":{"_monsterinsights_skip_tracking":false,"_monsterinsights_sitenote_active":false,"_monsterinsights_sitenote_note":"","_monsterinsights_sitenote_category":0},"product_brand":[],"product_cat":[12291,12711],"product_tag":[],"class_list":{"0":"post-720587","1":"product","2":"type-product","3":"status-publish","5":"product_cat-edebiyat","6":"product_cat-roman-oyku","7":"pa_cilt-ciltsiz","8":"pa_tur-kitap","9":"pa_yayinevi-can-yayinlari","10":"pa_yazar-mary-shelley","12":"first","13":"instock","14":"sale","15":"shipping-taxable","16":"purchasable","17":"product-type-simple"},"_links":{"self":[{"href":"https:\/\/roveyayinevi.com.tr\/index.php\/wp-json\/wp\/v2\/product\/720587","targetHints":{"allow":["GET"]}}],"collection":[{"href":"https:\/\/roveyayinevi.com.tr\/index.php\/wp-json\/wp\/v2\/product"}],"about":[{"href":"https:\/\/roveyayinevi.com.tr\/index.php\/wp-json\/wp\/v2\/types\/product"}],"wp:attachment":[{"href":"https:\/\/roveyayinevi.com.tr\/index.php\/wp-json\/wp\/v2\/media?parent=720587"}],"wp:term":[{"taxonomy":"product_brand","embeddable":true,"href":"https:\/\/roveyayinevi.com.tr\/index.php\/wp-json\/wp\/v2\/product_brand?post=720587"},{"taxonomy":"product_cat","embeddable":true,"href":"https:\/\/roveyayinevi.com.tr\/index.php\/wp-json\/wp\/v2\/product_cat?post=720587"},{"taxonomy":"product_tag","embeddable":true,"href":"https:\/\/roveyayinevi.com.tr\/index.php\/wp-json\/wp\/v2\/product_tag?post=720587"}],"curies":[{"name":"wp","href":"https:\/\/api.w.org\/{rel}","templated":true}]}}