{"id":720586,"date":"2025-08-27T18:38:01","date_gmt":"2025-08-27T15:38:01","guid":{"rendered":"https:\/\/roveyayinevi.com.tr\/index.php\/urun\/hukuki-argumantasyonun-temelleri\/"},"modified":"2026-04-16T02:28:40","modified_gmt":"2026-04-15T23:28:40","slug":"hukuki-argumantasyonun-temelleri","status":"publish","type":"product","link":"https:\/\/roveyayinevi.com.tr\/index.php\/urun\/hukuki-argumantasyonun-temelleri\/","title":{"rendered":"Hukuki Arg\u00fcmantasyonun Temelleri"},"content":{"rendered":"<p>Bir yarg\u0131 karar\u0131 ne zaman do\u011fru olur? Kararlar\u0131n sa\u011flam veya g\u00fc\u00e7l\u00fc kabul edilebilmesi i\u00e7in hangi \u015fartlar bulunmal\u0131d\u0131r? Kararlar nas\u0131l gerek\u00e7elendirilir? Farkl\u0131 gerek\u00e7elendirme teorileri nelerdir? Gerek\u00e7elendirme teorilerindeki \u00e7a\u011fda\u015f e\u011filim ve ara\u015ft\u0131rmalar ne diyor? Yapay zek\u00e2 ara\u015ft\u0131rmalar\u0131 yarg\u0131 kararlar\u0131n\u0131n gerek\u00e7elendirilmesine ili\u015fkin ne s\u00f6yl\u00fcyor? Hukuki Arg\u00fcmantasyonun Temelleri, yarg\u0131 kararlar\u0131n\u0131n do\u011frulu\u011fu ve gerek\u00e7elendirilmesi hakk\u0131ndaki bu gibi sorular\u0131n pe\u015fine d\u00fc\u015fm\u00fc\u015f farkl\u0131 g\u00f6r\u00fc\u015fleri okura b\u00fct\u00fcnl\u00fckl\u00fc bir yap\u0131 i\u00e7erisinde sunuyor. Toulmin, Perelman, Alexy, Aarnio, Peczenik ve MacCormick gibi, yarg\u0131 kararlar\u0131n\u0131n gerek\u00e7elendirilmesi hakk\u0131nda kurucu eserler sunmu\u015f yazarlar\u0131n teorilerini \u00f6zetlerken, ayn\u0131 zamanda \u00e7a\u011fda\u015f arg\u00fcmantasyon teorisindeki hukuki karar vermeyle ilgili geli\u015fmeleri aktar\u0131yor. Hukuk devleti idealinin ger\u00e7ekle\u015fmesi i\u00e7in hayati ko\u015fullardan biri olan yarg\u0131 kararlar\u0131n\u0131n rasyonalitesi sorununu farkl\u0131 gerek\u00e7elendirme teorilerinin \u0131\u015f\u0131\u011f\u0131nda inceliyor. Geni\u015f bir tabandan beslenen kitap, sadece hukuki arg\u00fcmantasyon ara\u015ft\u0131rmac\u0131lar\u0131 i\u00e7in ilham kayna\u011f\u0131 olmakla kalm\u0131yor, hukuki ak\u0131l y\u00fcr\u00fctmenin esaslar\u0131n\u0131 \u00f6z\u00fcmsemesi gereken her meslekten hukuk\u00e7u i\u00e7in hukuk uygulamas\u0131n\u0131n standartlar\u0131n\u0131n y\u00fckseltilmesinde yard\u0131mc\u0131 olma vaadinde bulunuyor.<\/p>\n","protected":false},"excerpt":{"rendered":"<p>Bir yarg\u0131 karar\u0131 ne zaman do\u011fru olur? Kararlar\u0131n sa\u011flam veya g\u00fc\u00e7l\u00fc kabul edilebilmesi i\u00e7in hangi \u015fartlar bulunmal\u0131d\u0131r? Kararlar nas\u0131l gerek\u00e7elendirilir? Farkl\u0131 gerek\u00e7elendirme teorileri nelerdir? Gerek\u00e7elendirme teorilerindeki<span class=\"excerpt-hellip\"> [\u2026]<\/span><\/p>\n","protected":false},"featured_media":0,"template":"","meta":{"_monsterinsights_skip_tracking":false,"_monsterinsights_sitenote_active":false,"_monsterinsights_sitenote_note":"","_monsterinsights_sitenote_category":0},"product_brand":[],"product_cat":[15350,17602],"product_tag":[],"class_list":{"0":"post-720586","1":"product","2":"type-product","3":"status-publish","5":"product_cat-hukuk","6":"product_cat-hukuk-uzerine","7":"pa_cilt-ciltsiz","8":"pa_tur-kitap","9":"pa_yayinevi-pinhan-yayincilik","10":"pa_yazar-eveline-t-feteris","12":"first","13":"instock","14":"sale","15":"shipping-taxable","16":"purchasable","17":"product-type-simple"},"_links":{"self":[{"href":"https:\/\/roveyayinevi.com.tr\/index.php\/wp-json\/wp\/v2\/product\/720586","targetHints":{"allow":["GET"]}}],"collection":[{"href":"https:\/\/roveyayinevi.com.tr\/index.php\/wp-json\/wp\/v2\/product"}],"about":[{"href":"https:\/\/roveyayinevi.com.tr\/index.php\/wp-json\/wp\/v2\/types\/product"}],"wp:attachment":[{"href":"https:\/\/roveyayinevi.com.tr\/index.php\/wp-json\/wp\/v2\/media?parent=720586"}],"wp:term":[{"taxonomy":"product_brand","embeddable":true,"href":"https:\/\/roveyayinevi.com.tr\/index.php\/wp-json\/wp\/v2\/product_brand?post=720586"},{"taxonomy":"product_cat","embeddable":true,"href":"https:\/\/roveyayinevi.com.tr\/index.php\/wp-json\/wp\/v2\/product_cat?post=720586"},{"taxonomy":"product_tag","embeddable":true,"href":"https:\/\/roveyayinevi.com.tr\/index.php\/wp-json\/wp\/v2\/product_tag?post=720586"}],"curies":[{"name":"wp","href":"https:\/\/api.w.org\/{rel}","templated":true}]}}