{"id":720585,"date":"2025-08-27T18:38:01","date_gmt":"2025-08-27T15:38:01","guid":{"rendered":"https:\/\/roveyayinevi.com.tr\/index.php\/urun\/en-buyuk-isim\/"},"modified":"2026-01-26T02:46:08","modified_gmt":"2026-01-25T23:46:08","slug":"en-buyuk-isim","status":"publish","type":"product","link":"https:\/\/roveyayinevi.com.tr\/index.php\/urun\/en-buyuk-isim\/","title":{"rendered":"En B\u00fcy\u00fck \u0130sim"},"content":{"rendered":"<p>Tarih boyunca insanlar, kendilerini ve \u00e7evrelerini de\u011fi\u015ftirecek\/d\u00f6n\u00fc\u015ft\u00fcrecek \u201ctasarruf edici\u201d bir g\u00fcc\u00fcn\/kudretin ellerinde olmas\u0131n\u0131 \u00e7ok arzu etmi\u015flerdir. Kendisine dokunan\u0131 alt\u0131n\u2019a d\u00f6n\u00fc\u015ft\u00fcrd\u00fc\u011f\u00fcne inan\u0131lan \u201cFilozof Ta\u015f\u0131\u201d yani \u201cKibr\u00eet-i Ahmer\u201d adl\u0131 efs\u00e2nev\u00ee madde\/ta\u015f bunlardan biridir. \u201cM\u00fchr-i S\u00fcleym\u00e2n\u201d yani Hz. S\u00fcleym\u00e2n\u2019\u0131n parma\u011f\u0131nda ta\u015f\u0131d\u0131\u011f\u0131 y\u00fcz\u00fc\u011f\u00fc de b\u00f6yledir. \u201cKibr\u00eet-i Ahmer\u201d ve \u201cM\u00fchr-i S\u00fcleym\u00e2n\u201d\u0131n yan\u0131nda bir ba\u015fka aranan g\u00fc\u00e7 de \u201c\u0130sm-i \u00c2zam\u201dd\u0131r. Hz. Peygamber \u201c\u0130sm-i \u00c2zam, Allah\u2019\u0131n isimlerinden birisidir ve bu isimle yap\u0131lan du\u00e2lar mutlak kabul edilir\u201d buyurmu\u015ftur. D\u00fc\u015f\u00fcn\u00fcld\u00fc\u011f\u00fcnde \u201cKibr\u00eet-i Ahmer\u201d de, \u201cM\u00fchr-i S\u00fcleym\u00e2n\u201d da, \u201c\u0130sm-i \u00c2zam\u201d da birbirleriyle \u00f6rt\u00fc\u015fen kavramlard\u0131r; \u00fc\u00e7\u00fcn\u00fcn de ortak noktas\u0131 insan\u0131n var olan\u0131 de\u011fi\u015ftirme ve d\u00f6n\u00fc\u015ft\u00fcrme g\u00fcc\u00fcn\u00fc\/kudretini\/ir\u00e2desini elinde tutma, kontrol etme iste\u011fi veya tutkusudur. Asl\u0131nda Allah\u2019a nisbet edildi\u011finde Allah\u2019\u0131n b\u00fct\u00fcn isimleri -aralar\u0131nda bir fark g\u00f6zetmeksizin- b\u00fcy\u00fckt\u00fcr. B\u00fct\u00fcn isimler, Allah\u2019\u0131n farkl\u0131 bir vechesinin\/fiilinin tecell\u00eesidir ve hepsi tek bir hak\u00eekate i\u015faret etmektedir. \u00c2lem, Allah\u2019\u0131n isimlerinin birer tecell\u00eesinden meydana gelmi\u015ftir ve t\u00fcm bu isimler varl\u0131\u011f\u0131n varolu\u015funun temelidir. B\u00fct\u00fcn isimlerin toplam\u0131 ise sadece insan\u0131n i\u00e7inde potansiyel olarak vard\u0131r ve bu anlamda insan yery\u00fcz\u00fcnde Allah\u2019\u0131 g\u00f6steren en g\u00fczel\/kem\u00e2l aynad\u0131r. Allah\u2019\u0131n en g\u00fczel\/y\u00fcce\/b\u00fcy\u00fck ismi genelde insan, \u00f6zelde ise Hz. Peygamber\u2019dir. \u201cEn B\u00fcy\u00fck \u0130sim\u201d adl\u0131 bu \u00e7al\u0131\u015fman\u0131n \u201c\u0130sm-i \u00c2zam\u201d\u0131 arayanlara hikmetli kap\u0131lar a\u00e7mas\u0131n\u0131 t\u00fcm isimlerin tek m\u00fcsemm\u00e2s\u0131 olan Allah\u2019tan niy\u00e2z ediyorum. <\/p>\n","protected":false},"excerpt":{"rendered":"<p>Tarih boyunca insanlar, kendilerini ve \u00e7evrelerini de\u011fi\u015ftirecek\/d\u00f6n\u00fc\u015ft\u00fcrecek \u201ctasarruf edici\u201d bir g\u00fcc\u00fcn\/kudretin ellerinde olmas\u0131n\u0131 \u00e7ok arzu etmi\u015flerdir. Kendisine dokunan\u0131 alt\u0131n\u2019a d\u00f6n\u00fc\u015ft\u00fcrd\u00fc\u011f\u00fcne inan\u0131lan \u201cFilozof Ta\u015f\u0131\u201d yani \u201cKibr\u00eet-i Ahmer\u201d<span class=\"excerpt-hellip\"> [\u2026]<\/span><\/p>\n","protected":false},"featured_media":0,"template":"","meta":{"_monsterinsights_skip_tracking":false,"_monsterinsights_sitenote_active":false,"_monsterinsights_sitenote_note":"","_monsterinsights_sitenote_category":0},"product_brand":[],"product_cat":[12718,12719,15238],"product_tag":[],"class_list":{"0":"post-720585","1":"product","2":"type-product","3":"status-publish","5":"product_cat-din","6":"product_cat-islam","7":"product_cat-tasavvuf","8":"pa_cilt-ciltsiz","9":"pa_tur-kitap","10":"pa_yayinevi-hayykitap","11":"pa_yazar-necmetin-sahinler","13":"first","14":"instock","15":"sale","16":"shipping-taxable","17":"purchasable","18":"product-type-simple"},"_links":{"self":[{"href":"https:\/\/roveyayinevi.com.tr\/index.php\/wp-json\/wp\/v2\/product\/720585","targetHints":{"allow":["GET"]}}],"collection":[{"href":"https:\/\/roveyayinevi.com.tr\/index.php\/wp-json\/wp\/v2\/product"}],"about":[{"href":"https:\/\/roveyayinevi.com.tr\/index.php\/wp-json\/wp\/v2\/types\/product"}],"wp:attachment":[{"href":"https:\/\/roveyayinevi.com.tr\/index.php\/wp-json\/wp\/v2\/media?parent=720585"}],"wp:term":[{"taxonomy":"product_brand","embeddable":true,"href":"https:\/\/roveyayinevi.com.tr\/index.php\/wp-json\/wp\/v2\/product_brand?post=720585"},{"taxonomy":"product_cat","embeddable":true,"href":"https:\/\/roveyayinevi.com.tr\/index.php\/wp-json\/wp\/v2\/product_cat?post=720585"},{"taxonomy":"product_tag","embeddable":true,"href":"https:\/\/roveyayinevi.com.tr\/index.php\/wp-json\/wp\/v2\/product_tag?post=720585"}],"curies":[{"name":"wp","href":"https:\/\/api.w.org\/{rel}","templated":true}]}}