{"id":720578,"date":"2025-08-27T18:37:55","date_gmt":"2025-08-27T15:37:55","guid":{"rendered":"https:\/\/roveyayinevi.com.tr\/index.php\/urun\/bilgi-ve-belgelerle-cerrahi-tarihimiz\/"},"modified":"2026-04-16T02:28:40","modified_gmt":"2026-04-15T23:28:40","slug":"bilgi-ve-belgelerle-cerrahi-tarihimiz","status":"publish","type":"product","link":"https:\/\/roveyayinevi.com.tr\/index.php\/urun\/bilgi-ve-belgelerle-cerrahi-tarihimiz\/","title":{"rendered":"Bilgi ve Belgelerle Cerrahi Tarihimiz"},"content":{"rendered":"<p>Bu kitap yeterince ara\u015ft\u0131r\u0131lmam\u0131\u015f ve yaz\u0131lmam\u0131\u015f olan T\u00fcrkiye cerrahi tarihini Osmanl\u0131\u2019dan ba\u015flayarak, bir k\u0131sm\u0131 yazar\u0131n kendi ar\u015fivinden olmak \u00fczere e\u015fsiz belgeler e\u015fli\u011finde 70\u2019lere kadar getiriyor. Kitab\u0131 okurken kal\u0131c\u0131 kurumlar yaratman\u0131n ne kadar g\u00fc\u00e7 oldu\u011funu ve bireylerin mucizevi etkilerini g\u00f6r\u00fcyor, zaman zaman b\u00fcy\u00fck hayranl\u0131k duyuyor, zaman zaman da derin h\u00fcz\u00fcnlere kap\u0131l\u0131yorsunuz. Bilim insan\u0131 titizli\u011fi ile derlenmi\u015f cerrahi a\u015fk\u0131 ile yaz\u0131lm\u0131\u015f bu kitap \u00e7ok b\u00fcy\u00fck bir eksikli\u011fi gideriyor. A\u015fkla yaz\u0131lm\u0131\u015f bir tarih kitab\u0131, a\u015fkla okunuyor. Prof. Dr. Cem Terzi &#8211; T\u00fcrk Cerrahi Derne\u011fi Eski Ba\u015fkan\u0131, \u0130zmir Cerrahi tarihimize farkl\u0131 bir bak\u0131\u015f getiren bu eser, tamamen belgelere dayal\u0131 olmas\u0131 nedeni ile dikkat \u00e7ekici. Bu y\u00f6n\u00fcyle \u00f6zellikle yak\u0131n d\u00f6nem cerrahi ge\u00e7mi\u015fimize \u0131\u015f\u0131k tutuyor. Hem ara\u015ft\u0131rmac\u0131lar i\u00e7in bir ba\u015fvuru kayna\u011f\u0131, hem de rahat okunan, roman tad\u0131nda bir inceleme. Prof. Dr. Osman Abbaso\u011flu \u2013 Hacettepe \u00dcniversitesi, Ankara Tarih\u00e7e yazmak kolay de\u011fil. T\u00fcrkiye\u2019nin cerrahi tarih\u00e7esini yazmak hi\u00e7 kolay de\u011fil. Pozitif bilimlere inan\u00e7la yola \u00e7\u0131kanlar\u0131n, k\u00f6kl\u00fc bir k\u00fclt\u00fcrle g\u00fcmrah bir \u00fclke kuranlar\u0131n \u00e7a\u011fda\u015f bir bilim, sanat ve zanaat piramidi in\u015fa etmelerinin tarih\u00e7esini yazmak. Ara\u015ft\u0131rmac\u0131 y\u00fcre\u011fiyle, bilgi y\u00fck\u00fcyle hik\u00e2ye lezzetinde yazmak. Ancak bu inan\u00e7tan do\u011fan, b\u00fcy\u00fcyen, cerrahla\u015fan gen\u00e7 bir bilimci yapabilir bunu. Tek bir hacme, dantel \u00f6l\u00e7\u00fcs\u00fcyle ansiklopedik \u00e7ok bilgi s\u0131\u011fd\u0131rm\u0131\u015f bu eser. Te\u015fekk\u00fcrler Kaya\u2019m. Te\u015fekk\u00fcrler Kaya hocam. Te\u015fekk\u00fcrler T\u00fcrkiye. Prof. Dr. Seza G\u00fcle\u00e7 \u2013 Florida  Uluslararas\u0131 \u00dcniversitesi, Miami <\/p>\n","protected":false},"excerpt":{"rendered":"<p>Bu kitap yeterince ara\u015ft\u0131r\u0131lmam\u0131\u015f ve yaz\u0131lmam\u0131\u015f olan T\u00fcrkiye cerrahi tarihini Osmanl\u0131\u2019dan ba\u015flayarak, bir k\u0131sm\u0131 yazar\u0131n kendi ar\u015fivinden olmak \u00fczere e\u015fsiz belgeler e\u015fli\u011finde 70\u2019lere kadar getiriyor. Kitab\u0131<span class=\"excerpt-hellip\"> [\u2026]<\/span><\/p>\n","protected":false},"featured_media":0,"template":"","meta":{"_monsterinsights_skip_tracking":false,"_monsterinsights_sitenote_active":false,"_monsterinsights_sitenote_note":"","_monsterinsights_sitenote_category":0},"product_brand":[],"product_cat":[12370,12304],"product_tag":[],"class_list":{"0":"post-720578","1":"product","2":"type-product","3":"status-publish","5":"product_cat-arastirma-inceleme","6":"product_cat-tarih","7":"pa_cilt-ciltsiz","8":"pa_tur-kitap","9":"pa_yayinevi-arkadas-yayinlari","10":"pa_yazar-kaya-yorganci-arzu-topeli-iskit","12":"first","13":"instock","14":"sale","15":"shipping-taxable","16":"purchasable","17":"product-type-simple"},"_links":{"self":[{"href":"https:\/\/roveyayinevi.com.tr\/index.php\/wp-json\/wp\/v2\/product\/720578","targetHints":{"allow":["GET"]}}],"collection":[{"href":"https:\/\/roveyayinevi.com.tr\/index.php\/wp-json\/wp\/v2\/product"}],"about":[{"href":"https:\/\/roveyayinevi.com.tr\/index.php\/wp-json\/wp\/v2\/types\/product"}],"wp:attachment":[{"href":"https:\/\/roveyayinevi.com.tr\/index.php\/wp-json\/wp\/v2\/media?parent=720578"}],"wp:term":[{"taxonomy":"product_brand","embeddable":true,"href":"https:\/\/roveyayinevi.com.tr\/index.php\/wp-json\/wp\/v2\/product_brand?post=720578"},{"taxonomy":"product_cat","embeddable":true,"href":"https:\/\/roveyayinevi.com.tr\/index.php\/wp-json\/wp\/v2\/product_cat?post=720578"},{"taxonomy":"product_tag","embeddable":true,"href":"https:\/\/roveyayinevi.com.tr\/index.php\/wp-json\/wp\/v2\/product_tag?post=720578"}],"curies":[{"name":"wp","href":"https:\/\/api.w.org\/{rel}","templated":true}]}}