{"id":720577,"date":"2025-08-27T18:37:54","date_gmt":"2025-08-27T15:37:54","guid":{"rendered":"https:\/\/roveyayinevi.com.tr\/index.php\/urun\/atlas-ciltli\/"},"modified":"2026-04-16T02:28:40","modified_gmt":"2026-04-15T23:28:40","slug":"atlas-ciltli","status":"publish","type":"product","link":"https:\/\/roveyayinevi.com.tr\/index.php\/urun\/atlas-ciltli\/","title":{"rendered":"Atlas (Ciltli)"},"content":{"rendered":"<p>ATLAS &#8211; K\u0131talar, Denizler ve K\u00fclt\u00fcrler Aras\u0131 Yolculuk Rehberi, sadece co\u011frafi bilgileri de\u011fil, \u00fclkelerin karakteristik y\u00f6nlerini de sunan b\u00fcy\u00fck boy haritalar\u0131,\u00f6d\u00fcll\u00fc tasar\u0131m\u0131 ve g\u00f6z al\u0131c\u0131 \u00e7izimleriyle size koltu\u011funuzdan k\u0131p\u0131rdamadan d\u00fcnya turuna \u00e7\u0131kar\u0131yor. D\u00fcnyan\u0131n bin bir harikas\u0131 ve ilgin\u00e7li\u011fi aras\u0131nda reng\u00e2renk bir yolculuk.\u0130zlanda\u2019n\u0131n buzullar\u0131, M\u0131s\u0131r\u2019\u0131n \u00e7\u00f6l kervanlar\u0131, Avustralya\u2019n\u0131n ornito renkleri, Madagaskar\u2019\u0131n dev baobab a\u011fa\u00e7lar\u0131, Meksikal\u0131lar\u0131n garip bayramlar\u0131 ve Charlie Chaplin\u2019den Halide Edip Ad\u0131var\u2019a \u00fclkelerini gururland\u0131ran isimler. T\u00fcm d\u00fcnya da b\u00fcy\u00fck ilgi g\u00f6ren, \u0130zlanda\u2019dan Polonya\u2019ya, Amerika\u2019dan \u0130spanya\u2019ya 37 dilde yay\u0131mlanan, \u00e7ocuk kitaplar\u0131nda en prestijli \u00f6d\u00fcllerden Prix Sorci\u00e8res (Fransa) ve Premio Andersen&#8217;i (\u0130talya) kazanan Atlas, devasa buzullardan k\u00fc\u00e7\u00fcc\u00fck b\u00f6ceklere, d\u00fcnyam\u0131z\u0131n bar\u0131nd\u0131rd\u0131\u011f\u0131 ak\u0131l almaz \u00e7e\u015fitlili\u011fi ve g\u00f6z al\u0131c\u0131 renkleri kutlamak i\u00e7in haz\u0131rlanm\u0131\u015f g\u00f6rselbir festival\u201cG\u00f6rd\u00fc\u011f\u00fcn\u00fcz anda dokunma hissi uyand\u0131ran bir kitap. \u00c7ocuklar kadar yeti\u015fkinleri de b\u00fcy\u00fclemesi muhtemel.\u201d Wall Street Journal \u201c\u0130lk g\u00f6r\u00fc\u015fte a\u015fk! Sizi daha fazlas\u0131n\u0131 merak etmeye, hatta yolculu\u011fa \u00e7a\u011f\u0131r\u0131yor.\u201d Guardian \u201cS\u0131n\u0131f ve k\u00fct\u00fcphaneler i\u00e7in olmazsa olmaz.\u201d School Librarian Journal <\/p>\n","protected":false},"excerpt":{"rendered":"<p>ATLAS &#8211; K\u0131talar, Denizler ve K\u00fclt\u00fcrler Aras\u0131 Yolculuk Rehberi, sadece co\u011frafi bilgileri de\u011fil, \u00fclkelerin karakteristik y\u00f6nlerini de sunan b\u00fcy\u00fck boy haritalar\u0131,\u00f6d\u00fcll\u00fc tasar\u0131m\u0131 ve g\u00f6z al\u0131c\u0131 \u00e7izimleriyle<span class=\"excerpt-hellip\"> [\u2026]<\/span><\/p>\n","protected":false},"featured_media":0,"template":"","meta":{"_monsterinsights_skip_tracking":false,"_monsterinsights_sitenote_active":false,"_monsterinsights_sitenote_note":"","_monsterinsights_sitenote_category":0},"product_brand":[],"product_cat":[13829,12274],"product_tag":[],"class_list":{"0":"post-720577","1":"product","2":"type-product","3":"status-publish","5":"product_cat-bilimsel-kitaplar","6":"product_cat-cocuk-ve-genclik-kitaplari","7":"pa_cilt-ciltli","8":"pa_tur-kitap","9":"pa_yayinevi-domingo-yayinevi","10":"pa_yazar-aleksandra-mizielinska-daniel-mizielinski","12":"first","13":"instock","14":"sale","15":"shipping-taxable","16":"purchasable","17":"product-type-simple"},"_links":{"self":[{"href":"https:\/\/roveyayinevi.com.tr\/index.php\/wp-json\/wp\/v2\/product\/720577","targetHints":{"allow":["GET"]}}],"collection":[{"href":"https:\/\/roveyayinevi.com.tr\/index.php\/wp-json\/wp\/v2\/product"}],"about":[{"href":"https:\/\/roveyayinevi.com.tr\/index.php\/wp-json\/wp\/v2\/types\/product"}],"wp:attachment":[{"href":"https:\/\/roveyayinevi.com.tr\/index.php\/wp-json\/wp\/v2\/media?parent=720577"}],"wp:term":[{"taxonomy":"product_brand","embeddable":true,"href":"https:\/\/roveyayinevi.com.tr\/index.php\/wp-json\/wp\/v2\/product_brand?post=720577"},{"taxonomy":"product_cat","embeddable":true,"href":"https:\/\/roveyayinevi.com.tr\/index.php\/wp-json\/wp\/v2\/product_cat?post=720577"},{"taxonomy":"product_tag","embeddable":true,"href":"https:\/\/roveyayinevi.com.tr\/index.php\/wp-json\/wp\/v2\/product_tag?post=720577"}],"curies":[{"name":"wp","href":"https:\/\/api.w.org\/{rel}","templated":true}]}}