{"id":720573,"date":"2025-08-27T18:37:51","date_gmt":"2025-08-27T15:37:51","guid":{"rendered":"https:\/\/roveyayinevi.com.tr\/index.php\/urun\/gelirken-ekmek-al\/"},"modified":"2026-04-16T02:28:40","modified_gmt":"2026-04-15T23:28:40","slug":"gelirken-ekmek-al","status":"publish","type":"product","link":"https:\/\/roveyayinevi.com.tr\/index.php\/urun\/gelirken-ekmek-al\/","title":{"rendered":"Gelirken Ekmek Al"},"content":{"rendered":"<p>Uyand\u0131ktan sonra \u00fc\u00e7\u00fcm\u00fcz de yata\u011f\u0131n\u0131n kenar\u0131na ili\u015ftik, elini tuttum. Annemin elini en son ne zaman tuttu\u011fumu hat\u0131rlam\u0131yordum. Ne tuhaf, \u00e7ocukken b\u0131rakmaktan \u00f6lesiye korktu\u011fun eli, b\u00fcy\u00fcd\u00fc\u011f\u00fcnde tutunca garipsiyordun. \u0130nsan b\u00fcy\u00fcd\u00fck\u00e7e elini \u00e7ekiyordu annesinden.   \u0130\u00e7imizde bir yerden konu\u015fuyor \u015eermin Ya\u015far\u2026 Bu co\u011frafyan\u0131n en derin kederlerini en \u201cbizlik\u201d hayat acemilikleriyle harmanl\u0131yor. \u0130ncinmi\u015fliklerimizi g\u00fcl\u00fcnesi a\u015fklar\u0131m\u0131zla iyile\u015ftiriyor. Ger\u00e7ek edebiyat\u0131n \u201cinsan\u0131n ruhu\u201dna inen bir merdiven oldu\u011funu her \u00f6yk\u00fcs\u00fcnde hat\u0131rlatarak. <\/p>\n","protected":false},"excerpt":{"rendered":"<p>Uyand\u0131ktan sonra \u00fc\u00e7\u00fcm\u00fcz de yata\u011f\u0131n\u0131n kenar\u0131na ili\u015ftik, elini tuttum. Annemin elini en son ne zaman tuttu\u011fumu hat\u0131rlam\u0131yordum. Ne tuhaf, \u00e7ocukken b\u0131rakmaktan \u00f6lesiye korktu\u011fun eli, b\u00fcy\u00fcd\u00fc\u011f\u00fcnde tutunca<span class=\"excerpt-hellip\"> [\u2026]<\/span><\/p>\n","protected":false},"featured_media":0,"template":"","meta":{"_monsterinsights_skip_tracking":false,"_monsterinsights_sitenote_active":false,"_monsterinsights_sitenote_note":"","_monsterinsights_sitenote_category":0},"product_brand":[],"product_cat":[12291,12711],"product_tag":[],"class_list":{"0":"post-720573","1":"product","2":"type-product","3":"status-publish","5":"product_cat-edebiyat","6":"product_cat-roman-oyku","7":"pa_cilt-ciltsiz","8":"pa_tur-kitap","9":"pa_yayinevi-dogan-kitap","10":"pa_yazar-sermin-yasar","12":"first","13":"instock","14":"sale","15":"shipping-taxable","16":"purchasable","17":"product-type-simple"},"_links":{"self":[{"href":"https:\/\/roveyayinevi.com.tr\/index.php\/wp-json\/wp\/v2\/product\/720573","targetHints":{"allow":["GET"]}}],"collection":[{"href":"https:\/\/roveyayinevi.com.tr\/index.php\/wp-json\/wp\/v2\/product"}],"about":[{"href":"https:\/\/roveyayinevi.com.tr\/index.php\/wp-json\/wp\/v2\/types\/product"}],"wp:attachment":[{"href":"https:\/\/roveyayinevi.com.tr\/index.php\/wp-json\/wp\/v2\/media?parent=720573"}],"wp:term":[{"taxonomy":"product_brand","embeddable":true,"href":"https:\/\/roveyayinevi.com.tr\/index.php\/wp-json\/wp\/v2\/product_brand?post=720573"},{"taxonomy":"product_cat","embeddable":true,"href":"https:\/\/roveyayinevi.com.tr\/index.php\/wp-json\/wp\/v2\/product_cat?post=720573"},{"taxonomy":"product_tag","embeddable":true,"href":"https:\/\/roveyayinevi.com.tr\/index.php\/wp-json\/wp\/v2\/product_tag?post=720573"}],"curies":[{"name":"wp","href":"https:\/\/api.w.org\/{rel}","templated":true}]}}