{"id":720570,"date":"2025-08-27T18:37:48","date_gmt":"2025-08-27T15:37:48","guid":{"rendered":"https:\/\/roveyayinevi.com.tr\/index.php\/urun\/kirlangic-cigligi\/"},"modified":"2026-04-16T02:28:40","modified_gmt":"2026-04-15T23:28:40","slug":"kirlangic-cigligi","status":"publish","type":"product","link":"https:\/\/roveyayinevi.com.tr\/index.php\/urun\/kirlangic-cigligi\/","title":{"rendered":"K\u0131rlang\u0131\u00e7 \u00c7\u0131\u011fl\u0131\u011f\u0131"},"content":{"rendered":"<p>Cinayet i\u015flemek bizi insan de\u011fil, katil yapar. Bu duygudan haz almak ilkelliktir. K\u00f6rebe lakapl\u0131 seri katil, 2012 y\u0131l\u0131nda i\u015fledi\u011fi on iki cinayetin ard\u0131ndan kay\u0131plara kar\u0131\u015fm\u0131\u015ft\u0131r.   Kurbanlar\u0131n\u0131 \u00e7ocuk tacizcileri aras\u0131ndan se\u00e7en K\u00f6rebe, yeniden \u00f6ld\u00fcrmeye ba\u015flar. Adalete duyulan g\u00fcvenin yerini lin\u00e7 k\u00fclt\u00fcr\u00fcn\u00fcn ald\u0131\u011f\u0131 bir devirde gizli bir kahraman olarak g\u00f6r\u00fclmesi onu \u00e7ok b\u00fcy\u00fck bir tehdide d\u00f6n\u00fc\u015ft\u00fcr\u00fcr. Nitekim adalet, bireylerin kendi y\u00f6ntemleriyle kirletemeyecekleri kadar k\u0131ymetlidir.   Benli\u011fimizin fark\u0131na vard\u0131\u011f\u0131m\u0131z an, ac\u0131n\u0131n pen\u00e7esinde k\u0131vrand\u0131\u011f\u0131m\u0131z and\u0131r. K\u0131rlang\u0131\u00e7 \u00c7\u0131\u011fl\u0131\u011f\u0131 dolamba\u00e7l\u0131 kurgusu ve y\u00fcksek temposuyla tipik bir Ahmet \u00dcmit roman\u0131 olsa da toplumsal sorunlara kar\u015f\u0131 g\u00f6sterdi\u011fi hassasiyet ve tepkiselli\u011fiyle yazar\u0131n eserleri aras\u0131nda \u00f6zel bir yer edinmeyi ba\u015far\u0131yor. K\u0131rlang\u0131\u00e7 \u00c7\u0131\u011fl\u0131\u011f\u0131, \u0131\u015f\u0131k h\u0131z\u0131yla de\u011fi\u015fen g\u00fcndeme direniyor; fark etmemiz ve de\u011fi\u015ftirmek i\u00e7in eyleme ge\u00e7memiz gereken, kanayan yaralar\u0131m\u0131z\u0131 hayk\u0131r\u0131yor.   Her an uyanmaya haz\u0131r o muhte\u015fem d\u00fcrt\u00fcy\u00fc bast\u0131rmak, insanl\u0131\u011f\u0131n en masum haline, en saf do\u011fas\u0131na d\u00f6nmemek i\u00e7in y\u0131llarca ihanet ettim kendime. Kendimle birlikte b\u00fct\u00fcn d\u00fcnyay\u0131 da kand\u0131rd\u0131m. Neredeyse ba\u015faracakt\u0131m ama b\u0131rakmad\u0131lar, benim ad\u0131ma onlar \u00f6ld\u00fcrmeye ba\u015flad\u0131lar. \u0130\u015fte bu y\u00fczden geri d\u00f6nd\u00fcm\u2026 <\/p>\n","protected":false},"excerpt":{"rendered":"<p>Cinayet i\u015flemek bizi insan de\u011fil, katil yapar. Bu duygudan haz almak ilkelliktir. K\u00f6rebe lakapl\u0131 seri katil, 2012 y\u0131l\u0131nda i\u015fledi\u011fi on iki cinayetin ard\u0131ndan kay\u0131plara kar\u0131\u015fm\u0131\u015ft\u0131r. Kurbanlar\u0131n\u0131<span class=\"excerpt-hellip\"> [\u2026]<\/span><\/p>\n","protected":false},"featured_media":0,"template":"","meta":{"_monsterinsights_skip_tracking":false,"_monsterinsights_sitenote_active":false,"_monsterinsights_sitenote_note":"","_monsterinsights_sitenote_category":0},"product_brand":[],"product_cat":[12291,12711],"product_tag":[],"class_list":{"0":"post-720570","1":"product","2":"type-product","3":"status-publish","5":"product_cat-edebiyat","6":"product_cat-roman-oyku","7":"pa_cilt-ciltsiz","8":"pa_tur-kitap","9":"pa_yayinevi-yapi-kredi-yayinlari","10":"pa_yazar-ahmet-umit","12":"first","13":"instock","14":"sale","15":"shipping-taxable","16":"purchasable","17":"product-type-simple"},"_links":{"self":[{"href":"https:\/\/roveyayinevi.com.tr\/index.php\/wp-json\/wp\/v2\/product\/720570","targetHints":{"allow":["GET"]}}],"collection":[{"href":"https:\/\/roveyayinevi.com.tr\/index.php\/wp-json\/wp\/v2\/product"}],"about":[{"href":"https:\/\/roveyayinevi.com.tr\/index.php\/wp-json\/wp\/v2\/types\/product"}],"wp:attachment":[{"href":"https:\/\/roveyayinevi.com.tr\/index.php\/wp-json\/wp\/v2\/media?parent=720570"}],"wp:term":[{"taxonomy":"product_brand","embeddable":true,"href":"https:\/\/roveyayinevi.com.tr\/index.php\/wp-json\/wp\/v2\/product_brand?post=720570"},{"taxonomy":"product_cat","embeddable":true,"href":"https:\/\/roveyayinevi.com.tr\/index.php\/wp-json\/wp\/v2\/product_cat?post=720570"},{"taxonomy":"product_tag","embeddable":true,"href":"https:\/\/roveyayinevi.com.tr\/index.php\/wp-json\/wp\/v2\/product_tag?post=720570"}],"curies":[{"name":"wp","href":"https:\/\/api.w.org\/{rel}","templated":true}]}}