{"id":720565,"date":"2025-08-27T18:37:44","date_gmt":"2025-08-27T15:37:44","guid":{"rendered":"https:\/\/roveyayinevi.com.tr\/index.php\/urun\/guzel-ve-ejder-lumpi-lumpi-arkadasim-ejderha\/"},"modified":"2026-04-16T02:28:40","modified_gmt":"2026-04-15T23:28:40","slug":"guzel-ve-ejder-lumpi-lumpi-arkadasim-ejderha","status":"publish","type":"product","link":"https:\/\/roveyayinevi.com.tr\/index.php\/urun\/guzel-ve-ejder-lumpi-lumpi-arkadasim-ejderha\/","title":{"rendered":"G\u00fczel ve Ejder -Lumpi Lumpi Arkada\u015f\u0131m Ejderha"},"content":{"rendered":"<p>Sempatik ve yaramaz, sevecen ama birazc\u0131k da al\u0131ngan, pullu mu pullu ve masmavi\u2026 Kim hayali arkada\u015f olarak b\u00f6yle bir ejderha istemez ki?   Giampi odas\u0131nda t\u00fcyl\u00fc bir canavar oldu\u011fundan emindi. Sak\u0131n bu canavar annesinin az \u00f6nce okudu\u011fu masalla ilgili olmas\u0131n! \u00d6yle ya da b\u00f6yle, Giampi korkusunu yenmek i\u00e7in hayali arkada\u015f\u0131 Lumpi Lumpi ile yeni bir maceraya at\u0131ld\u0131. Derken bir prensesle kar\u015f\u0131la\u015ft\u0131lar. Prensesin ad\u0131 G\u00fczel\u2019di. Fakat iki arkada\u015f\u0131n ba\u015f\u0131na gelenler pek de g\u00fczel olmad\u0131. \u00c7\u00fcnk\u00fc prenses, Lumpi Lumpi\u2019yi \u00f6perse onun bir prense d\u00f6n\u00fc\u015fece\u011fine ikna olmu\u015ftu bir kere&#8230;   Silvia Roncaglia&#8217;n\u0131n kaleme ald\u0131\u011f\u0131, Lumpi Lumpi \/ Arkada\u015f\u0131m Ejderha serisi, kitaplarla yeni yeni tan\u0131\u015fan macera tutkunu okurlar\u0131, hayali bir karakterin \u00f6nderli\u011finde masaldan masala gezdiriyor. <\/p>\n","protected":false},"excerpt":{"rendered":"<p>Sempatik ve yaramaz, sevecen ama birazc\u0131k da al\u0131ngan, pullu mu pullu ve masmavi\u2026 Kim hayali arkada\u015f olarak b\u00f6yle bir ejderha istemez ki? Giampi odas\u0131nda t\u00fcyl\u00fc bir<span class=\"excerpt-hellip\"> [\u2026]<\/span><\/p>\n","protected":false},"featured_media":0,"template":"","meta":{"_monsterinsights_skip_tracking":false,"_monsterinsights_sitenote_active":false,"_monsterinsights_sitenote_note":"","_monsterinsights_sitenote_category":0},"product_brand":[],"product_cat":[12274,12284],"product_tag":[],"class_list":{"0":"post-720565","1":"product","2":"type-product","3":"status-publish","5":"product_cat-cocuk-ve-genclik-kitaplari","6":"product_cat-hikayeler","7":"pa_cilt-ciltsiz","8":"pa_tur-kitap","9":"pa_yayinevi-can-cocuk-yayinlari","10":"pa_yazar-silvia-roncaglia","12":"first","13":"instock","14":"sale","15":"shipping-taxable","16":"purchasable","17":"product-type-simple"},"_links":{"self":[{"href":"https:\/\/roveyayinevi.com.tr\/index.php\/wp-json\/wp\/v2\/product\/720565","targetHints":{"allow":["GET"]}}],"collection":[{"href":"https:\/\/roveyayinevi.com.tr\/index.php\/wp-json\/wp\/v2\/product"}],"about":[{"href":"https:\/\/roveyayinevi.com.tr\/index.php\/wp-json\/wp\/v2\/types\/product"}],"wp:attachment":[{"href":"https:\/\/roveyayinevi.com.tr\/index.php\/wp-json\/wp\/v2\/media?parent=720565"}],"wp:term":[{"taxonomy":"product_brand","embeddable":true,"href":"https:\/\/roveyayinevi.com.tr\/index.php\/wp-json\/wp\/v2\/product_brand?post=720565"},{"taxonomy":"product_cat","embeddable":true,"href":"https:\/\/roveyayinevi.com.tr\/index.php\/wp-json\/wp\/v2\/product_cat?post=720565"},{"taxonomy":"product_tag","embeddable":true,"href":"https:\/\/roveyayinevi.com.tr\/index.php\/wp-json\/wp\/v2\/product_tag?post=720565"}],"curies":[{"name":"wp","href":"https:\/\/api.w.org\/{rel}","templated":true}]}}