{"id":720564,"date":"2025-08-27T18:37:43","date_gmt":"2025-08-27T15:37:43","guid":{"rendered":"https:\/\/roveyayinevi.com.tr\/index.php\/urun\/hicbir-yerin-ortasinda\/"},"modified":"2026-04-16T02:28:40","modified_gmt":"2026-04-15T23:28:40","slug":"hicbir-yerin-ortasinda","status":"publish","type":"product","link":"https:\/\/roveyayinevi.com.tr\/index.php\/urun\/hicbir-yerin-ortasinda\/","title":{"rendered":"Hi\u00e7bir Yerin Ortas\u0131nda"},"content":{"rendered":"<p>Oraya nas\u0131l gitti\u011fimi ya da oradan nas\u0131l d\u00f6nd\u00fc\u011f\u00fcm\u00fc bilmiyordum. Tek bildi\u011fim, bir anda kendimi orada buluvermemdi. \u0130nsanlar\u0131n y\u0131k\u0131lan d\u00fcnyalar\u0131ndan ka\u00e7\u0131p s\u0131\u011f\u0131nd\u0131\u011f\u0131, her \u015feyden soyutlanm\u0131\u015f bir zamanda, en ufak bir medeniyet izinin olmad\u0131\u011f\u0131 o orman\u0131n i\u00e7inde. Ezgi Polat yeni \u00f6yk\u00fc kitab\u0131nda tehlikeli alanlarda dolan\u0131yor. Kitaba ismini veren \u00f6yk\u00fcde g\u00fcn\u00fcm\u00fcz\u00fcn \u00f6nde gelen bir foto\u011fraf sanat\u00e7\u0131s\u0131n\u0131n i\u00e7sava\u015f\u0131n ortas\u0131nda kalmas\u0131yla ya\u015fad\u0131\u011f\u0131 derin buhran\u0131 ve sonras\u0131nda ya\u015fam sevgisini yeniden kazanma s\u00fcrecini anlat\u0131yor. Baz\u0131 \u00f6yk\u00fclerinde de evini terk edenleri, kendini arayanlar\u0131, bilinmeyene a\u00e7\u0131lanlar\u0131 konu ediyor. Hi\u00e7bir Yerin Ortas\u0131nda\u2019da insanlar\u0131n karanl\u0131k y\u00f6nlerine de\u011finen \u00f6yk\u00fcler de yer al\u0131yor; bu y\u00f6n\u00fcyle k\u0131skan\u00e7l\u0131\u011fa, y\u0131k\u0131c\u0131 duygulara, yaln\u0131zl\u0131k korkusuna ve derinlere i\u015flemi\u015f \u00f6ks\u00fczl\u00fck hissine terc\u00fcman oluyor. <\/p>\n","protected":false},"excerpt":{"rendered":"<p>Oraya nas\u0131l gitti\u011fimi ya da oradan nas\u0131l d\u00f6nd\u00fc\u011f\u00fcm\u00fc bilmiyordum. Tek bildi\u011fim, bir anda kendimi orada buluvermemdi. \u0130nsanlar\u0131n y\u0131k\u0131lan d\u00fcnyalar\u0131ndan ka\u00e7\u0131p s\u0131\u011f\u0131nd\u0131\u011f\u0131, her \u015feyden soyutlanm\u0131\u015f bir zamanda,<span class=\"excerpt-hellip\"> [\u2026]<\/span><\/p>\n","protected":false},"featured_media":0,"template":"","meta":{"_monsterinsights_skip_tracking":false,"_monsterinsights_sitenote_active":false,"_monsterinsights_sitenote_note":"","_monsterinsights_sitenote_category":0},"product_brand":[],"product_cat":[12291,12711],"product_tag":[],"class_list":{"0":"post-720564","1":"product","2":"type-product","3":"status-publish","5":"product_cat-edebiyat","6":"product_cat-roman-oyku","7":"pa_cilt-ciltsiz","8":"pa_tur-kitap","9":"pa_yayinevi-can-yayinlari","10":"pa_yazar-ezgi-polat","12":"first","13":"instock","14":"sale","15":"shipping-taxable","16":"purchasable","17":"product-type-simple"},"_links":{"self":[{"href":"https:\/\/roveyayinevi.com.tr\/index.php\/wp-json\/wp\/v2\/product\/720564","targetHints":{"allow":["GET"]}}],"collection":[{"href":"https:\/\/roveyayinevi.com.tr\/index.php\/wp-json\/wp\/v2\/product"}],"about":[{"href":"https:\/\/roveyayinevi.com.tr\/index.php\/wp-json\/wp\/v2\/types\/product"}],"wp:attachment":[{"href":"https:\/\/roveyayinevi.com.tr\/index.php\/wp-json\/wp\/v2\/media?parent=720564"}],"wp:term":[{"taxonomy":"product_brand","embeddable":true,"href":"https:\/\/roveyayinevi.com.tr\/index.php\/wp-json\/wp\/v2\/product_brand?post=720564"},{"taxonomy":"product_cat","embeddable":true,"href":"https:\/\/roveyayinevi.com.tr\/index.php\/wp-json\/wp\/v2\/product_cat?post=720564"},{"taxonomy":"product_tag","embeddable":true,"href":"https:\/\/roveyayinevi.com.tr\/index.php\/wp-json\/wp\/v2\/product_tag?post=720564"}],"curies":[{"name":"wp","href":"https:\/\/api.w.org\/{rel}","templated":true}]}}