{"id":720563,"date":"2025-08-27T18:37:42","date_gmt":"2025-08-27T15:37:42","guid":{"rendered":"https:\/\/roveyayinevi.com.tr\/index.php\/urun\/kirmizi-pazartesi-ciltli\/"},"modified":"2026-04-16T02:28:40","modified_gmt":"2026-04-15T23:28:40","slug":"kirmizi-pazartesi-ciltli","status":"publish","type":"product","link":"https:\/\/roveyayinevi.com.tr\/index.php\/urun\/kirmizi-pazartesi-ciltli\/","title":{"rendered":"K\u0131rm\u0131z\u0131 Pazartesi (Ciltli)"},"content":{"rendered":"<p>Kolombiyal\u0131 b\u00fcy\u00fck yazar Gabriel Garc\u00eda M\u00e1rquez\u2019in 1981\u2019de yay\u0131mlanan ve ba\u015fyap\u0131tlar\u0131 aras\u0131nda yer alan roman\u0131 K\u0131rm\u0131z\u0131 Pazartesi, i\u015flenece\u011fini herkesin bildi\u011fi ancak engel olmak i\u00e7in kimsenin bir \u015fey yapmad\u0131\u011f\u0131 bir cinayetin \u00f6yk\u00fcs\u00fcn\u00fc anlat\u0131yor. Usta yazar, \u00e7ocuklu\u011funu ge\u00e7irdi\u011fi kasabada y\u0131llar \u00f6nce ya\u015fanm\u0131\u015f bir cinayeti kendine \u00f6zg\u00fc e\u015fsiz anlat\u0131m\u0131yla aktar\u0131yor. Roman\u0131n kahraman\u0131 Santiago Nasar\u2019\u0131n daha ilk sayfadan t\u00f6re cinayetine kurban gitmesi ve bu cinayetin hangi dinamiklerin etkisiyle i\u015flendi\u011fi geri d\u00f6n\u00fc\u015flerle ad\u0131m ad\u0131m g\u00f6zler \u00f6n\u00fcne seriliyor. K\u0131rm\u0131z\u0131 Pazartesi, bir cinayetin arka plan\u0131n\u0131 g\u00f6stermekten \u00f6te, ac\u0131mas\u0131z t\u00f6relerin k\u0131skac\u0131ndaki bir halk\u0131n ortak davran\u0131\u015f bi\u00e7imlerinin portresini de \u00e7iziyor. B\u00f6ylece alabildi\u011fine s\u00fcr\u00fckleyici bu k\u0131sa ve \u00f6l\u00fcms\u00fcz roman, adeta bir toplumun ruh \u00e7\u00f6z\u00fcmlemesi niteli\u011fini de kazanm\u0131\u015f oluyor. <\/p>\n","protected":false},"excerpt":{"rendered":"<p>Kolombiyal\u0131 b\u00fcy\u00fck yazar Gabriel Garc\u00eda M\u00e1rquez\u2019in 1981\u2019de yay\u0131mlanan ve ba\u015fyap\u0131tlar\u0131 aras\u0131nda yer alan roman\u0131 K\u0131rm\u0131z\u0131 Pazartesi, i\u015flenece\u011fini herkesin bildi\u011fi ancak engel olmak i\u00e7in kimsenin bir \u015fey<span class=\"excerpt-hellip\"> [\u2026]<\/span><\/p>\n","protected":false},"featured_media":0,"template":"","meta":{"_monsterinsights_skip_tracking":false,"_monsterinsights_sitenote_active":false,"_monsterinsights_sitenote_note":"","_monsterinsights_sitenote_category":0},"product_brand":[],"product_cat":[12291,12711],"product_tag":[],"class_list":{"0":"post-720563","1":"product","2":"type-product","3":"status-publish","5":"product_cat-edebiyat","6":"product_cat-roman-oyku","7":"pa_cilt-ciltli","8":"pa_tur-kitap","9":"pa_yayinevi-can-yayinlari","10":"pa_yazar-gabriel-garcia-marquez","12":"first","13":"instock","14":"sale","15":"shipping-taxable","16":"purchasable","17":"product-type-simple"},"_links":{"self":[{"href":"https:\/\/roveyayinevi.com.tr\/index.php\/wp-json\/wp\/v2\/product\/720563","targetHints":{"allow":["GET"]}}],"collection":[{"href":"https:\/\/roveyayinevi.com.tr\/index.php\/wp-json\/wp\/v2\/product"}],"about":[{"href":"https:\/\/roveyayinevi.com.tr\/index.php\/wp-json\/wp\/v2\/types\/product"}],"wp:attachment":[{"href":"https:\/\/roveyayinevi.com.tr\/index.php\/wp-json\/wp\/v2\/media?parent=720563"}],"wp:term":[{"taxonomy":"product_brand","embeddable":true,"href":"https:\/\/roveyayinevi.com.tr\/index.php\/wp-json\/wp\/v2\/product_brand?post=720563"},{"taxonomy":"product_cat","embeddable":true,"href":"https:\/\/roveyayinevi.com.tr\/index.php\/wp-json\/wp\/v2\/product_cat?post=720563"},{"taxonomy":"product_tag","embeddable":true,"href":"https:\/\/roveyayinevi.com.tr\/index.php\/wp-json\/wp\/v2\/product_tag?post=720563"}],"curies":[{"name":"wp","href":"https:\/\/api.w.org\/{rel}","templated":true}]}}