{"id":720562,"date":"2025-08-27T18:37:42","date_gmt":"2025-08-27T15:37:42","guid":{"rendered":"https:\/\/roveyayinevi.com.tr\/index.php\/urun\/destansi-muhendislik-facialari\/"},"modified":"2026-04-16T02:28:40","modified_gmt":"2026-04-15T23:28:40","slug":"destansi-muhendislik-facialari","status":"publish","type":"product","link":"https:\/\/roveyayinevi.com.tr\/index.php\/urun\/destansi-muhendislik-facialari\/","title":{"rendered":"Destans\u0131 M\u00fchendislik Facialar\u0131"},"content":{"rendered":"<p>\u0130\u00e7inizdeki gizli m\u00fchendisi g\u00f6rev ba\u015f\u0131na \u00e7a\u011f\u0131rma vakti!\u201cBa\u015fvuru Kitapl\u0131\u011f\u0131\u201d kavram\u0131na yeni bir anlam kazand\u0131ran Tehlikesavar Matematik Cambazlar\u0131 ve Felaketsaver Bilim Tutkunlar\u0131 kitaplar\u0131ndan tan\u0131d\u0131\u011f\u0131m\u0131z \u0130ngiliz yazar Sean Connolly\u2019den, tarihteki en b\u00fcy\u00fck m\u00fchendislik felaketlerini mercek alt\u0131na alan, bol etkile\u015fimli bir k\u0131lavuz kitap: Destans\u0131 M\u00fchendislik Facialar\u0131.Karikat\u00fcr tad\u0131ndaki \u00e7izimleri ve \u00f6zg\u00fcn sayfa tasar\u0131m\u0131yla farkl\u0131la\u015fan bu ansiklopedik kitap, Antik \u00c7a\u011flar\u2019dan ba\u015flay\u0131p 21. Y\u00fczy\u0131l\u2019a uzanan d\u00f6nemde meydana gelmi\u015f 20 destans\u0131 m\u00fchendislik facias\u0131n\u0131 mercek alt\u0131na al\u0131yor, merakl\u0131 okurlar\u0131n\u0131n i\u015ftah\u0131n\u0131 kabartacak 33 heyecan verici deney d\u00fczene\u011fi sunuyor.Fizik ve kimya gibi fen bilimleri konular\u0131n\u0131 yal\u0131n bir dille anlatmakla kalmay\u0131p, deneyler arac\u0131l\u0131\u011f\u0131yla \u00e7ocuklara bizzat tecr\u00fcbe ettiren Destans\u0131 M\u00fchendislik Facialar\u0131, STEM e\u011fitimi anlay\u0131\u015f\u0131yla birebir \u00f6rt\u00fc\u015fen \u00e7ok katmanl\u0131 ve kapsaml\u0131 i\u00e7eri\u011fiyle, e\u011flendirirken \u00f6\u011freten kitaplardan.\u00c7\u00f6ken stadyumlar, sulara g\u00f6m\u00fclen k\u00f6pr\u00fcler, yere \u00e7ak\u0131lan zeplinler, r\u00fczg\u00e2rdan sallanan g\u00f6kdelenler\u2026\u201cBatmaz\u201d denen Titanic, daha ilk seferinde nas\u0131l okyanusun sular\u0131na g\u00f6m\u00fcld\u00fc? D\u00fcnyan\u0131n Yedi Harikas\u0131\u2019ndan biri olarak g\u00f6r\u00fclen Rodos Heykeli neden yerle yeksan oldu? \u0130talyan mimarisinin en s\u0131rad\u0131\u015f\u0131 \u00f6rneklerinden Pisa Kulesi e\u011fer d\u00fczg\u00fcn dursayd\u0131, bug\u00fcnk\u00fc kadar \u00fcnl\u00fc olabilir miydi? Destans\u0131 M\u00fchendislik Facialar\u0131 sayesinde, m\u00fchendislik hakk\u0131nda merak etti\u011finiz her \u015feyi \u00f6\u011frenebileceksiniz. \u00dcstelik e\u011flenerek!..Hindenburg zeplinini yanmaya kar\u015f\u0131 korumaya, \u015eilili madencileri g\u00f6\u00e7\u00fck alt\u0131ndan \u00e7\u0131karmaya ya da Pisa Kulesi\u2019ini y\u0131k\u0131lmaktan kurtarmaya arac\u0131l\u0131k edecek birbirinden yap\u0131c\u0131 deneylerle her ya\u015ftan okuruna kendi \u201cfacialar\u0131n\u0131\u201d yaratma imk\u00e2n\u0131 sunan bu ola\u011fan\u00fcst\u00fc kitap, ger\u00e7ek bir genel k\u00fclt\u00fcr deposu.D\u00fcnya \u00e7ap\u0131nda ses getirmi\u015f 20 m\u00fchendislik felaketine g\u00f6z k\u0131rparken, iki bin y\u0131ll\u0131k m\u00fchendislik tarihine ayna tutmay\u0131 ihmal etmeyen Destans\u0131 M\u00fchendislik Facialar\u0131, g\u00fcncel ve ge\u00e7erli i\u00e7eri\u011fiyle her kitapl\u0131kta bulunmas\u0131 gereken, olmazsa olmaz kitaplardan&#8230; <\/p>\n","protected":false},"excerpt":{"rendered":"<p>\u0130\u00e7inizdeki gizli m\u00fchendisi g\u00f6rev ba\u015f\u0131na \u00e7a\u011f\u0131rma vakti!\u201cBa\u015fvuru Kitapl\u0131\u011f\u0131\u201d kavram\u0131na yeni bir anlam kazand\u0131ran Tehlikesavar Matematik Cambazlar\u0131 ve Felaketsaver Bilim Tutkunlar\u0131 kitaplar\u0131ndan tan\u0131d\u0131\u011f\u0131m\u0131z \u0130ngiliz yazar Sean Connolly\u2019den,<span class=\"excerpt-hellip\"> [\u2026]<\/span><\/p>\n","protected":false},"featured_media":0,"template":"","meta":{"_monsterinsights_skip_tracking":false,"_monsterinsights_sitenote_active":false,"_monsterinsights_sitenote_note":"","_monsterinsights_sitenote_category":0},"product_brand":[],"product_cat":[13005,18664],"product_tag":[],"class_list":{"0":"post-720562","1":"product","2":"type-product","3":"status-publish","5":"product_cat-bilim-muhendislik","6":"product_cat-muhendislik","7":"pa_cilt-ciltsiz","8":"pa_tur-kitap","9":"pa_yayinevi-tudem-yayinlari","10":"pa_yazar-sean-connolly","12":"first","13":"instock","14":"sale","15":"shipping-taxable","16":"purchasable","17":"product-type-simple"},"_links":{"self":[{"href":"https:\/\/roveyayinevi.com.tr\/index.php\/wp-json\/wp\/v2\/product\/720562","targetHints":{"allow":["GET"]}}],"collection":[{"href":"https:\/\/roveyayinevi.com.tr\/index.php\/wp-json\/wp\/v2\/product"}],"about":[{"href":"https:\/\/roveyayinevi.com.tr\/index.php\/wp-json\/wp\/v2\/types\/product"}],"wp:attachment":[{"href":"https:\/\/roveyayinevi.com.tr\/index.php\/wp-json\/wp\/v2\/media?parent=720562"}],"wp:term":[{"taxonomy":"product_brand","embeddable":true,"href":"https:\/\/roveyayinevi.com.tr\/index.php\/wp-json\/wp\/v2\/product_brand?post=720562"},{"taxonomy":"product_cat","embeddable":true,"href":"https:\/\/roveyayinevi.com.tr\/index.php\/wp-json\/wp\/v2\/product_cat?post=720562"},{"taxonomy":"product_tag","embeddable":true,"href":"https:\/\/roveyayinevi.com.tr\/index.php\/wp-json\/wp\/v2\/product_tag?post=720562"}],"curies":[{"name":"wp","href":"https:\/\/api.w.org\/{rel}","templated":true}]}}