{"id":720561,"date":"2025-08-27T18:37:41","date_gmt":"2025-08-27T15:37:41","guid":{"rendered":"https:\/\/roveyayinevi.com.tr\/index.php\/urun\/sen-zeusun-oglusun\/"},"modified":"2026-04-16T02:28:39","modified_gmt":"2026-04-15T23:28:39","slug":"sen-zeusun-oglusun","status":"publish","type":"product","link":"https:\/\/roveyayinevi.com.tr\/index.php\/urun\/sen-zeusun-oglusun\/","title":{"rendered":"Sen Zeus&#8217;un O\u011flusun"},"content":{"rendered":"<p>Kitap i\u00e7indeki yaz\u0131lar de\u011fi\u015fik zaman dilimlerinde yaz\u0131ld\u0131. Hem kendime hem de ba\u015fkalar\u0131na faydas\u0131 olabilece\u011fini d\u00fc\u015f\u00fcnd\u00fc\u011f\u00fcm i\u00e7in zevk ile yazd\u0131m. Yazarken sonunda bir kitap olsun kurgusall\u0131\u011f\u0131 yoktu. Yazd\u0131klar\u0131m deneme tad\u0131nda, i\u00e7inde mizah\u0131 bulunan, \u015fiirselli\u011fi olan yaz\u0131lar. Herhangi bir edebi t\u00fcr\u00fcn kal\u0131plar\u0131yla kendimi s\u0131n\u0131rlamad\u0131m. Sadece samimi duygu ve d\u00fc\u015f\u00fcncelerimi yazd\u0131m. Yazd\u0131klar\u0131m\u0131n bir k\u0131sm\u0131n\u0131 sosyal medyada payla\u015ft\u0131m. Okuyanlar s\u0131k s\u0131k &#8220;Bu yaz\u0131lar\u0131 bir kitapta g\u00f6recek miyiz?\u201d diyerek \u0131srarla soruyorlar ve istiyorlard\u0131.Kitab\u0131n ad\u0131n\u0131n neden &#8220;Sen Zeus\u2019un O\u011flusun\u201d diye merak edenler olabilir. Dalkavuk k\u00fclt\u00fcr\u00fcyle birlikte g\u00fcc\u00fcn haktan, hukuktan, adaletten ayr\u0131lmas\u0131 tarih boyunca g\u00fcndemden d\u00fc\u015fmeyen bir konudur. Bu konuyu en g\u00fczel \u015fekilde dramatize eden B\u00fcy\u00fck \u0130skender\u2019e s\u00f6ylenen s\u00f6z ilgimi \u00e7ekmi\u015fti. Umar\u0131m okuyucular\u0131n da ilgisini \u00e7eker.<\/p>\n","protected":false},"excerpt":{"rendered":"<p>Kitap i\u00e7indeki yaz\u0131lar de\u011fi\u015fik zaman dilimlerinde yaz\u0131ld\u0131. Hem kendime hem de ba\u015fkalar\u0131na faydas\u0131 olabilece\u011fini d\u00fc\u015f\u00fcnd\u00fc\u011f\u00fcm i\u00e7in zevk ile yazd\u0131m. Yazarken sonunda bir kitap olsun kurgusall\u0131\u011f\u0131 yoktu.<span class=\"excerpt-hellip\"> [\u2026]<\/span><\/p>\n","protected":false},"featured_media":0,"template":"","meta":{"_monsterinsights_skip_tracking":false,"_monsterinsights_sitenote_active":false,"_monsterinsights_sitenote_note":"","_monsterinsights_sitenote_category":0},"product_brand":[],"product_cat":[12777,12291],"product_tag":[],"class_list":{"0":"post-720561","1":"product","2":"type-product","3":"status-publish","5":"product_cat-deneme","6":"product_cat-edebiyat","7":"pa_cilt-ciltsiz","8":"pa_tur-kitap","9":"pa_yayinevi-omca-yayinlari","10":"pa_yazar-durdu-gunes","12":"first","13":"instock","14":"sale","15":"shipping-taxable","16":"purchasable","17":"product-type-simple"},"_links":{"self":[{"href":"https:\/\/roveyayinevi.com.tr\/index.php\/wp-json\/wp\/v2\/product\/720561","targetHints":{"allow":["GET"]}}],"collection":[{"href":"https:\/\/roveyayinevi.com.tr\/index.php\/wp-json\/wp\/v2\/product"}],"about":[{"href":"https:\/\/roveyayinevi.com.tr\/index.php\/wp-json\/wp\/v2\/types\/product"}],"wp:attachment":[{"href":"https:\/\/roveyayinevi.com.tr\/index.php\/wp-json\/wp\/v2\/media?parent=720561"}],"wp:term":[{"taxonomy":"product_brand","embeddable":true,"href":"https:\/\/roveyayinevi.com.tr\/index.php\/wp-json\/wp\/v2\/product_brand?post=720561"},{"taxonomy":"product_cat","embeddable":true,"href":"https:\/\/roveyayinevi.com.tr\/index.php\/wp-json\/wp\/v2\/product_cat?post=720561"},{"taxonomy":"product_tag","embeddable":true,"href":"https:\/\/roveyayinevi.com.tr\/index.php\/wp-json\/wp\/v2\/product_tag?post=720561"}],"curies":[{"name":"wp","href":"https:\/\/api.w.org\/{rel}","templated":true}]}}