{"id":720560,"date":"2025-08-27T18:37:40","date_gmt":"2025-08-27T15:37:40","guid":{"rendered":"https:\/\/roveyayinevi.com.tr\/index.php\/urun\/deyimlerin-ilginc-hikayeleri-5-kitap-set\/"},"modified":"2026-04-16T02:28:39","modified_gmt":"2026-04-15T23:28:39","slug":"deyimlerin-ilginc-hikayeleri-5-kitap-set","status":"publish","type":"product","link":"https:\/\/roveyayinevi.com.tr\/index.php\/urun\/deyimlerin-ilginc-hikayeleri-5-kitap-set\/","title":{"rendered":"Deyimlerin \u0130lgin\u00e7 Hikayeleri (5 Kitap Set)"},"content":{"rendered":"<p>\u00c7ok \u00f6fkelenince ate\u015f p\u00fcsk\u00fcr\u00fcr, k\u00fcplere bineriz.  Ne\u015femizi ve konu\u015fkanl\u0131\u011f\u0131m\u0131z\u0131 kaybetti\u011fimizde dut yemi\u015f b\u00fclb\u00fcle d\u00f6neriz. Leb demeden leblebiyi anlad\u0131\u011f\u0131m\u0131z da olur, i\u015fin p\u00fcf noktas\u0131n\u0131 ka\u00e7\u0131rd\u0131\u011f\u0131m\u0131z da\u2026 Kimi zaman ba\u015f\u0131m\u0131za \u00e7orap \u00f6r\u00fcl\u00fcr, bazen de i\u015fler kabak tad\u0131 verir. B\u00f6yledir deyimler; uzun uzun anlataca\u011f\u0131m\u0131z durumlar\u0131 bir \u00e7\u0131rp\u0131da s\u00f6yletiverir. Meram\u0131m\u0131z\u0131 etkili ve g\u00fc\u00e7l\u00fc bir yolla anlatmam\u0131z\u0131 sa\u011flayan deyimler, ayn\u0131 zamanda tarihimizin dilimize b\u0131rakt\u0131\u011f\u0131 miras\u0131n \u00f6nemli bir par\u00e7as\u0131d\u0131r. Deyimlerin ortaya \u00e7\u0131k\u0131\u015f hik\u00e2yelerini bulaca\u011f\u0131n\u0131z bu seride, birbirinden ilgin\u00e7 hik\u00e2yelere \u015fahit olacak, ge\u00e7mi\u015fe do\u011fru tatl\u0131 bir yolculu\u011fa \u00e7\u0131kacaks\u0131n\u0131z. Zaman zaman saraylara konuk olup sultanlar\u0131n ya\u015fant\u0131lar\u0131na g\u00f6z atacak, \u015feyhlerle dervi\u015flerin sohbetlerine d\u00e2hil olma imk\u00e2n\u0131 bulacaks\u0131n\u0131z. Kervanc\u0131lar, t\u00fcccarlar, hocalar, talebeler, kad\u0131lar ve daha nicesiyle tan\u0131\u015f\u0131p hangi deyimin ilk, ne zaman, kim taraf\u0131ndan, nas\u0131l ve ni\u00e7in kullan\u0131ld\u0131\u011f\u0131n\u0131 \u00f6\u011freneceksiniz. <\/p>\n","protected":false},"excerpt":{"rendered":"<p>\u00c7ok \u00f6fkelenince ate\u015f p\u00fcsk\u00fcr\u00fcr, k\u00fcplere bineriz. Ne\u015femizi ve konu\u015fkanl\u0131\u011f\u0131m\u0131z\u0131 kaybetti\u011fimizde dut yemi\u015f b\u00fclb\u00fcle d\u00f6neriz. Leb demeden leblebiyi anlad\u0131\u011f\u0131m\u0131z da olur, i\u015fin p\u00fcf noktas\u0131n\u0131 ka\u00e7\u0131rd\u0131\u011f\u0131m\u0131z da\u2026 Kimi<span class=\"excerpt-hellip\"> [\u2026]<\/span><\/p>\n","protected":false},"featured_media":0,"template":"","meta":{"_monsterinsights_skip_tracking":false,"_monsterinsights_sitenote_active":false,"_monsterinsights_sitenote_note":"","_monsterinsights_sitenote_category":0},"product_brand":[],"product_cat":[12274,12284],"product_tag":[],"class_list":{"0":"post-720560","1":"product","2":"type-product","3":"status-publish","5":"product_cat-cocuk-ve-genclik-kitaplari","6":"product_cat-hikayeler","7":"pa_cilt-ciltsiz","8":"pa_tur-kitap","9":"pa_yayinevi-ugurbocegi-yayinlari","10":"pa_yazar-hale-esturk-altay","12":"first","13":"instock","14":"sale","15":"shipping-taxable","16":"purchasable","17":"product-type-simple"},"_links":{"self":[{"href":"https:\/\/roveyayinevi.com.tr\/index.php\/wp-json\/wp\/v2\/product\/720560","targetHints":{"allow":["GET"]}}],"collection":[{"href":"https:\/\/roveyayinevi.com.tr\/index.php\/wp-json\/wp\/v2\/product"}],"about":[{"href":"https:\/\/roveyayinevi.com.tr\/index.php\/wp-json\/wp\/v2\/types\/product"}],"wp:attachment":[{"href":"https:\/\/roveyayinevi.com.tr\/index.php\/wp-json\/wp\/v2\/media?parent=720560"}],"wp:term":[{"taxonomy":"product_brand","embeddable":true,"href":"https:\/\/roveyayinevi.com.tr\/index.php\/wp-json\/wp\/v2\/product_brand?post=720560"},{"taxonomy":"product_cat","embeddable":true,"href":"https:\/\/roveyayinevi.com.tr\/index.php\/wp-json\/wp\/v2\/product_cat?post=720560"},{"taxonomy":"product_tag","embeddable":true,"href":"https:\/\/roveyayinevi.com.tr\/index.php\/wp-json\/wp\/v2\/product_tag?post=720560"}],"curies":[{"name":"wp","href":"https:\/\/api.w.org\/{rel}","templated":true}]}}