{"id":720556,"date":"2025-08-27T18:37:37","date_gmt":"2025-08-27T15:37:37","guid":{"rendered":"https:\/\/roveyayinevi.com.tr\/index.php\/urun\/kent-ve\/"},"modified":"2026-04-16T02:28:39","modified_gmt":"2026-04-15T23:28:39","slug":"kent-ve","status":"publish","type":"product","link":"https:\/\/roveyayinevi.com.tr\/index.php\/urun\/kent-ve\/","title":{"rendered":"Kent vE&#8230;"},"content":{"rendered":"<p>1.    Kent vE Denetim 2.    Kent vE D\u00f6n\u00fc\u015f\u00fcm 3.    Kent vE E\u011fitim 4.    Kent vE Ekoloji 5.    Kent vE G\u00f6\u00e7 6.    Kent vE \u0130mar 7.    Kent vE \u0130leti\u015fim 8.    Kent vE G\u00fcvenlik 9.    Kent vE Kalite 10.  Kent vE Kalk\u0131nma 1.    Kent vE Kat\u0131l\u0131m 2.    Kent vE K\u00fcreselle\u015fme 3.    Kent vE Sa\u011fl\u0131k 4.    Kent vE Tar\u0131m 5.    Kent vE Tarih 6.    Kent vE Teknoloji 7.    Kent vE Turizm 8.    Kent vE \u00dctopya   <\/p>\n","protected":false},"excerpt":{"rendered":"<p>1. Kent vE Denetim 2. Kent vE D\u00f6n\u00fc\u015f\u00fcm 3. Kent vE E\u011fitim 4. Kent vE Ekoloji 5. Kent vE G\u00f6\u00e7 6. Kent vE \u0130mar 7. Kent<span class=\"excerpt-hellip\"> [\u2026]<\/span><\/p>\n","protected":false},"featured_media":0,"template":"","meta":{"_monsterinsights_skip_tracking":false,"_monsterinsights_sitenote_active":false,"_monsterinsights_sitenote_note":"","_monsterinsights_sitenote_category":0},"product_brand":[],"product_cat":[20333,13043],"product_tag":[],"class_list":{"0":"post-720556","1":"product","2":"type-product","3":"status-publish","5":"product_cat-diger-ekonomi","6":"product_cat-ekonomi","7":"pa_cilt-ciltsiz","8":"pa_tur-kitap","9":"pa_yayinevi-gazi-kitabevi","10":"pa_yazar-m-akif-ozer","12":"first","13":"instock","14":"sale","15":"shipping-taxable","16":"purchasable","17":"product-type-simple"},"_links":{"self":[{"href":"https:\/\/roveyayinevi.com.tr\/index.php\/wp-json\/wp\/v2\/product\/720556","targetHints":{"allow":["GET"]}}],"collection":[{"href":"https:\/\/roveyayinevi.com.tr\/index.php\/wp-json\/wp\/v2\/product"}],"about":[{"href":"https:\/\/roveyayinevi.com.tr\/index.php\/wp-json\/wp\/v2\/types\/product"}],"wp:attachment":[{"href":"https:\/\/roveyayinevi.com.tr\/index.php\/wp-json\/wp\/v2\/media?parent=720556"}],"wp:term":[{"taxonomy":"product_brand","embeddable":true,"href":"https:\/\/roveyayinevi.com.tr\/index.php\/wp-json\/wp\/v2\/product_brand?post=720556"},{"taxonomy":"product_cat","embeddable":true,"href":"https:\/\/roveyayinevi.com.tr\/index.php\/wp-json\/wp\/v2\/product_cat?post=720556"},{"taxonomy":"product_tag","embeddable":true,"href":"https:\/\/roveyayinevi.com.tr\/index.php\/wp-json\/wp\/v2\/product_tag?post=720556"}],"curies":[{"name":"wp","href":"https:\/\/api.w.org\/{rel}","templated":true}]}}