{"id":720553,"date":"2025-08-27T18:37:34","date_gmt":"2025-08-27T15:37:34","guid":{"rendered":"https:\/\/roveyayinevi.com.tr\/index.php\/urun\/bay-baykus-ile-bilge-kus\/"},"modified":"2026-04-16T02:28:39","modified_gmt":"2026-04-15T23:28:39","slug":"bay-baykus-ile-bilge-kus","status":"publish","type":"product","link":"https:\/\/roveyayinevi.com.tr\/index.php\/urun\/bay-baykus-ile-bilge-kus\/","title":{"rendered":"Bay Bayku\u015f ile Bilge Ku\u015f"},"content":{"rendered":"<p>Usta yazar ve T\u00fcrk\u00e7eci Feyza Hep\u00e7ilingirler\u2019den minikler i\u00e7in hem e\u011flenceli hem de bilgilendirici bir hik\u00e2ye! Bay Bayku\u015f ve Bilge Ku\u015f\u2019la tan\u0131\u015fmaya haz\u0131r olun!   Y\u0131k\u0131k bir evin pervaz\u0131na t\u00fcnemi\u015fti Bay Bayku\u015f. Karanl\u0131\u011f\u0131n \u00e7\u00f6kmesini bekliyordu. Yoldan ge\u00e7en kad\u0131nlardan biri onu g\u00f6rd\u00fc, \u00e7ok korktu. Bu u\u011fursuz bayku\u015flar\u0131 hi\u00e7 sevmedi\u011fini s\u00f6yledi arkada\u015f\u0131na. Bunu duyunca \u00e7ok \u00fcz\u00fcld\u00fc Bay Bayku\u015f. Ger\u00e7ekten kimse sevmiyor muydu onu? Peki ama herkesin kendisini sevmesi i\u00e7in ne yapmal\u0131yd\u0131? <\/p>\n","protected":false},"excerpt":{"rendered":"<p>Usta yazar ve T\u00fcrk\u00e7eci Feyza Hep\u00e7ilingirler\u2019den minikler i\u00e7in hem e\u011flenceli hem de bilgilendirici bir hik\u00e2ye! Bay Bayku\u015f ve Bilge Ku\u015f\u2019la tan\u0131\u015fmaya haz\u0131r olun! Y\u0131k\u0131k bir evin<span class=\"excerpt-hellip\"> [\u2026]<\/span><\/p>\n","protected":false},"featured_media":0,"template":"","meta":{"_monsterinsights_skip_tracking":false,"_monsterinsights_sitenote_active":false,"_monsterinsights_sitenote_note":"","_monsterinsights_sitenote_category":0},"product_brand":[],"product_cat":[12274,12284],"product_tag":[],"class_list":{"0":"post-720553","1":"product","2":"type-product","3":"status-publish","5":"product_cat-cocuk-ve-genclik-kitaplari","6":"product_cat-hikayeler","7":"pa_cilt-ciltsiz","8":"pa_tur-kitap","9":"pa_yayinevi-ithaki-yayinlari","10":"pa_yazar-feyza-hepcilingirler","12":"first","13":"instock","14":"sale","15":"shipping-taxable","16":"purchasable","17":"product-type-simple"},"_links":{"self":[{"href":"https:\/\/roveyayinevi.com.tr\/index.php\/wp-json\/wp\/v2\/product\/720553","targetHints":{"allow":["GET"]}}],"collection":[{"href":"https:\/\/roveyayinevi.com.tr\/index.php\/wp-json\/wp\/v2\/product"}],"about":[{"href":"https:\/\/roveyayinevi.com.tr\/index.php\/wp-json\/wp\/v2\/types\/product"}],"wp:attachment":[{"href":"https:\/\/roveyayinevi.com.tr\/index.php\/wp-json\/wp\/v2\/media?parent=720553"}],"wp:term":[{"taxonomy":"product_brand","embeddable":true,"href":"https:\/\/roveyayinevi.com.tr\/index.php\/wp-json\/wp\/v2\/product_brand?post=720553"},{"taxonomy":"product_cat","embeddable":true,"href":"https:\/\/roveyayinevi.com.tr\/index.php\/wp-json\/wp\/v2\/product_cat?post=720553"},{"taxonomy":"product_tag","embeddable":true,"href":"https:\/\/roveyayinevi.com.tr\/index.php\/wp-json\/wp\/v2\/product_tag?post=720553"}],"curies":[{"name":"wp","href":"https:\/\/api.w.org\/{rel}","templated":true}]}}