{"id":720552,"date":"2025-08-27T18:37:33","date_gmt":"2025-08-27T15:37:33","guid":{"rendered":"https:\/\/roveyayinevi.com.tr\/index.php\/urun\/beni-mi\/"},"modified":"2026-04-16T02:28:39","modified_gmt":"2026-04-15T23:28:39","slug":"beni-mi","status":"publish","type":"product","link":"https:\/\/roveyayinevi.com.tr\/index.php\/urun\/beni-mi\/","title":{"rendered":"Beni mi?"},"content":{"rendered":"<p>Suat Dervi\u015f\u2019in \u0131\u015f\u0131ldayacak olan dehas\u0131n\u0131n ilk p\u0131r\u0131lt\u0131lar\u0131n\u0131 yakalad\u0131\u011f\u0131m\u0131z, esere ad\u0131n\u0131 veren novella ve sekiz \u00f6yk\u00fcden olu\u015fan bir hik\u00e2ye kitab\u0131 Beni mi? S\u00fchulet Matbaas\u0131 taraf\u0131ndan 1926 y\u0131l\u0131ndayay\u0131mlanan bask\u0131s\u0131n\u0131 esas ald\u0131\u011f\u0131m\u0131z eser, ilk defa Latin harflerine aktar\u0131ld\u0131.   \u201cBeni mi?\u201d T\u00fcrk\u00e7enin, m\u00fcstesna ve g\u00fc\u00e7l\u00fc kalemlerinden Suat Dervi\u015f\u2019in 1924 y\u0131l\u0131nda yazd\u0131\u011f\u0131 bir hik\u00e2ye kitab\u0131. Dervi\u015f\u2019in edebiyat\u0131n\u0131n ilk d\u00f6nemine denk gelen, daha \u00e7ok \u00fcst s\u0131n\u0131f kad\u0131nlar\u0131n g\u00fcndelik hayatlar\u0131na ve a\u015fklar\u0131na odakland\u0131\u011f\u0131 bir d\u00f6nemde kaleme al\u0131nan bu eser, her bir hik\u00e2yesiyle ba\u015fl\u0131 ba\u015f\u0131na bir vak\u0131a olma \u00f6zelli\u011fini sergiliyor.   Eserin ilk hik\u00e2yesi kitaba da ad\u0131n\u0131 veren, \u201cBeni mi?\u201d Uzun bir monolog \u015feklinde kaleme al\u0131nm\u0131\u015f bu hik\u00e2yede konu\u015fan bir adama kar\u015f\u0131l\u0131k, susan bir gen\u00e7 k\u0131z vard\u0131r. Nermin\u2019in sanki Adnan Bey\u2019in kar\u015f\u0131s\u0131ndaym\u0131\u015f gibi g\u00f6sterilmesi i\u00e7in anlat\u0131c\u0131-kahraman\u0131n her konu\u015fmas\u0131n\u0131n sonunda yer alan \u201c\u2026\u201d ise s\u00f6ylemi bir tiyatro sahnesine ta\u015f\u0131maktad\u0131r. Nitekim kitaptaki hik\u00e2yelerin tamam\u0131nda bu sahne havas\u0131, bir sahnede ba\u015fkalar\u0131na veya bir sahneden kar\u015f\u0131l\u0131\u011f\u0131 olmayan bir izler\/dinler\/okur kitleye seslenme s\u00f6z konusudur. Di\u011fer taraftan tek bir anlat\u0131c\u0131-kahraman\u0131n bize her \u015feyi anlatmas\u0131, g\u00fcvenilmez bir anlat\u0131c\u0131 ile kar\u015f\u0131 kar\u015f\u0131ya oldu\u011fumuzun da ispat\u0131d\u0131r: Anlat\u0131c\u0131-kahraman bize her \u015feyi do\u011fru bir \u015fekilde mi anlatmaktad\u0131r yoksa asl\u0131nda her \u015fey onun kafas\u0131ndaki bir vehim midir? <\/p>\n","protected":false},"excerpt":{"rendered":"<p>Suat Dervi\u015f\u2019in \u0131\u015f\u0131ldayacak olan dehas\u0131n\u0131n ilk p\u0131r\u0131lt\u0131lar\u0131n\u0131 yakalad\u0131\u011f\u0131m\u0131z, esere ad\u0131n\u0131 veren novella ve sekiz \u00f6yk\u00fcden olu\u015fan bir hik\u00e2ye kitab\u0131 Beni mi? S\u00fchulet Matbaas\u0131 taraf\u0131ndan 1926 y\u0131l\u0131ndayay\u0131mlanan<span class=\"excerpt-hellip\"> [\u2026]<\/span><\/p>\n","protected":false},"featured_media":0,"template":"","meta":{"_monsterinsights_skip_tracking":false,"_monsterinsights_sitenote_active":false,"_monsterinsights_sitenote_note":"","_monsterinsights_sitenote_category":0},"product_brand":[],"product_cat":[12291,12292],"product_tag":[],"class_list":{"0":"post-720552","1":"product","2":"type-product","3":"status-publish","5":"product_cat-edebiyat","6":"product_cat-turk-edebiyati","7":"pa_cilt-ciltsiz","8":"pa_tur-kitap","9":"pa_yayinevi-ithaki-yayinlari","10":"pa_yazar-suat-dervis","12":"first","13":"instock","14":"sale","15":"shipping-taxable","16":"purchasable","17":"product-type-simple"},"_links":{"self":[{"href":"https:\/\/roveyayinevi.com.tr\/index.php\/wp-json\/wp\/v2\/product\/720552","targetHints":{"allow":["GET"]}}],"collection":[{"href":"https:\/\/roveyayinevi.com.tr\/index.php\/wp-json\/wp\/v2\/product"}],"about":[{"href":"https:\/\/roveyayinevi.com.tr\/index.php\/wp-json\/wp\/v2\/types\/product"}],"wp:attachment":[{"href":"https:\/\/roveyayinevi.com.tr\/index.php\/wp-json\/wp\/v2\/media?parent=720552"}],"wp:term":[{"taxonomy":"product_brand","embeddable":true,"href":"https:\/\/roveyayinevi.com.tr\/index.php\/wp-json\/wp\/v2\/product_brand?post=720552"},{"taxonomy":"product_cat","embeddable":true,"href":"https:\/\/roveyayinevi.com.tr\/index.php\/wp-json\/wp\/v2\/product_cat?post=720552"},{"taxonomy":"product_tag","embeddable":true,"href":"https:\/\/roveyayinevi.com.tr\/index.php\/wp-json\/wp\/v2\/product_tag?post=720552"}],"curies":[{"name":"wp","href":"https:\/\/api.w.org\/{rel}","templated":true}]}}