{"id":720551,"date":"2025-08-27T18:37:32","date_gmt":"2025-08-27T15:37:32","guid":{"rendered":"https:\/\/roveyayinevi.com.tr\/index.php\/urun\/kacak-protokol\/"},"modified":"2026-04-16T02:28:39","modified_gmt":"2026-04-15T23:28:39","slug":"kacak-protokol","status":"publish","type":"product","link":"https:\/\/roveyayinevi.com.tr\/index.php\/urun\/kacak-protokol\/","title":{"rendered":"Ka\u00e7ak Protokol"},"content":{"rendered":"<p>\u201cKalpsiz bir \u00f6l\u00fcm makinesi olman\u0131n bu kadar \u00e7ok ahlaki ikilem \u00e7\u0131karaca\u011f\u0131n\u0131 kim bilebilirdi.\u201d   Locus En \u0130yi K\u0131sa Roman \u00d6d\u00fcl\u00fc Aday\u0131   Bilimkurgunun en sevilen yapay zek\u00e2s\u0131 yine i\u015f ba\u015f\u0131nda. Ala\u015fa\u011f\u0131 edilmesi m\u00fcmk\u00fcn olmayan GrayCris \u015firketine a\u00e7\u0131lan dava zora girmi\u015fti ama daha da \u00f6nemlisi yetkililer Dr. Mensah\u2019\u0131n G\u00fcvBirim\u2019inin nerede oldu\u011funa dair daha fazla soru sormaya ba\u015flam\u0131\u015ft\u0131.   \u0130nsans\u0131 androidimiz maceradan maceraya ko\u015fmak zorunda kal\u0131yor olsa da sadece yaln\u0131z kalmak istiyordu\u2026 insanlardan, g\u00fcndelik konu\u015fmalardan ve sorulardan uzakta.   Katilbot bu sorular\u0131n ortadan kalkmas\u0131n\u0131 istiyordu. Temelli\u2026   \u201cUzun zamand\u0131r okudu\u011fum en iyi hik\u00e2ye.\u201d Patrick Rothfuss \u201cKatilbot\u2019a bay\u0131l\u0131yorum.\u201d Ann Leckie <\/p>\n","protected":false},"excerpt":{"rendered":"<p>\u201cKalpsiz bir \u00f6l\u00fcm makinesi olman\u0131n bu kadar \u00e7ok ahlaki ikilem \u00e7\u0131karaca\u011f\u0131n\u0131 kim bilebilirdi.\u201d Locus En \u0130yi K\u0131sa Roman \u00d6d\u00fcl\u00fc Aday\u0131 Bilimkurgunun en sevilen yapay zek\u00e2s\u0131 yine<span class=\"excerpt-hellip\"> [\u2026]<\/span><\/p>\n","protected":false},"featured_media":0,"template":"","meta":{"_monsterinsights_skip_tracking":false,"_monsterinsights_sitenote_active":false,"_monsterinsights_sitenote_note":"","_monsterinsights_sitenote_category":0},"product_brand":[],"product_cat":[12540,12291],"product_tag":[],"class_list":{"0":"post-720551","1":"product","2":"type-product","3":"status-publish","5":"product_cat-bilim-kurgu","6":"product_cat-edebiyat","7":"pa_cilt-ciltsiz","8":"pa_tur-kitap","9":"pa_yayinevi-ithaki-yayinlari","10":"pa_yazar-martha-wells","12":"first","13":"instock","14":"sale","15":"shipping-taxable","16":"purchasable","17":"product-type-simple"},"_links":{"self":[{"href":"https:\/\/roveyayinevi.com.tr\/index.php\/wp-json\/wp\/v2\/product\/720551","targetHints":{"allow":["GET"]}}],"collection":[{"href":"https:\/\/roveyayinevi.com.tr\/index.php\/wp-json\/wp\/v2\/product"}],"about":[{"href":"https:\/\/roveyayinevi.com.tr\/index.php\/wp-json\/wp\/v2\/types\/product"}],"wp:attachment":[{"href":"https:\/\/roveyayinevi.com.tr\/index.php\/wp-json\/wp\/v2\/media?parent=720551"}],"wp:term":[{"taxonomy":"product_brand","embeddable":true,"href":"https:\/\/roveyayinevi.com.tr\/index.php\/wp-json\/wp\/v2\/product_brand?post=720551"},{"taxonomy":"product_cat","embeddable":true,"href":"https:\/\/roveyayinevi.com.tr\/index.php\/wp-json\/wp\/v2\/product_cat?post=720551"},{"taxonomy":"product_tag","embeddable":true,"href":"https:\/\/roveyayinevi.com.tr\/index.php\/wp-json\/wp\/v2\/product_tag?post=720551"}],"curies":[{"name":"wp","href":"https:\/\/api.w.org\/{rel}","templated":true}]}}