{"id":720550,"date":"2025-08-27T18:37:31","date_gmt":"2025-08-27T15:37:31","guid":{"rendered":"https:\/\/roveyayinevi.com.tr\/index.php\/urun\/jurgen-bir-adalet-komedisi\/"},"modified":"2026-04-16T02:28:39","modified_gmt":"2026-04-15T23:28:39","slug":"jurgen-bir-adalet-komedisi","status":"publish","type":"product","link":"https:\/\/roveyayinevi.com.tr\/index.php\/urun\/jurgen-bir-adalet-komedisi\/","title":{"rendered":"Jurgen: Bir Adalet Komedisi"},"content":{"rendered":"<p>James Branch Cabell, komik fantasti\u011fin ve ka\u00e7\u0131\u015f edebiyat\u0131n\u0131n \u00f6nemli isimlerinden olsa da Jurgen: Bir Adalet Komedisi, i\u00e7erdi\u011fi \u00e7ift anlaml\u0131 c\u00fcmleler ve genel olarak t\u00fcm otoriter kurumlara kar\u015f\u0131 alayc\u0131 duru\u015fu nedeniyle m\u00fcstehcenlik su\u00e7lamas\u0131yla mahkeme \u00f6n\u00fcnde yarg\u0131land\u0131 ve kitaplar\u0131n da\u011f\u0131t\u0131m\u0131 durduruldu\u011funda d\u00fc\u015f\u00fcnce \u00f6zg\u00fcrl\u00fc\u011f\u00fcn\u00fcn en muzip simgelerinden oldu. A\u00e7\u0131l\u0131\u015f\u0131ndan iki y\u0131l sonra davay\u0131 kazanan Cabell, intikam\u0131n\u0131, kitab\u0131n yeni \u00f6ns\u00f6z\u00fcne karakteri Jurgen\u2019i mahkemeye \u00e7\u0131kard\u0131\u011f\u0131 bir sahne ekleyerek ald\u0131. Terry Pratchett, Neil Gaiman, Robert A. Heinlein gibi isimleri da etkileyen James Branch Cabell, \u00e7a\u011fda\u015flar\u0131ndan Mark Twain, F. Scott Fitzgerald gibi isimlerin de sayg\u0131s\u0131n\u0131 kazanm\u0131\u015ft\u0131.   Jurgen: Bir Adalet Komedisi, kendini \u201cfena h\u00e2lde zeki\u201d diye tan\u0131mlayan, orta ya\u015flarda bir t\u00fcccar olan Jurgen\u2019in hik\u00e2yesini anlat\u0131r. Kahraman\u0131m\u0131z bir kentaurun pe\u015finden fantastik diyarlara, cennete ve cehenneme yapt\u0131\u011f\u0131 yolculukta, var olmayan felsefecilerin, sanat\u00e7\u0131lar\u0131n, var olmayan yap\u0131tlar\u0131ndan al\u0131nt\u0131lar yaparak, cazibesini sonuna kadar kullanarak Arthur efsanesinin d\u00fcnyas\u0131ndan G\u00f6l\u00fcn Han\u0131m\u0131, Krali\u00e7e Guinevere, Lancelot gibi isimlerle, Truval\u0131 Helen\u2019le hatta \u015eeytan\u2019\u0131n kar\u0131s\u0131yla bile tan\u0131\u015f\u0131r. Ancak bu centilmen kahraman her kar\u015f\u0131la\u015ft\u0131\u011f\u0131 ki\u015fiye, \u00f6zellikle de kad\u0131nlara adil davranmaktan asla vazge\u00e7mez. Jurgen: Bir Adalet Komedisi, cesur, alayc\u0131 bir isyan. Kocaman kocaman mevkilerdeki adamlara nanik yapan serseri bir metin.   \u201c\u00c7\u0131\u011f\u0131r a\u00e7an felsefe ba\u015fyap\u0131tlar\u0131ndan biri.\u201d Aleister Crowley   \u201cUnutulmu\u015f Amerikal\u0131 yazardar aras\u0131nda a\u00e7\u0131k ama en sevdi\u011fim Cabell\u2019dir.\u201dNeil Gaiman <\/p>\n","protected":false},"excerpt":{"rendered":"<p>James Branch Cabell, komik fantasti\u011fin ve ka\u00e7\u0131\u015f edebiyat\u0131n\u0131n \u00f6nemli isimlerinden olsa da Jurgen: Bir Adalet Komedisi, i\u00e7erdi\u011fi \u00e7ift anlaml\u0131 c\u00fcmleler ve genel olarak t\u00fcm otoriter kurumlara<span class=\"excerpt-hellip\"> [\u2026]<\/span><\/p>\n","protected":false},"featured_media":0,"template":"","meta":{"_monsterinsights_skip_tracking":false,"_monsterinsights_sitenote_active":false,"_monsterinsights_sitenote_note":"","_monsterinsights_sitenote_category":0},"product_brand":[],"product_cat":[12291,14777],"product_tag":[],"class_list":{"0":"post-720550","1":"product","2":"type-product","3":"status-publish","5":"product_cat-edebiyat","6":"product_cat-fantastik","7":"pa_cilt-ciltsiz","8":"pa_tur-kitap","9":"pa_yayinevi-ithaki-yayinlari","10":"pa_yazar-james-branch-cabell","12":"first","13":"instock","14":"sale","15":"shipping-taxable","16":"purchasable","17":"product-type-simple"},"_links":{"self":[{"href":"https:\/\/roveyayinevi.com.tr\/index.php\/wp-json\/wp\/v2\/product\/720550","targetHints":{"allow":["GET"]}}],"collection":[{"href":"https:\/\/roveyayinevi.com.tr\/index.php\/wp-json\/wp\/v2\/product"}],"about":[{"href":"https:\/\/roveyayinevi.com.tr\/index.php\/wp-json\/wp\/v2\/types\/product"}],"wp:attachment":[{"href":"https:\/\/roveyayinevi.com.tr\/index.php\/wp-json\/wp\/v2\/media?parent=720550"}],"wp:term":[{"taxonomy":"product_brand","embeddable":true,"href":"https:\/\/roveyayinevi.com.tr\/index.php\/wp-json\/wp\/v2\/product_brand?post=720550"},{"taxonomy":"product_cat","embeddable":true,"href":"https:\/\/roveyayinevi.com.tr\/index.php\/wp-json\/wp\/v2\/product_cat?post=720550"},{"taxonomy":"product_tag","embeddable":true,"href":"https:\/\/roveyayinevi.com.tr\/index.php\/wp-json\/wp\/v2\/product_tag?post=720550"}],"curies":[{"name":"wp","href":"https:\/\/api.w.org\/{rel}","templated":true}]}}