{"id":720549,"date":"2025-08-27T18:37:30","date_gmt":"2025-08-27T15:37:30","guid":{"rendered":"https:\/\/roveyayinevi.com.tr\/index.php\/urun\/cataldili-konusan-son-insan\/"},"modified":"2026-04-16T02:28:39","modified_gmt":"2026-04-15T23:28:39","slug":"cataldili-konusan-son-insan","status":"publish","type":"product","link":"https:\/\/roveyayinevi.com.tr\/index.php\/urun\/cataldili-konusan-son-insan\/","title":{"rendered":"\u00c7ataldili Konu\u015fan Son \u0130nsan"},"content":{"rendered":"<p>Orta\u00e7a\u011fda Estonya\u2026 ama bamba\u015fka bir Estonya. Burada tek kelime etmeden kad\u0131nlar\u0131 ba\u015ftan \u00e7\u0131karan zampara bir ay\u0131, y\u00fczmeye bay\u0131lan dev bir bite evcil hayvanlar\u0131ym\u0131\u015f gibi bakan iki primat, efsanevi bir u\u00e7an kurba\u011fa ve Ints isimli karizmatik bir engerek y\u0131lan\u0131 var.   Avc\u0131 toplay\u0131c\u0131 ailesiyle birlikte ormanda ya\u015fayan Leemet ise \u00e7ataldili konu\u015fan son insan. \u00d6yle yabana at\u0131lacak bir \u015fey de\u011fil bu. Evet, \u00e7ataldili konu\u015fanlar t\u00fcm hayvanlara h\u00fckmedebilir ama do\u011fada her \u015fey h\u00e2kimiyetle ilgili de\u011fil. Leemet kadim bir gelene\u011fin de son ta\u015f\u0131y\u0131c\u0131s\u0131, d\u00f6n\u00fc\u015ferek yok olu\u015fa giden bir uygarl\u0131\u011f\u0131n, h\u00e2kimiyetin \u00f6tesine uzanan \u00f6zg\u00fcrl\u00fc\u011f\u00fcn do\u011furdu\u011fu anlay\u0131\u015f\u0131n son nefesi.   Yerliler bir bir terk ediyor orman\u0131, hepsi k\u00f6ylerde ya\u015famaya gidiyor, tarlalarda \u00e7al\u0131\u015f\u0131yorlar, Leemet\u2019in duydu\u011funa g\u00f6re tad\u0131 rezalet olan \u201cekmek\u201d diye bir \u015feyle doyuruyorlar kar\u0131nlar\u0131n\u0131, \u00fcstelik ormandaki perileri b\u0131rak\u0131p bamba\u015fka bir tanr\u0131ya da inanmaya ba\u015fl\u0131yorlar. Leemet do\u011fayla beraber ya\u015famaya, onun dilini konu\u015fmaya kararl\u0131 ama bu g\u00f6\u00e7e direnebilecek, kalbindeki arzular\u0131 dizginleyebilecek mi acaba?   David Mitchell\u2019\u0131 ve Terry Pratchett\u2019i akla getiren \u00fcslubuyla, en keskin u\u00e7lardan en sevimli anlara aniden seyahat eden \u00c7ataldili Konu\u015fan Son \u0130nsan, bir uygarl\u0131\u011f\u0131n nas\u0131l unutuldu\u011funu, inanc\u0131n s\u00f6m\u00fcrgecilikle birle\u015fti\u011finde b\u00fcr\u00fcnd\u00fc\u011f\u00fc y\u0131k\u0131c\u0131l\u0131\u011f\u0131, bir \u00e7ocu\u011fun huzurlu ye\u015fillikler i\u00e7inde ba\u015flayan maceras\u0131n\u0131n hangi karanl\u0131k duraklardan ge\u00e7ti\u011fini anlatan, muzip bir fantastik roman.   \u201cHer anlam\u0131yla bir masal. Biraz Teneke Trampet, biraz Vah\u015fi \u015eeyler ve kesinlikle Watership Tepesi\u2019ni akla getiriyor.\u201dNew York Journal of Books  \u201cBu kitab\u0131 nas\u0131l tarif etmeli? Hayal edin: K\u0131yametin eli kula\u011f\u0131nda ve Tolkien, Beckett, Mark Twain ile Miyazaki bir kul\u00fcbede bulu\u015fmu\u015flar, d\u00fcnyan\u0131n g\u00f6rece\u011fi son \u015fenlik ate\u015finin \u00e7evresinde birbirlerine hik\u00e2yeler anlat\u0131yorlar.\u201d Le Magazine Litt\u00e9raire   \u201c\u00c7apk\u0131n ay\u0131lar\u0131, u\u00e7an kurba\u011falar\u0131yla e\u011flenceli bir roman olsa da Kivir\u00e4hk ayn\u0131 zamanda sava\u015f\u0131n, s\u00f6m\u00fcrgecili\u011fin (\u00f6zellikle de H\u0131ristiyanl\u0131\u011f\u0131n geleneksel inan\u00e7lara kar\u015f\u0131 bask\u0131s\u0131n\u0131n) ve ge\u00e7mi\u015fi oldu\u011fundan g\u00fczel g\u00f6rmenin tehlikeleriyle de ilgileniyor.\u201d Library Journal <\/p>\n","protected":false},"excerpt":{"rendered":"<p>Orta\u00e7a\u011fda Estonya\u2026 ama bamba\u015fka bir Estonya. Burada tek kelime etmeden kad\u0131nlar\u0131 ba\u015ftan \u00e7\u0131karan zampara bir ay\u0131, y\u00fczmeye bay\u0131lan dev bir bite evcil hayvanlar\u0131ym\u0131\u015f gibi bakan iki<span class=\"excerpt-hellip\"> [\u2026]<\/span><\/p>\n","protected":false},"featured_media":0,"template":"","meta":{"_monsterinsights_skip_tracking":false,"_monsterinsights_sitenote_active":false,"_monsterinsights_sitenote_note":"","_monsterinsights_sitenote_category":0},"product_brand":[],"product_cat":[12291,14777],"product_tag":[],"class_list":{"0":"post-720549","1":"product","2":"type-product","3":"status-publish","5":"product_cat-edebiyat","6":"product_cat-fantastik","7":"pa_cilt-ciltsiz","8":"pa_tur-kitap","9":"pa_yayinevi-ithaki-yayinlari","10":"pa_yazar-andrus-kivirahk","12":"first","13":"instock","14":"sale","15":"shipping-taxable","16":"purchasable","17":"product-type-simple"},"_links":{"self":[{"href":"https:\/\/roveyayinevi.com.tr\/index.php\/wp-json\/wp\/v2\/product\/720549","targetHints":{"allow":["GET"]}}],"collection":[{"href":"https:\/\/roveyayinevi.com.tr\/index.php\/wp-json\/wp\/v2\/product"}],"about":[{"href":"https:\/\/roveyayinevi.com.tr\/index.php\/wp-json\/wp\/v2\/types\/product"}],"wp:attachment":[{"href":"https:\/\/roveyayinevi.com.tr\/index.php\/wp-json\/wp\/v2\/media?parent=720549"}],"wp:term":[{"taxonomy":"product_brand","embeddable":true,"href":"https:\/\/roveyayinevi.com.tr\/index.php\/wp-json\/wp\/v2\/product_brand?post=720549"},{"taxonomy":"product_cat","embeddable":true,"href":"https:\/\/roveyayinevi.com.tr\/index.php\/wp-json\/wp\/v2\/product_cat?post=720549"},{"taxonomy":"product_tag","embeddable":true,"href":"https:\/\/roveyayinevi.com.tr\/index.php\/wp-json\/wp\/v2\/product_tag?post=720549"}],"curies":[{"name":"wp","href":"https:\/\/api.w.org\/{rel}","templated":true}]}}