{"id":720547,"date":"2025-08-27T18:37:29","date_gmt":"2025-08-27T15:37:29","guid":{"rendered":"https:\/\/roveyayinevi.com.tr\/index.php\/urun\/kizil-dosya-3\/"},"modified":"2026-04-16T02:28:39","modified_gmt":"2026-04-15T23:28:39","slug":"kizil-dosya-3","status":"publish","type":"product","link":"https:\/\/roveyayinevi.com.tr\/index.php\/urun\/kizil-dosya-3\/","title":{"rendered":"K\u0131z\u0131l Dosya"},"content":{"rendered":"<p>Dedektiflik ilminin ustas\u0131 Sherlock Holmes ve onun sad\u0131k vakan\u00fcvisi John Watson&#8217;\u0131 bir araya getiren polisiye roman tarihinin bu en me\u015fhur kar\u015f\u0131la\u015fmas\u0131 Sir Arthur Conan Doyle&#8217;\u0131n K\u0131z\u0131l Dosya adl\u0131 kitab\u0131nda yer al\u0131r. Kitap, okuyucuyu sadece Holmes efsanesinin b\u00fcy\u00fcl\u00fc d\u00fcnyas\u0131na ad\u0131m att\u0131rmakla kalmaz, onu ayn\u0131 zamanda Londra&#8217;n\u0131n sisli, gaz lambalar\u0131yla ayd\u0131nlat\u0131lan sokaklar\u0131ndan al\u0131p Utah&#8217;\u0131n g\u00fcne\u015f alt\u0131nda kavrulan geni\u015f ovalar\u0131na do\u011fru heyecanl\u0131 bir yolculu\u011fa \u00e7\u0131kar\u0131r. &#8220;Hayat renksiz bir y\u00fcn yuma\u011f\u0131ysa, bazen o yuma\u011f\u0131n i\u00e7inde k\u0131rm\u0131z\u0131 bir iplik belirir, bu, cinayetin sebep oldu\u011fu bir k\u0131rm\u0131z\u0131l\u0131kt\u0131r, bizim g\u00f6revimiz de bu ipli\u011fi ortaya \u00e7\u0131karmak, di\u011ferlerinden ay\u0131rmak ve her bir santimini incelemektir.\u201d<\/p>\n","protected":false},"excerpt":{"rendered":"<p>Dedektiflik ilminin ustas\u0131 Sherlock Holmes ve onun sad\u0131k vakan\u00fcvisi John Watson&#8217;\u0131 bir araya getiren polisiye roman tarihinin bu en me\u015fhur kar\u015f\u0131la\u015fmas\u0131 Sir Arthur Conan Doyle&#8217;\u0131n K\u0131z\u0131l<span class=\"excerpt-hellip\"> [\u2026]<\/span><\/p>\n","protected":false},"featured_media":0,"template":"","meta":{"_monsterinsights_skip_tracking":false,"_monsterinsights_sitenote_active":false,"_monsterinsights_sitenote_note":"","_monsterinsights_sitenote_category":0},"product_brand":[],"product_cat":[12291,12711],"product_tag":[],"class_list":{"0":"post-720547","1":"product","2":"type-product","3":"status-publish","5":"product_cat-edebiyat","6":"product_cat-roman-oyku","7":"pa_cilt-ciltsiz","8":"pa_tur-kitap","9":"pa_yayinevi-bilgi-yayinevi","10":"pa_yazar-sherlock-holmes","12":"first","13":"instock","14":"sale","15":"shipping-taxable","16":"purchasable","17":"product-type-simple"},"_links":{"self":[{"href":"https:\/\/roveyayinevi.com.tr\/index.php\/wp-json\/wp\/v2\/product\/720547","targetHints":{"allow":["GET"]}}],"collection":[{"href":"https:\/\/roveyayinevi.com.tr\/index.php\/wp-json\/wp\/v2\/product"}],"about":[{"href":"https:\/\/roveyayinevi.com.tr\/index.php\/wp-json\/wp\/v2\/types\/product"}],"wp:attachment":[{"href":"https:\/\/roveyayinevi.com.tr\/index.php\/wp-json\/wp\/v2\/media?parent=720547"}],"wp:term":[{"taxonomy":"product_brand","embeddable":true,"href":"https:\/\/roveyayinevi.com.tr\/index.php\/wp-json\/wp\/v2\/product_brand?post=720547"},{"taxonomy":"product_cat","embeddable":true,"href":"https:\/\/roveyayinevi.com.tr\/index.php\/wp-json\/wp\/v2\/product_cat?post=720547"},{"taxonomy":"product_tag","embeddable":true,"href":"https:\/\/roveyayinevi.com.tr\/index.php\/wp-json\/wp\/v2\/product_tag?post=720547"}],"curies":[{"name":"wp","href":"https:\/\/api.w.org\/{rel}","templated":true}]}}