{"id":720545,"date":"2025-08-27T18:37:27","date_gmt":"2025-08-27T15:37:27","guid":{"rendered":"https:\/\/roveyayinevi.com.tr\/index.php\/urun\/deniz-kurdu-4\/"},"modified":"2026-04-08T02:36:09","modified_gmt":"2026-04-07T23:36:09","slug":"deniz-kurdu-4","status":"publish","type":"product","link":"https:\/\/roveyayinevi.com.tr\/index.php\/urun\/deniz-kurdu-4\/","title":{"rendered":"Deniz Kurdu"},"content":{"rendered":"<p>Kitaplar aras\u0131nda korunakl\u0131 ve rahat bir hayat s\u00fcren bir edebiyat ele\u015ftirmeni olan Humphrey Van Weyden, kendini beklenmedik bir \u015fekilde bir fok av\u0131 uskunas\u0131n\u0131n m\u00fcrettebat\u0131 aras\u0131nda bulur. Iss\u0131z ve tekinsiz denizlerin ortas\u0131nda sa\u011f kalabilmek i\u00e7in yapmas\u0131 gereken \u015fey; bu zorlu ve tehlikeli hayata uyum sa\u011flamak, bir de geminin ac\u0131mas\u0131z ve gizemli kaptan\u0131 Kurt Larsen\u2019\u0131n kar\u015f\u0131s\u0131nda ayakta kalmakt\u0131r. Yay\u0131mlan\u0131r yay\u0131mlanmaz d\u00f6neminin en \u00e7ok satan kitaplar\u0131 aras\u0131na giren Deniz Kurdu, Jack London\u2019\u0131n en \u00f6nemli eserlerinden biridir.<\/p>\n","protected":false},"excerpt":{"rendered":"<p>Kitaplar aras\u0131nda korunakl\u0131 ve rahat bir hayat s\u00fcren bir edebiyat ele\u015ftirmeni olan Humphrey Van Weyden, kendini beklenmedik bir \u015fekilde bir fok av\u0131 uskunas\u0131n\u0131n m\u00fcrettebat\u0131 aras\u0131nda bulur.<span class=\"excerpt-hellip\"> [\u2026]<\/span><\/p>\n","protected":false},"featured_media":0,"template":"","meta":{"_monsterinsights_skip_tracking":false,"_monsterinsights_sitenote_active":false,"_monsterinsights_sitenote_note":"","_monsterinsights_sitenote_category":0},"product_brand":[],"product_cat":[12291,12711],"product_tag":[],"class_list":{"0":"post-720545","1":"product","2":"type-product","3":"status-publish","5":"product_cat-edebiyat","6":"product_cat-roman-oyku","7":"pa_cilt-ciltsiz","8":"pa_tur-kitap","9":"pa_yayinevi-bilgi-yayinevi","10":"pa_yazar-jack-london","12":"first","13":"instock","14":"sale","15":"shipping-taxable","16":"purchasable","17":"product-type-simple"},"_links":{"self":[{"href":"https:\/\/roveyayinevi.com.tr\/index.php\/wp-json\/wp\/v2\/product\/720545","targetHints":{"allow":["GET"]}}],"collection":[{"href":"https:\/\/roveyayinevi.com.tr\/index.php\/wp-json\/wp\/v2\/product"}],"about":[{"href":"https:\/\/roveyayinevi.com.tr\/index.php\/wp-json\/wp\/v2\/types\/product"}],"wp:attachment":[{"href":"https:\/\/roveyayinevi.com.tr\/index.php\/wp-json\/wp\/v2\/media?parent=720545"}],"wp:term":[{"taxonomy":"product_brand","embeddable":true,"href":"https:\/\/roveyayinevi.com.tr\/index.php\/wp-json\/wp\/v2\/product_brand?post=720545"},{"taxonomy":"product_cat","embeddable":true,"href":"https:\/\/roveyayinevi.com.tr\/index.php\/wp-json\/wp\/v2\/product_cat?post=720545"},{"taxonomy":"product_tag","embeddable":true,"href":"https:\/\/roveyayinevi.com.tr\/index.php\/wp-json\/wp\/v2\/product_tag?post=720545"}],"curies":[{"name":"wp","href":"https:\/\/api.w.org\/{rel}","templated":true}]}}