{"id":720544,"date":"2025-08-27T18:37:27","date_gmt":"2025-08-27T15:37:27","guid":{"rendered":"https:\/\/roveyayinevi.com.tr\/index.php\/urun\/savas-sanati-9\/"},"modified":"2026-04-16T02:28:39","modified_gmt":"2026-04-15T23:28:39","slug":"savas-sanati-9","status":"publish","type":"product","link":"https:\/\/roveyayinevi.com.tr\/index.php\/urun\/savas-sanati-9\/","title":{"rendered":"Sava\u015f Sanat\u0131"},"content":{"rendered":"<p>D\u00fc\u015fman\u0131n\u0131 ve kendini tan\u0131yorsan zafer \u00e7ok yak\u0131nd\u0131r! M\u00d6 6. y\u00fczy\u0131lda kaleme al\u0131nan ve \u00c7inli komutan Sun Tzu&#8217;nun sava\u015f prensiplerini i\u00e7eren Sava\u015f Sanat\u0131, insanl\u0131k tarihi boyunca askeri strateji \u00fczerine ger\u00e7ekle\u015ftirilen en ba\u015far\u0131l\u0131 \u00e7al\u0131\u015fmad\u0131r ve bug\u00fcn dahi kar\u015f\u0131s\u0131nda sayg\u0131yla e\u011filmeyi hak etmektedir. Sun Tzu fiziksel olarak eyleme ge\u00e7meden \u00f6nce insan\u0131n zek\u00e2s\u0131yla d\u00fc\u015fman\u0131 alt edebilece\u011fini ve bu sayede galip gelme \u015fans\u0131n\u0131n b\u00fcy\u00fck oranda artaca\u011f\u0131n\u0131 iddia eder. Tzu&#8217;nun bu felsefesi sadece askerlik alan\u0131nda de\u011fil, ya\u015fam\u0131n her alan\u0131nda uygulanabilecek bir felsefedir.<\/p>\n","protected":false},"excerpt":{"rendered":"<p>D\u00fc\u015fman\u0131n\u0131 ve kendini tan\u0131yorsan zafer \u00e7ok yak\u0131nd\u0131r! M\u00d6 6. y\u00fczy\u0131lda kaleme al\u0131nan ve \u00c7inli komutan Sun Tzu&#8217;nun sava\u015f prensiplerini i\u00e7eren Sava\u015f Sanat\u0131, insanl\u0131k tarihi boyunca askeri<span class=\"excerpt-hellip\"> [\u2026]<\/span><\/p>\n","protected":false},"featured_media":0,"template":"","meta":{"_monsterinsights_skip_tracking":false,"_monsterinsights_sitenote_active":false,"_monsterinsights_sitenote_note":"","_monsterinsights_sitenote_category":0},"product_brand":[],"product_cat":[13059,12337],"product_tag":[],"class_list":{"0":"post-720544","1":"product","2":"type-product","3":"status-publish","5":"product_cat-diger-politika-siyaset","6":"product_cat-politika-siyaset","7":"pa_cilt-ciltsiz","8":"pa_tur-kitap","9":"pa_yayinevi-bilgi-yayinevi","10":"pa_yazar-sun-tzu","12":"first","13":"instock","14":"sale","15":"shipping-taxable","16":"purchasable","17":"product-type-simple"},"_links":{"self":[{"href":"https:\/\/roveyayinevi.com.tr\/index.php\/wp-json\/wp\/v2\/product\/720544","targetHints":{"allow":["GET"]}}],"collection":[{"href":"https:\/\/roveyayinevi.com.tr\/index.php\/wp-json\/wp\/v2\/product"}],"about":[{"href":"https:\/\/roveyayinevi.com.tr\/index.php\/wp-json\/wp\/v2\/types\/product"}],"wp:attachment":[{"href":"https:\/\/roveyayinevi.com.tr\/index.php\/wp-json\/wp\/v2\/media?parent=720544"}],"wp:term":[{"taxonomy":"product_brand","embeddable":true,"href":"https:\/\/roveyayinevi.com.tr\/index.php\/wp-json\/wp\/v2\/product_brand?post=720544"},{"taxonomy":"product_cat","embeddable":true,"href":"https:\/\/roveyayinevi.com.tr\/index.php\/wp-json\/wp\/v2\/product_cat?post=720544"},{"taxonomy":"product_tag","embeddable":true,"href":"https:\/\/roveyayinevi.com.tr\/index.php\/wp-json\/wp\/v2\/product_tag?post=720544"}],"curies":[{"name":"wp","href":"https:\/\/api.w.org\/{rel}","templated":true}]}}