{"id":720540,"date":"2025-08-27T18:37:24","date_gmt":"2025-08-27T15:37:24","guid":{"rendered":"https:\/\/roveyayinevi.com.tr\/index.php\/urun\/devrimden-onceki-gun\/"},"modified":"2026-04-08T02:36:09","modified_gmt":"2026-04-07T23:36:09","slug":"devrimden-onceki-gun","status":"publish","type":"product","link":"https:\/\/roveyayinevi.com.tr\/index.php\/urun\/devrimden-onceki-gun\/","title":{"rendered":"Devrimden \u00d6nceki G\u00fcn"},"content":{"rendered":"<p>Ursula Le Guin, ilk olarak 1974 y\u0131l\u0131nda Galaxy Science Fiction dergisinde yay\u0131nlanan \u00f6yk\u00fcs\u00fc Devrimden \u00d6nceki G\u00fcn\u2019de, art\u0131k bir klasik haline gelen muhte\u015fem roman\u0131 M\u00fclks\u00fczler\u2019de resmetti\u011fi anar\u015fist toplumun temellerinin at\u0131ld\u0131\u011f\u0131 Devrim\u2019e \u00f6nderlik eden Odo\u2019nun hik\u00e2yesini anlat\u0131yor. Devrim\u2019den \u00f6nceki g\u00fcn\u00fcn hik\u00e2yesini&#8230; \u0130yi okumalar! \u201cLe Guin kalemini nadiren rastlanan ahlaki ve psikolojik bir entelekt\u00fcellikle kullan\u0131yor\u2026 masallar yaz\u0131yor: ola\u011fan\u00fcst\u00fc bir giriftli\u011fe ve muazzam bir yarat\u0131c\u0131l\u0131\u011fa sahip masallar.\u201dNewsweek \u201cUrsula Le Guin\u2019in anlat\u0131s\u0131 \u0131\u015f\u0131k ve zek\u00e2 sa\u00e7\u0131yor. \u00d6yk\u00fc edebiyat\u0131n\u0131 \u015fiir seviyesine ula\u015ft\u0131rmay\u0131 ve alegorinin yo\u011funlu\u011funda s\u0131k\u0131\u015ft\u0131rmay\u0131 ba\u015far\u0131yor.\u201d Jonathan Lethem   \u201cMuhte\u015fem bir \u00f6yk\u00fcc\u00fc\u2026 Anlat\u0131s\u0131, Borges\u2019de oldu\u011fu gibi, spek\u00fclatif kurgu ile ger\u00e7ek\u00e7ilik aras\u0131nda y\u00fckselen duvarlardaki \u00e7atlaklarda hayat buluyor.\u201d  San Francisco Chronicle Book Review   \u201cLe Guin\u2019in yapt\u0131\u011f\u0131 \u015feyi yapabilecek ba\u015fka birini tan\u0131m\u0131yorum. Onun yazd\u0131klar\u0131 muhte\u015fem derecede yal\u0131n ve g\u00fcn \u0131\u015f\u0131\u011f\u0131 kadar berrak, Buddha\u2019n\u0131n g\u00fcl\u00fc\u015f\u00fc gibi: ne\u015feli bir ciddiyete sahip, bir \u015fakadan ibaret olan hayattan zevk al\u0131yor. Le Guin a\u015fk hakk\u0131nda yaz\u0131yor, safl\u0131k ve yal\u0131nl\u0131kla a\u015fk\u0131 ve a\u015fk\u0131n zapt edilmeyi reddedi\u015fini kaleme al\u0131yor ve bunu \u00e7ok g\u00fczel bir \u015fekilde yap\u0131yor.\u201d Nicola Griffith <\/p>\n","protected":false},"excerpt":{"rendered":"<p>Ursula Le Guin, ilk olarak 1974 y\u0131l\u0131nda Galaxy Science Fiction dergisinde yay\u0131nlanan \u00f6yk\u00fcs\u00fc Devrimden \u00d6nceki G\u00fcn\u2019de, art\u0131k bir klasik haline gelen muhte\u015fem roman\u0131 M\u00fclks\u00fczler\u2019de resmetti\u011fi anar\u015fist<span class=\"excerpt-hellip\"> [\u2026]<\/span><\/p>\n","protected":false},"featured_media":0,"template":"","meta":{"_monsterinsights_skip_tracking":false,"_monsterinsights_sitenote_active":false,"_monsterinsights_sitenote_note":"","_monsterinsights_sitenote_category":0},"product_brand":[],"product_cat":[12291,12711],"product_tag":[],"class_list":{"0":"post-720540","1":"product","2":"type-product","3":"status-publish","5":"product_cat-edebiyat","6":"product_cat-roman-oyku","7":"pa_cilt-ciltsiz","8":"pa_tur-kitap","9":"pa_yayinevi-inka-yayinlari","10":"pa_yazar-ursula-k-le-guin","12":"first","13":"instock","14":"sale","15":"shipping-taxable","16":"purchasable","17":"product-type-simple"},"_links":{"self":[{"href":"https:\/\/roveyayinevi.com.tr\/index.php\/wp-json\/wp\/v2\/product\/720540","targetHints":{"allow":["GET"]}}],"collection":[{"href":"https:\/\/roveyayinevi.com.tr\/index.php\/wp-json\/wp\/v2\/product"}],"about":[{"href":"https:\/\/roveyayinevi.com.tr\/index.php\/wp-json\/wp\/v2\/types\/product"}],"wp:attachment":[{"href":"https:\/\/roveyayinevi.com.tr\/index.php\/wp-json\/wp\/v2\/media?parent=720540"}],"wp:term":[{"taxonomy":"product_brand","embeddable":true,"href":"https:\/\/roveyayinevi.com.tr\/index.php\/wp-json\/wp\/v2\/product_brand?post=720540"},{"taxonomy":"product_cat","embeddable":true,"href":"https:\/\/roveyayinevi.com.tr\/index.php\/wp-json\/wp\/v2\/product_cat?post=720540"},{"taxonomy":"product_tag","embeddable":true,"href":"https:\/\/roveyayinevi.com.tr\/index.php\/wp-json\/wp\/v2\/product_tag?post=720540"}],"curies":[{"name":"wp","href":"https:\/\/api.w.org\/{rel}","templated":true}]}}