{"id":720539,"date":"2025-08-27T18:37:23","date_gmt":"2025-08-27T15:37:23","guid":{"rendered":"https:\/\/roveyayinevi.com.tr\/index.php\/urun\/the-time-machine-stage-6-books\/"},"modified":"2026-04-16T02:28:39","modified_gmt":"2026-04-15T23:28:39","slug":"the-time-machine-stage-6-books","status":"publish","type":"product","link":"https:\/\/roveyayinevi.com.tr\/index.php\/urun\/the-time-machine-stage-6-books\/","title":{"rendered":"The Time Machine Stage 6 Books"},"content":{"rendered":"<p>H.G. Wells has immortalisedthe Time Traveller in his The Time Machine \u2014 bymaking it possibleformantomoverightandleft, backwardandforwardandupanddown, denyingthetruth of thescientificdiscoveries.   The Time Travelleramazes his colleaguesandthereadersby his accounts of his adventures in strangetimesotherthan his own. He had perfected a machinethatletshimliveeveryone\u2019sdream \u2014 to be abletomovebacktothepastorforwardintothefuture, at will.   How does he return? Whatproofsdoes he have? Wheredoes he land? Theadventure is endless. The Time Machine has becomeimmortalfortheconcept of time as thefourthdimension\u2014whichtrulyappealstoall of us. Binbir \u00c7i\u00e7ek, \u00e7ocuklara ve gen\u00e7lere y\u00f6nelik dil yay\u0131nc\u0131l\u0131\u011f\u0131nda \u00fclkemizin \u00f6nde gelen markalar\u0131ndan biri. Her ge\u00e7en g\u00fcn daha da geni\u015fletti\u011fimiz \u00fcr\u00fcn yelpazemize \u015fimdi de d\u00fcnya klasiklerinin seviyelendirilmi\u015f okuma kitaplar\u0131n\u0131 ekliyor ve dil e\u011fitimine de\u011fer kat\u0131yoruz. Bu seride yer alan kitaplar hem i\u00e7erikleri hem de i\u00e7erdikleri kelime say\u0131s\u0131 bak\u0131m\u0131ndan basitle\u015ftirilmi\u015f ve okuyucunun ihtiya\u00e7lar\u0131 do\u011frultusunda yeniden d\u00fczenlenmi\u015ftir. Temel ama\u00e7 kelime bilgisinin geli\u015ftirilmesi, c\u00fcmle yap\u0131s\u0131n\u0131n sindirilmesi ve okuma becerilerinin ilerlemesini sa\u011flamakt\u0131r. T\u00fcm kitaplar\u0131n sonunda bir s\u00f6zl\u00fck ve \u00e7e\u015fitli aktivitelere de yer verilmi\u015ftir. <\/p>\n","protected":false},"excerpt":{"rendered":"<p>H.G. Wells has immortalisedthe Time Traveller in his The Time Machine \u2014 bymaking it possibleformantomoverightandleft, backwardandforwardandupanddown, denyingthetruth of thescientificdiscoveries. The Time Travelleramazes his colleaguesandthereadersby his accounts<span class=\"excerpt-hellip\"> [\u2026]<\/span><\/p>\n","protected":false},"featured_media":0,"template":"","meta":{"_monsterinsights_skip_tracking":false,"_monsterinsights_sitenote_active":false,"_monsterinsights_sitenote_note":"","_monsterinsights_sitenote_category":0},"product_brand":[],"product_cat":[14597,12566],"product_tag":[],"class_list":{"0":"post-720539","1":"product","2":"type-product","3":"status-publish","5":"product_cat-dil-ogrenimi","6":"product_cat-egitim","7":"pa_cilt-ciltsiz","8":"pa_tur-kitap","9":"pa_yayinevi-1001-cicek-kitaplar","10":"pa_yazar-h-g-wells","12":"first","13":"instock","14":"sale","15":"shipping-taxable","16":"purchasable","17":"product-type-simple"},"_links":{"self":[{"href":"https:\/\/roveyayinevi.com.tr\/index.php\/wp-json\/wp\/v2\/product\/720539","targetHints":{"allow":["GET"]}}],"collection":[{"href":"https:\/\/roveyayinevi.com.tr\/index.php\/wp-json\/wp\/v2\/product"}],"about":[{"href":"https:\/\/roveyayinevi.com.tr\/index.php\/wp-json\/wp\/v2\/types\/product"}],"wp:attachment":[{"href":"https:\/\/roveyayinevi.com.tr\/index.php\/wp-json\/wp\/v2\/media?parent=720539"}],"wp:term":[{"taxonomy":"product_brand","embeddable":true,"href":"https:\/\/roveyayinevi.com.tr\/index.php\/wp-json\/wp\/v2\/product_brand?post=720539"},{"taxonomy":"product_cat","embeddable":true,"href":"https:\/\/roveyayinevi.com.tr\/index.php\/wp-json\/wp\/v2\/product_cat?post=720539"},{"taxonomy":"product_tag","embeddable":true,"href":"https:\/\/roveyayinevi.com.tr\/index.php\/wp-json\/wp\/v2\/product_tag?post=720539"}],"curies":[{"name":"wp","href":"https:\/\/api.w.org\/{rel}","templated":true}]}}