{"id":720536,"date":"2025-08-27T18:37:21","date_gmt":"2025-08-27T15:37:21","guid":{"rendered":"https:\/\/roveyayinevi.com.tr\/index.php\/urun\/uygulama-ve-ornekleriyle-cokkulturlu-egitim-ve-degerler-egitimi\/"},"modified":"2026-04-06T02:41:09","modified_gmt":"2026-04-05T23:41:09","slug":"uygulama-ve-ornekleriyle-cokkulturlu-egitim-ve-degerler-egitimi","status":"publish","type":"product","link":"https:\/\/roveyayinevi.com.tr\/index.php\/urun\/uygulama-ve-ornekleriyle-cokkulturlu-egitim-ve-degerler-egitimi\/","title":{"rendered":"Uygulama ve \u00d6rnekleriyle \u00c7okk\u00fclt\u00fcrl\u00fc E\u011fitim ve De\u011ferler E\u011fitimi"},"content":{"rendered":"<p>Kitab\u0131n birinci b\u00f6l\u00fcm\u00fcnde; k\u00fcresel e\u011fitim ve \u00e7e\u015fitlilik, sosyal adalet ve insan haklar\u0131, \u00e7o\u011fulculuk, \u00e7okk\u00fclt\u00fcrl\u00fcl\u00fck, \u00e7okk\u00fclt\u00fcrl\u00fc e\u011fitim, \u00e7okk\u00fclt\u00fcrl\u00fc e\u011fitimin tarihi, \u00e7okk\u00fclt\u00fcrl\u00fc e\u011fitimin ama\u00e7lar\u0131, d\u00fcnyada \u00e7okk\u00fclt\u00fcrl\u00fc e\u011fitim uygulamalar\u0131, T\u00fcrkiye&#8217;de \u00e7okk\u00fclt\u00fcrl\u00fc e\u011fitim ile ilgili bilgi verilmi\u015f ve \u00e7okk\u00fclt\u00fcrl\u00fc e\u011fitim ile de\u011ferler e\u011fitiminin ili\u015fkisi ortaya konulmu\u015ftur. \u0130kinci b\u00f6l\u00fcm\u00fcnde de\u011ferler e\u011fitimi, de\u011ferlerin s\u0131n\u0131fland\u0131r\u0131lmas\u0131, de\u011fer e\u011fitimi yakla\u015f\u0131mlar\u0131, de\u011ferler e\u011fitiminde temel ilkeler, de\u011ferler e\u011fitiminde ailenin, okulun ve \u00f6\u011fretmenin rol\u00fc, T\u00fcrkiye&#8217;de de\u011ferler e\u011fitimi ile ilgili bilgi verilmi\u015ftir. \u00dc\u00e7\u00fcnc\u00fc b\u00f6l\u00fcmde ise, \u00e7okk\u00fclt\u00fcrl\u00fc e\u011fitime dayal\u0131 olarak ho\u015fg\u00f6r\u00fc, demokrasi, yard\u0131mseverlik, farkl\u0131l\u0131klara sayg\u0131, adil olma, sevgi ve sayg\u0131, bar\u0131\u015f, dayan\u0131\u015fma, empati, al\u00e7ak g\u00f6n\u00fcll\u00fcl\u00fck, merhamet, e\u015fitlik, payla\u015fma de\u011ferleri ile ilgili bilgilere ve \u00f6rnek ders planlar\u0131na yer verilmi\u015ftir.<\/p>\n","protected":false},"excerpt":{"rendered":"<p>Kitab\u0131n birinci b\u00f6l\u00fcm\u00fcnde; k\u00fcresel e\u011fitim ve \u00e7e\u015fitlilik, sosyal adalet ve insan haklar\u0131, \u00e7o\u011fulculuk, \u00e7okk\u00fclt\u00fcrl\u00fcl\u00fck, \u00e7okk\u00fclt\u00fcrl\u00fc e\u011fitim, \u00e7okk\u00fclt\u00fcrl\u00fc e\u011fitimin tarihi, \u00e7okk\u00fclt\u00fcrl\u00fc e\u011fitimin ama\u00e7lar\u0131, d\u00fcnyada \u00e7okk\u00fclt\u00fcrl\u00fc e\u011fitim uygulamalar\u0131,<span class=\"excerpt-hellip\"> [\u2026]<\/span><\/p>\n","protected":false},"featured_media":0,"template":"","meta":{"_monsterinsights_skip_tracking":false,"_monsterinsights_sitenote_active":false,"_monsterinsights_sitenote_note":"","_monsterinsights_sitenote_category":0},"product_brand":[],"product_cat":[12567,12566],"product_tag":[],"class_list":{"0":"post-720536","1":"product","2":"type-product","3":"status-publish","5":"product_cat-diger-egitim","6":"product_cat-egitim","7":"pa_cilt-ciltsiz","8":"pa_tur-kitap","9":"pa_yayinevi-ani-yayincilik","10":"pa_yazar-serkan-aslan-birsel-aybek","12":"first","13":"instock","14":"sale","15":"shipping-taxable","16":"purchasable","17":"product-type-simple"},"_links":{"self":[{"href":"https:\/\/roveyayinevi.com.tr\/index.php\/wp-json\/wp\/v2\/product\/720536","targetHints":{"allow":["GET"]}}],"collection":[{"href":"https:\/\/roveyayinevi.com.tr\/index.php\/wp-json\/wp\/v2\/product"}],"about":[{"href":"https:\/\/roveyayinevi.com.tr\/index.php\/wp-json\/wp\/v2\/types\/product"}],"wp:attachment":[{"href":"https:\/\/roveyayinevi.com.tr\/index.php\/wp-json\/wp\/v2\/media?parent=720536"}],"wp:term":[{"taxonomy":"product_brand","embeddable":true,"href":"https:\/\/roveyayinevi.com.tr\/index.php\/wp-json\/wp\/v2\/product_brand?post=720536"},{"taxonomy":"product_cat","embeddable":true,"href":"https:\/\/roveyayinevi.com.tr\/index.php\/wp-json\/wp\/v2\/product_cat?post=720536"},{"taxonomy":"product_tag","embeddable":true,"href":"https:\/\/roveyayinevi.com.tr\/index.php\/wp-json\/wp\/v2\/product_tag?post=720536"}],"curies":[{"name":"wp","href":"https:\/\/api.w.org\/{rel}","templated":true}]}}